{"id":11,"date":"2026-03-13T15:12:28","date_gmt":"2026-03-13T15:12:28","guid":{"rendered":"https:\/\/us-places.com\/?page_id=11"},"modified":"2026-04-21T15:22:04","modified_gmt":"2026-04-21T08:22:04","slug":"gioi-thieu","status":"publish","type":"page","link":"https:\/\/us-places.com\/index.php\/gioi-thieu\/","title":{"rendered":"Gi\u1edbi Thi\u1ec7u"},"content":{"rendered":"<p><span style=\"font-weight: 400;\">Gi\u1edbi thi\u1ec7u <a href=\"\/\">Xoilac<\/a> \u2013 n\u01a1i nh\u1eefng nh\u1ecbp \u0111\u1eadp cu\u1ed3ng nhi\u1ec7t c\u1ee7a b\u00f3ng \u0111\u00e1 h\u1ed9i t\u1ee5 tr\u00ean t\u1eebng \u0111\u01b0\u1eddng truy\u1ec1n tr\u1ef1c tuy\u1ebfn. Ch\u00fang t\u00f4i t\u1ea1o ra n\u1ec1n t\u1ea3ng \u0111\u1ec3 ng\u01b0\u1eddi h\u00e2m m\u1ed9 d\u1ec5 d\u00e0ng th\u01b0\u1edfng th\u1ee9c c\u00e1c tr\u1eadn c\u1ea7u \u0111\u1ec9nh cao v\u1edbi h\u00ecnh \u1ea3nh m\u01b0\u1ee3t m\u00e0, t\u1ed1c \u0111\u1ed9 \u1ed5n \u0111\u1ecbnh v\u00e0 kh\u00f4ng kh\u00ed s\u00f4i \u0111\u1ed9ng nh\u01b0 \u0111ang \u1edf kh\u00e1n \u0111\u00e0i. T\u1ea1i Xoilac, m\u1ed7i tr\u1eadn \u0111\u1ea5u kh\u00f4ng ch\u1ec9 \u0111\u1ec3 xem m\u00e0 c\u00f2n \u0111\u1ec3 c\u1ea3m nh\u1eadn tr\u1ecdn v\u1eb9n \u0111am m\u00ea b\u00f3ng \u0111\u00e1.<\/span><\/p>\n<h2><span style=\"font-weight: 400;\">Gi\u1edbi thi\u1ec7u \u0111\u00f4i n\u00e9t th\u00f4ng tin c\u01a1 b\u1ea3n v\u1ec1 Xoilac<\/span><\/h2>\n<p><span style=\"font-weight: 400;\">Xoilac l\u00e0 m\u1ed9t website xem b\u00f3ng \u0111\u00e1 tr\u1ef1c tuy\u1ebfn quen thu\u1ed9c v\u1edbi c\u1ed9ng \u0111\u1ed3ng ng\u01b0\u1eddi h\u00e2m m\u1ed9 t\u1ea1i Vi\u1ec7t Nam, cung c\u1ea5p c\u00e1c tr\u1eadn \u0111\u1ea5u h\u1ea5p d\u1eabn t\u1eeb nhi\u1ec1u gi\u1ea3i \u0111\u1ea5u l\u1edbn tr\u00ean th\u1ebf gi\u1edbi. N\u1ec1n t\u1ea3ng n\u00e0y cho ph\u00e9p ng\u01b0\u1eddi d\u00f9ng theo d\u00f5i b\u00f3ng \u0111\u00e1 ho\u00e0n to\u00e0n mi\u1ec5n ph\u00ed v\u1edbi ch\u1ea5t l\u01b0\u1ee3ng h\u00ecnh \u1ea3nh s\u1eafc n\u00e9t, \u0111\u01b0\u1eddng truy\u1ec1n \u1ed5n \u0111\u1ecbnh v\u00e0 b\u00ecnh lu\u1eadn ti\u1ebfng Vi\u1ec7t s\u00f4i \u0111\u1ed9ng, mang \u0111\u1ebfn tr\u1ea3i nghi\u1ec7m g\u1ea7n g\u0169i nh\u01b0 \u0111ang theo d\u00f5i tr\u1ef1c ti\u1ebfp tr\u00ean s\u00e2n c\u1ecf.<\/span><\/p>\n<figure id=\"attachment_22\" aria-describedby=\"caption-attachment-22\" style=\"width: 800px\" class=\"wp-caption aligncenter\"><img loading=\"lazy\" decoding=\"async\" class=\"size-full wp-image-22\" src=\"https:\/\/us-places.com\/wp-content\/uploads\/2026\/03\/gioi-thieu-4-1.jpg\" alt=\"Gi\u1edbi thi\u1ec7u \u0111\u00f4i n\u00e9t th\u00f4ng tin c\u01a1 b\u1ea3n v\u1ec1 Xoilac\" width=\"800\" height=\"450\" srcset=\"https:\/\/us-places.com\/wp-content\/uploads\/2026\/03\/gioi-thieu-4-1.jpg 800w, https:\/\/us-places.com\/wp-content\/uploads\/2026\/03\/gioi-thieu-4-1-300x169.jpg 300w, https:\/\/us-places.com\/wp-content\/uploads\/2026\/03\/gioi-thieu-4-1-768x432.jpg 768w\" sizes=\"auto, (max-width: 800px) 100vw, 800px\" \/><figcaption id=\"caption-attachment-22\" class=\"wp-caption-text\">Gi\u1edbi thi\u1ec7u \u0111\u00f4i n\u00e9t th\u00f4ng tin c\u01a1 b\u1ea3n v\u1ec1 Xoilac<\/figcaption><\/figure>\n<p><span style=\"font-weight: 400;\">Ra \u0111\u1eddi t\u1eeb kho\u1ea3ng n\u0103m 2014, Xoilac ban \u0111\u1ea7u ch\u1ec9 l\u00e0 m\u1ed9t trang c\u1eadp nh\u1eadt tin t\u1ee9c th\u1ec3 thao, sau \u0111\u00f3 ph\u00e1t tri\u1ec3n m\u1ea1nh m\u1ebd th\u00e0nh n\u1ec1n t\u1ea3ng ph\u00e1t s\u00f3ng b\u00f3ng \u0111\u00e1 tr\u1ef1c ti\u1ebfp ph\u1ee5c v\u1ee5 \u0111\u00f4ng \u0111\u1ea3o ng\u01b0\u1eddi xem. Qua nhi\u1ec1u n\u0103m ho\u1ea1t \u0111\u1ed9ng, website \u0111\u00e3 d\u1ea7n ho\u00e0n thi\u1ec7n h\u1ec7 th\u1ed1ng v\u1edbi nhi\u1ec1u t\u00ednh n\u0103ng h\u1eefu \u00edch nh\u01b0 l\u1ecbch thi \u0111\u1ea5u, highlight, tin t\u1ee9c b\u00f3ng \u0111\u00e1 v\u00e0 c\u00e1c chuy\u00ean m\u1ee5c ph\u00e2n t\u00edch tr\u1eadn \u0111\u1ea5u.<\/span><\/p>\n<p><span style=\"font-weight: 400;\">\u0110i\u1ec3m n\u1ed5i b\u1eadt c\u1ee7a Xoilac \u0111\u01b0\u1ee3c gi\u1edbi thi\u1ec7u n\u1eb1m \u1edf kh\u1ea3 n\u0103ng c\u1eadp nh\u1eadt nhanh c\u00e1c tr\u1eadn c\u1ea7u \u0111\u1ec9nh cao t\u1eeb nhi\u1ec1u gi\u1ea3i \u0111\u1ea5u l\u1edbn nh\u01b0 Ngo\u1ea1i h\u1ea1ng Anh, Champions League, La Liga hay Serie A. Ng\u01b0\u1eddi d\u00f9ng ch\u1ec9 c\u1ea7n truy c\u1eadp trang web l\u00e0 c\u00f3 th\u1ec3 d\u1ec5 d\u00e0ng t\u00ecm th\u1ea5y link xem tr\u1ef1c ti\u1ebfp, theo d\u00f5i tr\u1eadn \u0111\u1ea5u v\u00e0 h\u00f2a m\u00ecnh v\u00e0o kh\u00f4ng kh\u00ed s\u00f4i \u0111\u1ed9ng c\u1ee7a b\u00f3ng \u0111\u00e1 to\u00e0n c\u1ea7u.<\/span><\/p>\n<p><span style=\"font-weight: 400;\">Nh\u1edd s\u1ef1 ti\u1ec7n l\u1ee3i, mi\u1ec5n ph\u00ed v\u00e0 n\u1ed9i dung phong ph\u00fa, Xoilac d\u1ea7n tr\u1edf th\u00e0nh \u0111\u1ecba ch\u1ec9 quen thu\u1ed9c c\u1ee7a nhi\u1ec1u ng\u01b0\u1eddi y\u00eau b\u00f3ng \u0111\u00e1, n\u01a1i h\u1ecd c\u00f3 th\u1ec3 theo d\u00f5i nh\u1eefng tr\u1eadn c\u1ea7u h\u1ea5p d\u1eabn m\u1ed7i ng\u00e0y v\u00e0 c\u1eadp nh\u1eadt \u0111\u1ea7y \u0111\u1ee7 th\u00f4ng tin v\u1ec1 th\u1ebf gi\u1edbi t\u00fac c\u1ea7u.<\/span><\/p>\n<h2><span style=\"font-weight: 400;\">Ti\u00eau chu\u1ea9n v\u1eadn h\u00e0nh h\u1ec7 th\u1ed1ng tr\u1ef1c ti\u1ebfp b\u00f3ng \u0111\u00e1 c\u1ee7a Xoilac<\/span><\/h2>\n<p><span style=\"font-weight: 400;\">\u0110\u1ec3 m\u1ed7i tr\u1eadn \u0111\u1ea5u di\u1ec5n ra m\u01b0\u1ee3t m\u00e0 v\u00e0 tr\u1ecdn v\u1eb9n c\u1ea3m x\u00fac, ch\u00fang t\u00f4i x\u00e2y d\u1ef1ng h\u1ec7 th\u1ed1ng tr\u1ef1c ti\u1ebfp b\u00f3ng \u0111\u00e1 d\u1ef1a tr\u00ean nh\u1eefng ti\u00eau chu\u1ea9n v\u1eadn h\u00e0nh r\u00f5 r\u00e0ng. Kh\u00f4ng ch\u1ec9 ch\u00fa tr\u1ecdng c\u00f4ng ngh\u1ec7 ph\u00e1t s\u00f3ng, gi\u1edbi thi\u1ec7u Xoilac c\u00f2n t\u1eadp trung t\u1ed1i \u01b0u tr\u1ea3i nghi\u1ec7m ng\u01b0\u1eddi xem, t\u1eeb t\u1ed1c \u0111\u1ed9 t\u1ea3i trang cho \u0111\u1ebfn ch\u1ea5t l\u01b0\u1ee3ng h\u00ecnh \u1ea3nh v\u00e0 kh\u1ea3 n\u0103ng truy c\u1eadp \u1ed5n \u0111\u1ecbnh trong gi\u1edd cao \u0111i\u1ec3m.<\/span><\/p>\n<figure id=\"attachment_23\" aria-describedby=\"caption-attachment-23\" style=\"width: 800px\" class=\"wp-caption aligncenter\"><img loading=\"lazy\" decoding=\"async\" class=\"size-full wp-image-23\" src=\"https:\/\/us-places.com\/wp-content\/uploads\/2026\/03\/gioi-thieu-4-2.jpg\" alt=\"Ti\u00eau chu\u1ea9n v\u1eadn h\u00e0nh h\u1ec7 th\u1ed1ng tr\u1ef1c ti\u1ebfp b\u00f3ng \u0111\u00e1 c\u1ee7a Xoilac\" width=\"800\" height=\"450\" srcset=\"https:\/\/us-places.com\/wp-content\/uploads\/2026\/03\/gioi-thieu-4-2.jpg 800w, https:\/\/us-places.com\/wp-content\/uploads\/2026\/03\/gioi-thieu-4-2-300x169.jpg 300w, https:\/\/us-places.com\/wp-content\/uploads\/2026\/03\/gioi-thieu-4-2-768x432.jpg 768w\" sizes=\"auto, (max-width: 800px) 100vw, 800px\" \/><figcaption id=\"caption-attachment-23\" class=\"wp-caption-text\">Ti\u00eau chu\u1ea9n v\u1eadn h\u00e0nh h\u1ec7 th\u1ed1ng tr\u1ef1c ti\u1ebfp b\u00f3ng \u0111\u00e1 c\u1ee7a Xoilac<\/figcaption><\/figure>\n<h3><span style=\"font-weight: 400;\">C\u00f4ng ngh\u1ec7 ph\u00e1t s\u00f3ng t\u1ed1i \u01b0u cho tr\u1ea3i nghi\u1ec7m m\u01b0\u1ee3t m\u00e0<\/span><\/h3>\n<p><span style=\"font-weight: 400;\">T\u1ea1i Xoilac, m\u1ed7i tr\u1eadn \u0111\u1ea5u \u0111\u1ec1u \u0111\u01b0\u1ee3c truy\u1ec1n t\u1ea3i b\u1eb1ng h\u1ec7 th\u1ed1ng c\u00f4ng ngh\u1ec7 ph\u00e1t s\u00f3ng \u0111\u01b0\u1ee3c t\u1ed1i \u01b0u nh\u1eb1m h\u1ea1n ch\u1ebf t\u1ed1i \u0111a hi\u1ec7n t\u01b0\u1ee3ng gi\u1eadt, lag hay \u0111\u1ee9ng h\u00ecnh. Ch\u00fang t\u00f4i \u01b0u ti\u00ean ch\u1ea5t l\u01b0\u1ee3ng video HD ho\u1eb7c cao h\u01a1n \u0111\u1ec3 ng\u01b0\u1eddi xem c\u00f3 th\u1ec3 theo d\u00f5i t\u1eebng pha b\u00f3ng r\u00f5 n\u00e9t. Nh\u1edd h\u1ec7 th\u1ed1ng m\u00e3 h\u00f3a v\u00e0 x\u1eed l\u00fd t\u00edn hi\u1ec7u hi\u1ec7n \u0111\u1ea1i, qu\u00e1 tr\u00ecnh truy\u1ec1n t\u1ea3i di\u1ec5n ra \u1ed5n \u0111\u1ecbnh, gi\u00fap ng\u01b0\u1eddi h\u00e2m m\u1ed9 t\u1eadn h\u01b0\u1edfng tr\u1eadn \u0111\u1ea5u li\u1ec1n m\u1ea1ch t\u1eeb ph\u00fat \u0111\u1ea7u \u0111\u1ebfn ph\u00fat cu\u1ed1i.<\/span><\/p>\n<h3><span style=\"font-weight: 400;\">H\u1ea1 t\u1ea7ng m\u00e1y ch\u1ee7 m\u1ea1nh, \u0111\u00e1p \u1ee9ng l\u01b0\u1ee3ng truy c\u1eadp l\u1edbn<\/span><\/h3>\n<p><span style=\"font-weight: 400;\">M\u1ed9t tr\u1eadn c\u1ea7u l\u1edbn c\u00f3 th\u1ec3 thu h\u00fat h\u00e0ng ngh\u00ecn ng\u01b0\u1eddi xem c\u00f9ng l\u00fac, v\u00ec v\u1eady h\u1ec7 th\u1ed1ng m\u00e1y ch\u1ee7 c\u1ee7a Xoilac \u0111\u01b0\u1ee3c thi\u1ebft k\u1ebf \u0111\u1ec3 x\u1eed l\u00fd l\u01b0u l\u01b0\u1ee3ng truy c\u1eadp cao. Ch\u00fang t\u00f4i ph\u00e2n b\u1ed5 nhi\u1ec1u server v\u00e0 t\u1ed1i \u01b0u \u0111\u01b0\u1eddng truy\u1ec1n nh\u1eb1m \u0111\u1ea3m b\u1ea3o t\u1ed1c \u0111\u1ed9 t\u1ea3i trang nhanh, k\u1ec3 c\u1ea3 khi c\u00e1c tr\u1eadn \u0111\u1ea5u \u201cn\u00f3ng\u201d di\u1ec5n ra. Vi\u1ec7c \u0111\u1ea7u t\u01b0 h\u1ea1 t\u1ea7ng gi\u00fap website ho\u1ea1t \u0111\u1ed9ng \u1ed5n \u0111\u1ecbnh, mang l\u1ea1i tr\u1ea3i nghi\u1ec7m xem b\u00f3ng \u0111\u00e1 tr\u1ef1c tuy\u1ebfn m\u01b0\u1ee3t m\u00e0 cho ng\u01b0\u1eddi h\u00e2m m\u1ed9.<\/span><\/p>\n<h3><span style=\"font-weight: 400;\">H\u1ec7 th\u1ed1ng link d\u1ef1 ph\u00f2ng v\u00e0 ki\u1ec3m so\u00e1t k\u1ef9 thu\u1eadt li\u00ean t\u1ee5c<\/span><\/h3>\n<p><span style=\"font-weight: 400;\">\u0110\u1ec3 h\u1ea1n ch\u1ebf gi\u00e1n \u0111o\u1ea1n khi ph\u00e1t s\u00f3ng, m\u1ed7i tr\u1eadn \u0111\u1ea5u tr\u00ean Xoilac th\u01b0\u1eddng \u0111\u01b0\u1ee3c chu\u1ea9n b\u1ecb nhi\u1ec1u \u0111\u01b0\u1eddng link xem kh\u00e1c nhau. Ng\u01b0\u1eddi d\u00f9ng c\u00f3 th\u1ec3 d\u1ec5 d\u00e0ng chuy\u1ec3n sang link kh\u00e1c n\u1ebfu g\u1eb7p s\u1ef1 c\u1ed1 k\u1ebft n\u1ed1i. Song song v\u1edbi \u0111\u00f3, \u0111\u1ed9i ng\u0169 k\u1ef9 thu\u1eadt lu\u00f4n theo d\u00f5i h\u1ec7 th\u1ed1ng trong su\u1ed1t th\u1eddi gian tr\u1eadn \u0111\u1ea5u di\u1ec5n ra nh\u1eb1m k\u1ecbp th\u1eddi x\u1eed l\u00fd l\u1ed7i ph\u00e1t sinh, \u0111\u1ea3m b\u1ea3o qu\u00e1 tr\u00ecnh xem b\u00f3ng \u0111\u00e1 di\u1ec5n ra tr\u1ecdn v\u1eb9n v\u00e0 thu\u1eadn ti\u1ec7n nh\u1ea5t.<\/span><\/p>\n<h2><span style=\"font-weight: 400;\">C\u00e1c t\u00ednh n\u0103ng v\u01b0\u1ee3t tr\u1ed9i kh\u00e1c<\/span><\/h2>\n<p><span style=\"font-weight: 400;\">B\u00ean c\u1ea1nh h\u1ec7 th\u1ed1ng ph\u00e1t s\u00f3ng tr\u1ef1c ti\u1ebfp \u1ed5n \u0111\u1ecbnh, Xoilac c\u00f2n gi\u1edbi thi\u1ec7u nhi\u1ec1u ti\u1ec7n \u00edch gi\u00fap ng\u01b0\u1eddi h\u00e2m m\u1ed9 theo d\u00f5i b\u00f3ng \u0111\u00e1 thu\u1eadn ti\u1ec7n v\u00e0 \u0111\u1ea7y \u0111\u1ee7 h\u01a1n. Tr\u00ean n\u1ec1n t\u1ea3ng, ng\u01b0\u1eddi xem c\u00f3 th\u1ec3 d\u1ec5 d\u00e0ng tra c\u1ee9u l\u1ecbch thi \u0111\u1ea5u, b\u1ea3ng x\u1ebfp h\u1ea1ng, k\u1ebft qu\u1ea3 tr\u1eadn \u0111\u1ea5u c\u0169ng nh\u01b0 nh\u1eefng tin t\u1ee9c n\u00f3ng h\u1ed5i v\u1ec1 th\u1ebf gi\u1edbi t\u00fac c\u1ea7u. Nh\u1eefng d\u1eef li\u1ec7u n\u00e0y \u0111\u01b0\u1ee3c c\u1eadp nh\u1eadt li\u00ean t\u1ee5c theo th\u1eddi gian th\u1ef1c, gi\u00fap ng\u01b0\u1eddi d\u00f9ng nhanh ch\u00f3ng n\u1eafm b\u1eaft t\u00ecnh h\u00ecnh c\u1ee7a t\u1eebng gi\u1ea3i \u0111\u1ea5u.<\/span><\/p>\n<p><span style=\"font-weight: 400;\">Ngo\u00e0i ra, Xoilac c\u00f2n cung c\u1ea5p video highlight \u0111\u1ec3 ng\u01b0\u1eddi xem c\u00f3 th\u1ec3 xem l\u1ea1i nh\u1eefng pha b\u00f3ng \u0111\u1eb9p, b\u00e0n th\u1eafng \u1ea5n t\u01b0\u1ee3ng hay kho\u1ea3nh kh\u1eafc \u0111\u00e1ng nh\u1edb sau m\u1ed7i tr\u1eadn \u0111\u1ea5u. T\u00ednh n\u0103ng n\u00e0y \u0111\u1eb7c bi\u1ec7t h\u1eefu \u00edch v\u1edbi nh\u1eefng ai kh\u00f4ng th\u1ec3 theo d\u00f5i tr\u1eadn \u0111\u1ea5u tr\u1ef1c ti\u1ebfp nh\u01b0ng v\u1eabn mu\u1ed1n c\u1eadp nh\u1eadt di\u1ec5n bi\u1ebfn quan tr\u1ecdng.<\/span><\/p>\n<p><span style=\"font-weight: 400;\">Kh\u00f4ng d\u1eebng l\u1ea1i \u1edf \u0111\u00f3, n\u1ec1n t\u1ea3ng c\u00f2n x\u00e2y d\u1ef1ng nhi\u1ec1u chuy\u00ean m\u1ee5c nh\u01b0 nh\u1eadn \u0111\u1ecbnh tr\u1eadn \u0111\u1ea5u, ph\u00e2n t\u00edch phong \u0111\u1ed9 \u0111\u1ed9i b\u00f3ng v\u00e0 c\u00e1c th\u00f4ng tin b\u00ean l\u1ec1 s\u00e2n c\u1ecf. Nh\u1edd h\u1ec7 th\u1ed1ng ti\u1ec7n \u00edch \u0111a d\u1ea1ng n\u00e0y, Xoilac kh\u00f4ng ch\u1ec9 l\u00e0 n\u01a1i xem b\u00f3ng \u0111\u00e1 tr\u1ef1c tuy\u1ebfn m\u00e0 c\u00f2n tr\u1edf th\u00e0nh ngu\u1ed3n th\u00f4ng tin to\u00e0n di\u1ec7n d\u00e0nh cho c\u1ed9ng \u0111\u1ed3ng ng\u01b0\u1eddi y\u00eau b\u00f3ng \u0111\u00e1.<\/span><\/p>\n<p>Xem th\u00eam: <a href=\"\/lich-thi-dau\/\">L\u1ecbch thi \u0111\u1ea5u<\/a><\/p>\n<h2><span style=\"font-weight: 400;\">L\u1eddi k\u1ebft<\/span><\/h2>\n<p><span style=\"font-weight: 400;\">Qua nh\u1eefng th\u00f4ng tin tr\u00ean, b\u00e0i vi\u1ebft \u0111\u00e3 <a href=\"\/gioi-thieu\/\">gi\u1edbi thi\u1ec7u<\/a> t\u1ed5ng quan v\u1ec1 Xoilac \u2013 n\u1ec1n t\u1ea3ng xem b\u00f3ng \u0111\u00e1 tr\u1ef1c tuy\u1ebfn \u0111\u01b0\u1ee3c nhi\u1ec1u ng\u01b0\u1eddi h\u00e2m m\u1ed9 l\u1ef1a ch\u1ecdn. V\u1edbi h\u1ec7 th\u1ed1ng \u1ed5n \u0111\u1ecbnh, n\u1ed9i dung phong ph\u00fa v\u00e0 tr\u1ea3i nghi\u1ec7m m\u01b0\u1ee3t m\u00e0, ch\u00fang t\u00f4i mong mu\u1ed1n mang \u0111\u1ebfn kh\u00f4ng gian theo d\u00f5i b\u00f3ng \u0111\u00e1 h\u1ea5p d\u1eabn m\u1ed7i ng\u00e0y.<\/span><\/p>\n","protected":false},"excerpt":{"rendered":"<p>Gi\u1edbi thi\u1ec7u Xoilac \u2013 n\u01a1i nh\u1eefng nh\u1ecbp \u0111\u1eadp cu\u1ed3ng nhi\u1ec7t c\u1ee7a b\u00f3ng \u0111\u00e1 h\u1ed9i t\u1ee5 tr\u00ean t\u1eebng \u0111\u01b0\u1eddng truy\u1ec1n tr\u1ef1c tuy\u1ebfn. Ch\u00fang t\u00f4i t\u1ea1o ra n\u1ec1n t\u1ea3ng \u0111\u1ec3 ng\u01b0\u1eddi h\u00e2m m\u1ed9 d\u1ec5 d\u00e0ng th\u01b0\u1edfng th\u1ee9c c\u00e1c tr\u1eadn c\u1ea7u \u0111\u1ec9nh cao v\u1edbi h\u00ecnh \u1ea3nh m\u01b0\u1ee3t m\u00e0, t\u1ed1c \u0111\u1ed9 \u1ed5n \u0111\u1ecbnh v\u00e0 kh\u00f4ng kh\u00ed s\u00f4i \u0111\u1ed9ng nh\u01b0 [&#8230;]\n","protected":false},"author":1,"featured_media":14,"parent":0,"menu_order":0,"comment_status":"closed","ping_status":"closed","template":"","meta":{"footnotes":""},"class_list":["post-11","page","type-page","status-publish","has-post-thumbnail","hentry"],"yoast_head":"<!-- This site is optimized with the Yoast SEO plugin v27.1.1 - https:\/\/yoast.com\/product\/yoast-seo-wordpress\/ -->\n<title>Gi\u1edbi Thi\u1ec7u<\/title>\n<meta name=\"description\" content=\"Gi\u1edbi thi\u1ec7u Xoilac \u2013 n\u1ec1n t\u1ea3ng xem b\u00f3ng \u0111\u00e1 tr\u1ef1c tuy\u1ebfn n\u01a1i m\u1ecdi tr\u1eadn c\u1ea7u \u0111\u1ec9nh cao b\u00f9ng n\u1ed5 v\u1edbi t\u1ed1c \u0111\u1ed9 m\u01b0\u1ee3t m\u00e0, h\u00ecnh \u1ea3nh s\u1eafc n\u00e9t\" \/>\n<meta name=\"robots\" content=\"index, follow, max-snippet:-1, max-image-preview:large, max-video-preview:-1\" \/>\n<link rel=\"canonical\" href=\"https:\/\/us-places.com\/index.php\/gioi-thieu\/\" \/>\n<meta property=\"og:locale\" content=\"vi_VN\" \/>\n<meta property=\"og:type\" content=\"article\" \/>\n<meta property=\"og:title\" content=\"Gi\u1edbi Thi\u1ec7u\" \/>\n<meta property=\"og:description\" content=\"Gi\u1edbi thi\u1ec7u Xoilac \u2013 n\u1ec1n t\u1ea3ng xem b\u00f3ng \u0111\u00e1 tr\u1ef1c tuy\u1ebfn n\u01a1i m\u1ecdi tr\u1eadn c\u1ea7u \u0111\u1ec9nh cao b\u00f9ng n\u1ed5 v\u1edbi t\u1ed1c \u0111\u1ed9 m\u01b0\u1ee3t m\u00e0, h\u00ecnh \u1ea3nh s\u1eafc n\u00e9t\" \/>\n<meta property=\"og:url\" content=\"https:\/\/us-places.com\/index.php\/gioi-thieu\/\" \/>\n<meta property=\"og:site_name\" content=\"Xoilac TV - Tr\u1ef1c Ti\u1ebfp B\u00f3ng \u0110\u00e1 Full HD - Tructiepbongda 90phut\" \/>\n<meta property=\"article:modified_time\" content=\"2026-04-21T08:22:04+00:00\" \/>\n<meta property=\"og:image\" content=\"https:\/\/us-places.com\/wp-content\/uploads\/2026\/03\/gioi-thieu-4.jpg\" \/>\n\t<meta property=\"og:image:width\" content=\"800\" \/>\n\t<meta property=\"og:image:height\" content=\"450\" \/>\n\t<meta property=\"og:image:type\" content=\"image\/jpeg\" \/>\n<meta name=\"twitter:card\" content=\"summary_large_image\" \/>\n<meta name=\"twitter:label1\" content=\"\u01af\u1edbc t\u00ednh th\u1eddi gian \u0111\u1ecdc\" \/>\n\t<meta name=\"twitter:data1\" content=\"7 ph\u00fat\" \/>\n<script type=\"application\/ld+json\" class=\"yoast-schema-graph\">{\"@context\":\"https:\/\/schema.org\",\"@graph\":[{\"@type\":\"WebPage\",\"@id\":\"https:\/\/us-places.com\/index.php\/gioi-thieu\/\",\"url\":\"https:\/\/us-places.com\/index.php\/gioi-thieu\/\",\"name\":\"Gi\u1edbi Thi\u1ec7u\",\"isPartOf\":{\"@id\":\"https:\/\/us-places.com\/#website\"},\"primaryImageOfPage\":{\"@id\":\"https:\/\/us-places.com\/index.php\/gioi-thieu\/#primaryimage\"},\"image\":{\"@id\":\"https:\/\/us-places.com\/index.php\/gioi-thieu\/#primaryimage\"},\"thumbnailUrl\":\"https:\/\/us-places.com\/wp-content\/uploads\/2026\/03\/gioi-thieu-4.jpg\",\"datePublished\":\"2026-03-13T15:12:28+00:00\",\"dateModified\":\"2026-04-21T08:22:04+00:00\",\"description\":\"Gi\u1edbi thi\u1ec7u Xoilac \u2013 n\u1ec1n t\u1ea3ng xem b\u00f3ng \u0111\u00e1 tr\u1ef1c tuy\u1ebfn n\u01a1i m\u1ecdi tr\u1eadn c\u1ea7u \u0111\u1ec9nh cao b\u00f9ng n\u1ed5 v\u1edbi t\u1ed1c \u0111\u1ed9 m\u01b0\u1ee3t m\u00e0, h\u00ecnh \u1ea3nh s\u1eafc n\u00e9t\",\"breadcrumb\":{\"@id\":\"https:\/\/us-places.com\/index.php\/gioi-thieu\/#breadcrumb\"},\"inLanguage\":\"vi\",\"potentialAction\":[{\"@type\":\"ReadAction\",\"target\":[\"https:\/\/us-places.com\/index.php\/gioi-thieu\/\"]}]},{\"@type\":\"ImageObject\",\"inLanguage\":\"vi\",\"@id\":\"https:\/\/us-places.com\/index.php\/gioi-thieu\/#primaryimage\",\"url\":\"https:\/\/us-places.com\/wp-content\/uploads\/2026\/03\/gioi-thieu-4.jpg\",\"contentUrl\":\"https:\/\/us-places.com\/wp-content\/uploads\/2026\/03\/gioi-thieu-4.jpg\",\"width\":800,\"height\":450,\"caption\":\"Gi\u1edbi thi\u1ec7u\"},{\"@type\":\"BreadcrumbList\",\"@id\":\"https:\/\/us-places.com\/index.php\/gioi-thieu\/#breadcrumb\",\"itemListElement\":[{\"@type\":\"ListItem\",\"position\":1,\"name\":\"Trang ch\u1ee7\",\"item\":\"https:\/\/us-places.com\/\"},{\"@type\":\"ListItem\",\"position\":2,\"name\":\"Gi\u1edbi Thi\u1ec7u\"}]},{\"@type\":\"WebSite\",\"@id\":\"https:\/\/us-places.com\/#website\",\"url\":\"https:\/\/us-places.com\/\",\"name\":\"Xoilac TV - Tr\u1ef1c Ti\u1ebfp B\u00f3ng \u0110\u00e1 Full HD - Tructiepbongda 90phut\",\"description\":\"Xoilac TV\",\"publisher\":{\"@id\":\"https:\/\/us-places.com\/#organization\"},\"potentialAction\":[{\"@type\":\"SearchAction\",\"target\":{\"@type\":\"EntryPoint\",\"urlTemplate\":\"https:\/\/us-places.com\/?s={search_term_string}\"},\"query-input\":{\"@type\":\"PropertyValueSpecification\",\"valueRequired\":true,\"valueName\":\"search_term_string\"}}],\"inLanguage\":\"vi\"},{\"@type\":\"Organization\",\"@id\":\"https:\/\/us-places.com\/#organization\",\"name\":\"Xoilac TV\",\"alternateName\":\"Tr\u1ef1c ti\u1ebfp b\u00f3ng \u0111\u00e1 xoilac tv\",\"url\":\"https:\/\/us-places.com\/\",\"logo\":{\"@type\":\"ImageObject\",\"inLanguage\":\"vi\",\"@id\":\"https:\/\/us-places.com\/#\/schema\/logo\/image\/\",\"url\":\"https:\/\/us-places.com\/wp-content\/uploads\/2026\/04\/xoilac365-tv.png\",\"contentUrl\":\"https:\/\/us-places.com\/wp-content\/uploads\/2026\/04\/xoilac365-tv.png\",\"width\":512,\"height\":512,\"caption\":\"Xoilac TV\"},\"image\":{\"@id\":\"https:\/\/us-places.com\/#\/schema\/logo\/image\/\"}}]}<\/script>\n<!-- \/ Yoast SEO plugin. -->","yoast_head_json":{"title":"Gi\u1edbi Thi\u1ec7u","description":"Gi\u1edbi thi\u1ec7u Xoilac \u2013 n\u1ec1n t\u1ea3ng xem b\u00f3ng \u0111\u00e1 tr\u1ef1c tuy\u1ebfn n\u01a1i m\u1ecdi tr\u1eadn c\u1ea7u \u0111\u1ec9nh cao b\u00f9ng n\u1ed5 v\u1edbi t\u1ed1c \u0111\u1ed9 m\u01b0\u1ee3t m\u00e0, h\u00ecnh \u1ea3nh s\u1eafc n\u00e9t","robots":{"index":"index","follow":"follow","max-snippet":"max-snippet:-1","max-image-preview":"max-image-preview:large","max-video-preview":"max-video-preview:-1"},"canonical":"https:\/\/us-places.com\/index.php\/gioi-thieu\/","og_locale":"vi_VN","og_type":"article","og_title":"Gi\u1edbi Thi\u1ec7u","og_description":"Gi\u1edbi thi\u1ec7u Xoilac \u2013 n\u1ec1n t\u1ea3ng xem b\u00f3ng \u0111\u00e1 tr\u1ef1c tuy\u1ebfn n\u01a1i m\u1ecdi tr\u1eadn c\u1ea7u \u0111\u1ec9nh cao b\u00f9ng n\u1ed5 v\u1edbi t\u1ed1c \u0111\u1ed9 m\u01b0\u1ee3t m\u00e0, h\u00ecnh \u1ea3nh s\u1eafc n\u00e9t","og_url":"https:\/\/us-places.com\/index.php\/gioi-thieu\/","og_site_name":"Xoilac TV - Tr\u1ef1c Ti\u1ebfp B\u00f3ng \u0110\u00e1 Full HD - Tructiepbongda 90phut","article_modified_time":"2026-04-21T08:22:04+00:00","og_image":[{"width":800,"height":450,"url":"https:\/\/us-places.com\/wp-content\/uploads\/2026\/03\/gioi-thieu-4.jpg","type":"image\/jpeg"}],"twitter_card":"summary_large_image","twitter_misc":{"\u01af\u1edbc t\u00ednh th\u1eddi gian \u0111\u1ecdc":"7 ph\u00fat"},"schema":{"@context":"https:\/\/schema.org","@graph":[{"@type":"WebPage","@id":"https:\/\/us-places.com\/index.php\/gioi-thieu\/","url":"https:\/\/us-places.com\/index.php\/gioi-thieu\/","name":"Gi\u1edbi Thi\u1ec7u","isPartOf":{"@id":"https:\/\/us-places.com\/#website"},"primaryImageOfPage":{"@id":"https:\/\/us-places.com\/index.php\/gioi-thieu\/#primaryimage"},"image":{"@id":"https:\/\/us-places.com\/index.php\/gioi-thieu\/#primaryimage"},"thumbnailUrl":"https:\/\/us-places.com\/wp-content\/uploads\/2026\/03\/gioi-thieu-4.jpg","datePublished":"2026-03-13T15:12:28+00:00","dateModified":"2026-04-21T08:22:04+00:00","description":"Gi\u1edbi thi\u1ec7u Xoilac \u2013 n\u1ec1n t\u1ea3ng xem b\u00f3ng \u0111\u00e1 tr\u1ef1c tuy\u1ebfn n\u01a1i m\u1ecdi tr\u1eadn c\u1ea7u \u0111\u1ec9nh cao b\u00f9ng n\u1ed5 v\u1edbi t\u1ed1c \u0111\u1ed9 m\u01b0\u1ee3t m\u00e0, h\u00ecnh \u1ea3nh s\u1eafc n\u00e9t","breadcrumb":{"@id":"https:\/\/us-places.com\/index.php\/gioi-thieu\/#breadcrumb"},"inLanguage":"vi","potentialAction":[{"@type":"ReadAction","target":["https:\/\/us-places.com\/index.php\/gioi-thieu\/"]}]},{"@type":"ImageObject","inLanguage":"vi","@id":"https:\/\/us-places.com\/index.php\/gioi-thieu\/#primaryimage","url":"https:\/\/us-places.com\/wp-content\/uploads\/2026\/03\/gioi-thieu-4.jpg","contentUrl":"https:\/\/us-places.com\/wp-content\/uploads\/2026\/03\/gioi-thieu-4.jpg","width":800,"height":450,"caption":"Gi\u1edbi thi\u1ec7u"},{"@type":"BreadcrumbList","@id":"https:\/\/us-places.com\/index.php\/gioi-thieu\/#breadcrumb","itemListElement":[{"@type":"ListItem","position":1,"name":"Trang ch\u1ee7","item":"https:\/\/us-places.com\/"},{"@type":"ListItem","position":2,"name":"Gi\u1edbi Thi\u1ec7u"}]},{"@type":"WebSite","@id":"https:\/\/us-places.com\/#website","url":"https:\/\/us-places.com\/","name":"Xoilac TV - Tr\u1ef1c Ti\u1ebfp B\u00f3ng \u0110\u00e1 Full HD - Tructiepbongda 90phut","description":"Xoilac TV","publisher":{"@id":"https:\/\/us-places.com\/#organization"},"potentialAction":[{"@type":"SearchAction","target":{"@type":"EntryPoint","urlTemplate":"https:\/\/us-places.com\/?s={search_term_string}"},"query-input":{"@type":"PropertyValueSpecification","valueRequired":true,"valueName":"search_term_string"}}],"inLanguage":"vi"},{"@type":"Organization","@id":"https:\/\/us-places.com\/#organization","name":"Xoilac TV","alternateName":"Tr\u1ef1c ti\u1ebfp b\u00f3ng \u0111\u00e1 xoilac tv","url":"https:\/\/us-places.com\/","logo":{"@type":"ImageObject","inLanguage":"vi","@id":"https:\/\/us-places.com\/#\/schema\/logo\/image\/","url":"https:\/\/us-places.com\/wp-content\/uploads\/2026\/04\/xoilac365-tv.png","contentUrl":"https:\/\/us-places.com\/wp-content\/uploads\/2026\/04\/xoilac365-tv.png","width":512,"height":512,"caption":"Xoilac TV"},"image":{"@id":"https:\/\/us-places.com\/#\/schema\/logo\/image\/"}}]}},"_links":{"self":[{"href":"https:\/\/us-places.com\/index.php\/wp-json\/wp\/v2\/pages\/11","targetHints":{"allow":["GET"]}}],"collection":[{"href":"https:\/\/us-places.com\/index.php\/wp-json\/wp\/v2\/pages"}],"about":[{"href":"https:\/\/us-places.com\/index.php\/wp-json\/wp\/v2\/types\/page"}],"author":[{"embeddable":true,"href":"https:\/\/us-places.com\/index.php\/wp-json\/wp\/v2\/users\/1"}],"replies":[{"embeddable":true,"href":"https:\/\/us-places.com\/index.php\/wp-json\/wp\/v2\/comments?post=11"}],"version-history":[{"count":4,"href":"https:\/\/us-places.com\/index.php\/wp-json\/wp\/v2\/pages\/11\/revisions"}],"predecessor-version":[{"id":76,"href":"https:\/\/us-places.com\/index.php\/wp-json\/wp\/v2\/pages\/11\/revisions\/76"}],"wp:featuredmedia":[{"embeddable":true,"href":"https:\/\/us-places.com\/index.php\/wp-json\/wp\/v2\/media\/14"}],"wp:attachment":[{"href":"https:\/\/us-places.com\/index.php\/wp-json\/wp\/v2\/media?parent=11"}],"curies":[{"name":"wp","href":"https:\/\/api.w.org\/{rel}","templated":true}]}}