{"id":3,"date":"2026-03-11T06:21:43","date_gmt":"2026-03-11T06:21:43","guid":{"rendered":"http:\/\/us-places.com\/?page_id=3"},"modified":"2026-03-13T15:19:54","modified_gmt":"2026-03-13T15:19:54","slug":"chinh-sach-bao-mat","status":"publish","type":"page","link":"https:\/\/us-places.com\/index.php\/chinh-sach-bao-mat\/","title":{"rendered":"Ch\u00ednh S\u00e1ch B\u1ea3o M\u1eadt"},"content":{"rendered":"\r\n<p><span style=\"font-weight: 400;\">Ch\u00ednh s\u00e1ch b\u1ea3o m\u1eadt t\u1ea1i <a href=\"\/\">Xoilac<\/a> kh\u00f4ng ch\u1ec9 l\u00e0 m\u1ed9t b\u1ed9 quy \u0111\u1ecbnh th\u00f4ng th\u01b0\u1eddng m\u00e0 c\u00f2n l\u00e0 cam k\u1ebft c\u1ee7a ch\u00fang t\u00f4i trong vi\u1ec7c b\u1ea3o v\u1ec7 th\u00f4ng tin ng\u01b0\u1eddi d\u00f9ng khi truy c\u1eadp website. M\u1ed7i d\u1eef li\u1ec7u \u0111\u01b0\u1ee3c thu th\u1eadp \u0111\u1ec1u \u0111\u01b0\u1ee3c qu\u1ea3n l\u00fd c\u1ea9n tr\u1ecdng, minh b\u1ea1ch v\u00e0 ph\u1ee5c v\u1ee5 \u0111\u00fang m\u1ee5c \u0111\u00edch. Th\u00f4ng qua c\u00e1c nguy\u00ean t\u1eafc b\u1ea3o m\u1eadt r\u00f5 r\u00e0ng, Xoilac h\u01b0\u1edbng \u0111\u1ebfn vi\u1ec7c x\u00e2y d\u1ef1ng m\u1ed9t m\u00f4i tr\u01b0\u1eddng tr\u1ef1c tuy\u1ebfn an to\u00e0n, n\u01a1i ng\u01b0\u1eddi h\u00e2m m\u1ed9 c\u00f3 th\u1ec3 tho\u1ea3i m\u00e1i theo d\u00f5i b\u00f3ng \u0111\u00e1 m\u00e0 kh\u00f4ng ph\u1ea3i lo l\u1eafng v\u1ec1 quy\u1ec1n ri\u00eang t\u01b0.<\/span><\/p>\r\n<h2 class=\"wp-block-heading\"><span style=\"font-weight: 400;\">Ph\u1ea1m vi \u00e1p d\u1ee5ng c\u1ee7a ch\u00ednh s\u00e1ch b\u1ea3o m\u1eadt t\u1ea1i Xoilac<\/span><\/h2>\r\n<p><span style=\"font-weight: 400;\">Quy\u1ec1n ri\u00eang t\u01b0 Xoilac \u0111\u01b0\u1ee3c x\u00e2y d\u1ef1ng nh\u1eb1m \u00e1p d\u1ee5ng cho to\u00e0n b\u1ed9 ho\u1ea1t \u0111\u1ed9ng truy c\u1eadp v\u00e0 s\u1eed d\u1ee5ng d\u1ecbch v\u1ee5 tr\u00ean website. B\u1ea5t k\u1ef3 ng\u01b0\u1eddi d\u00f9ng n\u00e0o khi truy c\u1eadp, theo d\u00f5i c\u00e1c tr\u1eadn \u0111\u1ea5u ho\u1eb7c s\u1eed d\u1ee5ng c\u00e1c ti\u1ec7n \u00edch c\u00f3 tr\u00ean n\u1ec1n t\u1ea3ng \u0111\u1ec1u \u0111\u01b0\u1ee3c xem l\u00e0 \u0111\u00e3 \u0111\u1ed3ng \u00fd v\u1edbi nh\u1eefng quy \u0111\u1ecbnh li\u00ean quan \u0111\u1ebfn vi\u1ec7c thu th\u1eadp v\u00e0 qu\u1ea3n l\u00fd th\u00f4ng tin. \u0110i\u1ec1u n\u00e0y gi\u00fap \u0111\u1ea3m b\u1ea3o m\u1ecdi ho\u1ea1t \u0111\u1ed9ng tr\u00ean h\u1ec7 th\u1ed1ng di\u1ec5n ra minh b\u1ea1ch, r\u00f5 r\u00e0ng v\u00e0 th\u1ed1ng nh\u1ea5t.<\/span><\/p>\r\n<p><span style=\"font-weight: 400;\">Ph\u1ea1m vi c\u1ee7a ch\u00ednh s\u00e1ch kh\u00f4ng ch\u1ec9 \u00e1p d\u1ee5ng cho c\u00e1c d\u1eef li\u1ec7u \u0111\u01b0\u1ee3c ng\u01b0\u1eddi d\u00f9ng cung c\u1ea5p tr\u1ef1c ti\u1ebfp m\u00e0 c\u00f2n bao g\u1ed3m nh\u1eefng th\u00f4ng tin ph\u00e1t sinh trong qu\u00e1 tr\u00ecnh truy c\u1eadp nh\u01b0 l\u1ecbch s\u1eed truy c\u1eadp, thi\u1ebft b\u1ecb s\u1eed d\u1ee5ng hay c\u00e1c thao t\u00e1c tr\u00ean website. Nh\u1eefng d\u1eef li\u1ec7u n\u00e0y \u0111\u01b0\u1ee3c s\u1eed d\u1ee5ng nh\u1eb1m c\u1ea3i thi\u1ec7n hi\u1ec7u su\u1ea5t ho\u1ea1t \u0111\u1ed9ng c\u1ee7a n\u1ec1n t\u1ea3ng v\u00e0 n\u00e2ng cao tr\u1ea3i nghi\u1ec7m cho ng\u01b0\u1eddi xem.<\/span><\/p>\r\n<p><span style=\"font-weight: 400;\">Ngo\u00e0i ra, ch\u00ednh s\u00e1ch b\u1ea3o m\u1eadt c\u0169ng \u00e1p d\u1ee5ng cho t\u1ea5t c\u1ea3 c\u00e1c t\u00ednh n\u0103ng v\u00e0 chuy\u00ean m\u1ee5c m\u00e0 Xoilac cung c\u1ea5p, t\u1eeb trang xem tr\u1ef1c ti\u1ebfp b\u00f3ng \u0111\u00e1 cho \u0111\u1ebfn c\u00e1c m\u1ee5c tin t\u1ee9c, l\u1ecbch thi \u0111\u1ea5u hay b\u1ea3ng x\u1ebfp h\u1ea1ng. Nh\u1edd ph\u1ea1m vi \u00e1p d\u1ee5ng r\u00f5 r\u00e0ng, ch\u00fang t\u00f4i c\u00f3 th\u1ec3 \u0111\u1ea3m b\u1ea3o r\u1eb1ng m\u1ecdi th\u00f4ng tin c\u1ee7a ng\u01b0\u1eddi d\u00f9ng \u0111\u1ec1u \u0111\u01b0\u1ee3c qu\u1ea3n l\u00fd v\u00e0 b\u1ea3o v\u1ec7 theo c\u00f9ng m\u1ed9t ti\u00eau chu\u1ea9n th\u1ed1ng nh\u1ea5t tr\u00ean to\u00e0n b\u1ed9 h\u1ec7 th\u1ed1ng.<\/span><\/p>\r\n<figure id=\"attachment_21\" aria-describedby=\"caption-attachment-21\" style=\"width: 800px\" class=\"wp-caption aligncenter\"><img loading=\"lazy\" decoding=\"async\" class=\"size-full wp-image-21\" src=\"https:\/\/us-places.com\/wp-content\/uploads\/2026\/03\/chinh-sach-bao-mat-4-2.jpg\" alt=\"Ph\u1ea1m vi \u00e1p d\u1ee5ng c\u1ee7a ch\u00ednh s\u00e1ch b\u1ea3o m\u1eadt t\u1ea1i Xoilac\" width=\"800\" height=\"450\" srcset=\"https:\/\/us-places.com\/wp-content\/uploads\/2026\/03\/chinh-sach-bao-mat-4-2.jpg 800w, https:\/\/us-places.com\/wp-content\/uploads\/2026\/03\/chinh-sach-bao-mat-4-2-300x169.jpg 300w, https:\/\/us-places.com\/wp-content\/uploads\/2026\/03\/chinh-sach-bao-mat-4-2-768x432.jpg 768w\" sizes=\"auto, (max-width: 800px) 100vw, 800px\" \/><figcaption id=\"caption-attachment-21\" class=\"wp-caption-text\">Ph\u1ea1m vi \u00e1p d\u1ee5ng c\u1ee7a ch\u00ednh s\u00e1ch b\u1ea3o m\u1eadt t\u1ea1i Xoilac<\/figcaption><\/figure>\r\n<h2><span style=\"font-weight: 400;\">Nh\u1eefng nguy\u00ean t\u1eafc ch\u00ednh trong ch\u00ednh s\u00e1ch b\u1ea3o m\u1eadt Xoilac<\/span><\/h2>\r\n<p><span style=\"font-weight: 400;\">C\u00e1c quy \u0111\u1ecbnh n\u00e0y kh\u00f4ng ch\u1ec9 gi\u00fap b\u1ea3o v\u1ec7 th\u00f4ng tin c\u00e1 nh\u00e2n m\u00e0 c\u00f2n \u0111\u1ea3m b\u1ea3o vi\u1ec7c qu\u1ea3n l\u00fd d\u1eef li\u1ec7u \u0111\u01b0\u1ee3c th\u1ef1c hi\u1ec7n \u0111\u00fang m\u1ee5c \u0111\u00edch, ph\u00f9 h\u1ee3p v\u1edbi ho\u1ea1t \u0111\u1ed9ng c\u1ee7a n\u1ec1n t\u1ea3ng.<\/span><\/p>\r\n<h3><span style=\"font-weight: 400;\">Quy tr\u00ecnh thu th\u1eadp th\u00f4ng tin ng\u01b0\u1eddi d\u00f9ng<\/span><\/h3>\r\n<p><span style=\"font-weight: 400;\">Xoilac ch\u1ec9 thu th\u1eadp nh\u1eefng th\u00f4ng tin c\u1ea7n thi\u1ebft trong qu\u00e1 tr\u00ecnh ng\u01b0\u1eddi d\u00f9ng truy c\u1eadp v\u00e0 s\u1eed d\u1ee5ng website. C\u00e1c d\u1eef li\u1ec7u n\u00e0y c\u00f3 th\u1ec3 bao g\u1ed3m \u0111\u1ecba ch\u1ec9 IP, lo\u1ea1i thi\u1ebft b\u1ecb truy c\u1eadp, tr\u00ecnh duy\u1ec7t s\u1eed d\u1ee5ng ho\u1eb7c m\u1ed9t s\u1ed1 th\u00f4ng tin c\u01a1 b\u1ea3n li\u00ean quan \u0111\u1ebfn ho\u1ea1t \u0111\u1ed9ng truy c\u1eadp. Vi\u1ec7c thu th\u1eadp \u0111\u01b0\u1ee3c th\u1ef1c hi\u1ec7n nh\u1eb1m h\u1ed7 tr\u1ee3 v\u1eadn h\u00e0nh h\u1ec7 th\u1ed1ng, c\u1ea3i thi\u1ec7n t\u1ed1c \u0111\u1ed9 truy c\u1eadp v\u00e0 t\u1ed1i \u01b0u tr\u1ea3i nghi\u1ec7m ng\u01b0\u1eddi d\u00f9ng. Ch\u00fang t\u00f4i cam k\u1ebft m\u1ecdi d\u1eef li\u1ec7u thu th\u1eadp \u0111\u1ec1u ph\u1ee5c v\u1ee5 m\u1ee5c \u0111\u00edch qu\u1ea3n l\u00fd v\u00e0 ph\u00e1t tri\u1ec3n n\u1ec1n t\u1ea3ng, kh\u00f4ng s\u1eed d\u1ee5ng cho nh\u1eefng m\u1ee5c \u0111\u00edch ngo\u00e0i ph\u1ea1m vi quy \u0111\u1ecbnh.<\/span><\/p>\r\n<figure id=\"attachment_20\" aria-describedby=\"caption-attachment-20\" style=\"width: 800px\" class=\"wp-caption aligncenter\"><img loading=\"lazy\" decoding=\"async\" class=\"size-full wp-image-20\" src=\"https:\/\/us-places.com\/wp-content\/uploads\/2026\/03\/chinh-sach-bao-mat-4-1.jpg\" alt=\"Nh\u1eefng nguy\u00ean t\u1eafc ch\u00ednh trong ch\u00ednh s\u00e1ch b\u1ea3o m\u1eadt Xoilac\" width=\"800\" height=\"450\" srcset=\"https:\/\/us-places.com\/wp-content\/uploads\/2026\/03\/chinh-sach-bao-mat-4-1.jpg 800w, https:\/\/us-places.com\/wp-content\/uploads\/2026\/03\/chinh-sach-bao-mat-4-1-300x169.jpg 300w, https:\/\/us-places.com\/wp-content\/uploads\/2026\/03\/chinh-sach-bao-mat-4-1-768x432.jpg 768w\" sizes=\"auto, (max-width: 800px) 100vw, 800px\" \/><figcaption id=\"caption-attachment-20\" class=\"wp-caption-text\">Nh\u1eefng nguy\u00ean t\u1eafc ch\u00ednh trong ch\u00ednh s\u00e1ch b\u1ea3o m\u1eadt Xoilac<\/figcaption><\/figure>\r\n<h3><span style=\"font-weight: 400;\">Bi\u1ec7n ph\u00e1p \u00e1p d\u1ee5ng trong ch\u00ednh s\u00e1ch b\u1ea3o m\u1eadt Xoilac<\/span><\/h3>\r\n<p><span style=\"font-weight: 400;\">\u0110\u1ec3 \u0111\u1ea3m b\u1ea3o d\u1eef li\u1ec7u \u0111\u01b0\u1ee3c b\u1ea3o v\u1ec7 an to\u00e0n, Xoilac \u00e1p d\u1ee5ng nhi\u1ec1u bi\u1ec7n ph\u00e1p k\u1ef9 thu\u1eadt v\u00e0 qu\u1ea3n l\u00fd trong h\u1ec7 th\u1ed1ng. C\u00e1c c\u00f4ng ngh\u1ec7 b\u1ea3o m\u1eadt \u0111\u01b0\u1ee3c tri\u1ec3n khai nh\u1eb1m h\u1ea1n ch\u1ebf truy c\u1eadp tr\u00e1i ph\u00e9p, \u0111\u1ed3ng th\u1eddi ki\u1ec3m so\u00e1t ch\u1eb7t ch\u1ebd vi\u1ec7c l\u01b0u tr\u1eef v\u00e0 x\u1eed l\u00fd th\u00f4ng tin. Ngo\u00e0i ra, h\u1ec7 th\u1ed1ng c\u0169ng \u0111\u01b0\u1ee3c ki\u1ec3m tra v\u00e0 c\u1eadp nh\u1eadt \u0111\u1ecbnh k\u1ef3 nh\u1eb1m ph\u00e1t hi\u1ec7n s\u1edbm c\u00e1c r\u1ee7i ro b\u1ea3o m\u1eadt. Nh\u1eefng bi\u1ec7n ph\u00e1p n\u00e0y gi\u00fap t\u1ea1o ra m\u00f4i tr\u01b0\u1eddng truy c\u1eadp \u1ed5n \u0111\u1ecbnh, an to\u00e0n cho t\u1ea5t c\u1ea3 ng\u01b0\u1eddi d\u00f9ng khi s\u1eed d\u1ee5ng website.<\/span><\/p>\r\n<h3><span style=\"font-weight: 400;\">Tr\u00e1ch nhi\u1ec7m c\u1ee7a ng\u01b0\u1eddi d\u00f9ng khi truy c\u1eadp website<\/span><\/h3>\r\n<p><span style=\"font-weight: 400;\">B\u00ean c\u1ea1nh n\u1ed7 l\u1ef1c b\u1ea3o v\u1ec7 d\u1eef li\u1ec7u t\u1eeb ph\u00eda ch\u00ednh s\u00e1ch b\u1ea3o m\u1eadt, ng\u01b0\u1eddi d\u00f9ng c\u0169ng c\u1ea7n tu\u00e2n th\u1ee7 c\u00e1c quy \u0111\u1ecbnh khi truy c\u1eadp v\u00e0 s\u1eed d\u1ee5ng d\u1ecbch v\u1ee5 tr\u00ean Xoilac. Ng\u01b0\u1eddi truy c\u1eadp c\u1ea7n \u0111\u1ea3m b\u1ea3o cung c\u1ea5p th\u00f4ng tin ch\u00ednh x\u00e1c khi c\u1ea7n thi\u1ebft, \u0111\u1ed3ng th\u1eddi kh\u00f4ng th\u1ef1c hi\u1ec7n c\u00e1c h\u00e0nh vi g\u00e2y \u1ea3nh h\u01b0\u1edfng \u0111\u1ebfn ho\u1ea1t \u0111\u1ed9ng c\u1ee7a website. Vi\u1ec7c tu\u00e2n th\u1ee7 c\u00e1c nguy\u00ean t\u1eafc s\u1eed d\u1ee5ng gi\u00fap h\u1ec7 th\u1ed1ng v\u1eadn h\u00e0nh \u1ed5n \u0111\u1ecbnh v\u00e0 b\u1ea3o v\u1ec7 t\u1ed1t h\u01a1n quy\u1ec1n l\u1ee3i c\u1ee7a t\u1ea5t c\u1ea3 ng\u01b0\u1eddi d\u00f9ng.<\/span><\/p>\r\n<h3><span style=\"font-weight: 400;\">C\u00e1ch qu\u1ea3n l\u00fd v\u00e0 l\u01b0u tr\u1eef th\u00f4ng tin c\u00e1 nh\u00e2n<\/span><\/h3>\r\n<p><span style=\"font-weight: 400;\">Th\u00f4ng tin \u0111\u01b0\u1ee3c thu th\u1eadp tr\u00ean Xoilac s\u1ebd \u0111\u01b0\u1ee3c qu\u1ea3n l\u00fd theo quy tr\u00ecnh l\u01b0u tr\u1eef c\u00f3 ki\u1ec3m so\u00e1t. D\u1eef li\u1ec7u \u0111\u01b0\u1ee3c l\u01b0u gi\u1eef trong h\u1ec7 th\u1ed1ng b\u1ea3o m\u1eadt nh\u1eb1m ph\u1ee5c v\u1ee5 vi\u1ec7c v\u1eadn h\u00e0nh v\u00e0 c\u1ea3i thi\u1ec7n d\u1ecbch v\u1ee5. Ch\u00fang t\u00f4i ch\u1ec9 l\u01b0u tr\u1eef th\u00f4ng tin trong kho\u1ea3ng th\u1eddi gian c\u1ea7n thi\u1ebft, sau \u0111\u00f3 s\u1ebd ti\u1ebfn h\u00e0nh c\u1eadp nh\u1eadt ho\u1eb7c lo\u1ea1i b\u1ecf khi kh\u00f4ng c\u00f2n ph\u00f9 h\u1ee3p v\u1edbi m\u1ee5c \u0111\u00edch s\u1eed d\u1ee5ng. Quy tr\u00ecnh n\u00e0y gi\u00fap \u0111\u1ea3m b\u1ea3o d\u1eef li\u1ec7u c\u00e1 nh\u00e2n lu\u00f4n \u0111\u01b0\u1ee3c x\u1eed l\u00fd m\u1ed9t c\u00e1ch c\u1ea9n tr\u1ecdng v\u00e0 c\u00f3 tr\u00e1ch nhi\u1ec7m.<\/span><\/p>\r\n<h3><span style=\"font-weight: 400;\">Nh\u1eefng tr\u01b0\u1eddng h\u1ee3p chia s\u1ebb th\u00f4ng tin c\u1ea7n thi\u1ebft<\/span><\/h3>\r\n<p><span style=\"font-weight: 400;\">Trong m\u1ed9t s\u1ed1 tr\u01b0\u1eddng h\u1ee3p \u0111\u1eb7c bi\u1ec7t, ch\u00ednh s\u00e1ch b\u1ea3o m\u1eadt Xoilac c\u00f3 th\u1ec3 chia s\u1ebb th\u00f4ng tin ng\u01b0\u1eddi d\u00f9ng khi c\u1ea7n thi\u1ebft \u0111\u1ec3 \u0111\u00e1p \u1ee9ng y\u00eau c\u1ea7u ph\u00e1p l\u00fd ho\u1eb7c h\u1ed7 tr\u1ee3 qu\u00e1 tr\u00ecnh v\u1eadn h\u00e0nh h\u1ec7 th\u1ed1ng. Vi\u1ec7c chia s\u1ebb d\u1eef li\u1ec7u ch\u1ec9 \u0111\u01b0\u1ee3c th\u1ef1c hi\u1ec7n trong ph\u1ea1m vi cho ph\u00e9p v\u00e0 tu\u00e2n th\u1ee7 c\u00e1c quy \u0111\u1ecbnh b\u1ea3o m\u1eadt \u0111\u00e3 \u0111\u1ec1 ra. Ch\u00fang t\u00f4i lu\u00f4n \u0111\u1ea3m b\u1ea3o r\u1eb1ng m\u1ecdi ho\u1ea1t \u0111\u1ed9ng li\u00ean quan \u0111\u1ebfn d\u1eef li\u1ec7u ng\u01b0\u1eddi d\u00f9ng \u0111\u1ec1u \u0111\u01b0\u1ee3c th\u1ef1c hi\u1ec7n minh b\u1ea1ch, h\u1ea1n ch\u1ebf t\u1ed1i \u0111a vi\u1ec7c ti\u1ebft l\u1ed9 th\u00f4ng tin kh\u00f4ng c\u1ea7n thi\u1ebft.<\/span><\/p>\r\n<p>Xem th\u00eam: <a href=\"\/bang-xep-hang\/\">B\u1ea3ng X\u1ebfp H\u1ea1ng<\/a><\/p>\r\n<h2><span style=\"font-weight: 400;\">L\u1eddi k\u1ebft<\/span><\/h2>\r\n<p><span style=\"font-weight: 400;\"><a href=\"\/chinh-sach-bao-mat\/\">Ch\u00ednh s\u00e1ch b\u1ea3o m\u1eadt<\/a> c\u1ee7a Xoilac \u0111\u01b0\u1ee3c x\u00e2y d\u1ef1ng nh\u1eb1m b\u1ea3o v\u1ec7 th\u00f4ng tin ng\u01b0\u1eddi d\u00f9ng v\u00e0 \u0111\u1ea3m b\u1ea3o m\u1ecdi ho\u1ea1t \u0111\u1ed9ng tr\u00ean website di\u1ec5n ra minh b\u1ea1ch, an to\u00e0n. Th\u00f4ng qua c\u00e1c nguy\u00ean t\u1eafc thu th\u1eadp, qu\u1ea3n l\u00fd v\u00e0 l\u01b0u tr\u1eef d\u1eef li\u1ec7u r\u00f5 r\u00e0ng, ch\u00fang t\u00f4i lu\u00f4n n\u1ed7 l\u1ef1c duy tr\u00ec m\u00f4i tr\u01b0\u1eddng truy c\u1eadp \u0111\u00e1ng tin c\u1eady. \u0110\u00e2y c\u0169ng l\u00e0 cam k\u1ebft c\u1ee7a Xoilac trong vi\u1ec7c t\u00f4n tr\u1ecdng quy\u1ec1n ri\u00eang t\u01b0 v\u00e0 mang \u0111\u1ebfn tr\u1ea3i nghi\u1ec7m tr\u1ef1c tuy\u1ebfn an t\u00e2m cho ng\u01b0\u1eddi xem.<\/span><\/p>","protected":false},"excerpt":{"rendered":"<p>Ch\u00ednh s\u00e1ch b\u1ea3o m\u1eadt t\u1ea1i Xoilac kh\u00f4ng ch\u1ec9 l\u00e0 m\u1ed9t b\u1ed9 quy \u0111\u1ecbnh th\u00f4ng th\u01b0\u1eddng m\u00e0 c\u00f2n l\u00e0 cam k\u1ebft c\u1ee7a ch\u00fang t\u00f4i trong vi\u1ec7c b\u1ea3o v\u1ec7 th\u00f4ng tin ng\u01b0\u1eddi d\u00f9ng khi truy c\u1eadp website. M\u1ed7i d\u1eef li\u1ec7u \u0111\u01b0\u1ee3c thu th\u1eadp \u0111\u1ec1u \u0111\u01b0\u1ee3c qu\u1ea3n l\u00fd c\u1ea9n tr\u1ecdng, minh b\u1ea1ch v\u00e0 ph\u1ee5c v\u1ee5 \u0111\u00fang m\u1ee5c \u0111\u00edch. [&#8230;]\n","protected":false},"author":1,"featured_media":13,"parent":0,"menu_order":0,"comment_status":"closed","ping_status":"open","template":"","meta":{"footnotes":""},"class_list":["post-3","page","type-page","status-publish","has-post-thumbnail","hentry"],"yoast_head":"<!-- This site is optimized with the Yoast SEO plugin v27.1.1 - https:\/\/yoast.com\/product\/yoast-seo-wordpress\/ -->\n<title>Ch\u00ednh S\u00e1ch B\u1ea3o M\u1eadt<\/title>\n<meta name=\"description\" content=\"Ch\u00ednh s\u00e1ch b\u1ea3o m\u1eadt c\u1ee7a Xoilac \u0111\u01b0\u1ee3c thi\u1ebft l\u1eadp \u0111\u1ec3 gi\u1eef an to\u00e0n cho d\u1eef li\u1ec7u ng\u01b0\u1eddi d\u00f9ng, \u0111\u1ed3ng th\u1eddi x\u00e2y d\u1ef1ng kh\u00f4ng gian truy c\u1eadp b\u00f3ng \u0111\u00e1\" \/>\n<meta name=\"robots\" content=\"index, follow, max-snippet:-1, max-image-preview:large, max-video-preview:-1\" \/>\n<link rel=\"canonical\" href=\"https:\/\/us-places.com\/index.php\/chinh-sach-bao-mat\/\" \/>\n<meta property=\"og:locale\" content=\"vi_VN\" \/>\n<meta property=\"og:type\" content=\"article\" \/>\n<meta property=\"og:title\" content=\"Ch\u00ednh S\u00e1ch B\u1ea3o M\u1eadt\" \/>\n<meta property=\"og:description\" content=\"Ch\u00ednh s\u00e1ch b\u1ea3o m\u1eadt c\u1ee7a Xoilac \u0111\u01b0\u1ee3c thi\u1ebft l\u1eadp \u0111\u1ec3 gi\u1eef an to\u00e0n cho d\u1eef li\u1ec7u ng\u01b0\u1eddi d\u00f9ng, \u0111\u1ed3ng th\u1eddi x\u00e2y d\u1ef1ng kh\u00f4ng gian truy c\u1eadp b\u00f3ng \u0111\u00e1\" \/>\n<meta property=\"og:url\" content=\"https:\/\/us-places.com\/index.php\/chinh-sach-bao-mat\/\" \/>\n<meta property=\"og:site_name\" content=\"Xoilac TV - Tr\u1ef1c Ti\u1ebfp B\u00f3ng \u0110\u00e1 Full HD - Tructiepbongda 90phut\" \/>\n<meta property=\"article:modified_time\" content=\"2026-03-13T15:19:54+00:00\" \/>\n<meta property=\"og:image\" content=\"https:\/\/us-places.com\/wp-content\/uploads\/2026\/03\/chinh-sach-bao-mat-4.jpg\" \/>\n\t<meta property=\"og:image:width\" content=\"800\" \/>\n\t<meta property=\"og:image:height\" content=\"450\" \/>\n\t<meta property=\"og:image:type\" content=\"image\/jpeg\" \/>\n<meta name=\"twitter:card\" content=\"summary_large_image\" \/>\n<meta name=\"twitter:label1\" content=\"\u01af\u1edbc t\u00ednh th\u1eddi gian \u0111\u1ecdc\" \/>\n\t<meta name=\"twitter:data1\" content=\"7 ph\u00fat\" \/>\n<script type=\"application\/ld+json\" class=\"yoast-schema-graph\">{\"@context\":\"https:\/\/schema.org\",\"@graph\":[{\"@type\":\"WebPage\",\"@id\":\"https:\/\/us-places.com\/index.php\/chinh-sach-bao-mat\/\",\"url\":\"https:\/\/us-places.com\/index.php\/chinh-sach-bao-mat\/\",\"name\":\"Ch\u00ednh S\u00e1ch B\u1ea3o M\u1eadt\",\"isPartOf\":{\"@id\":\"https:\/\/us-places.com\/#website\"},\"primaryImageOfPage\":{\"@id\":\"https:\/\/us-places.com\/index.php\/chinh-sach-bao-mat\/#primaryimage\"},\"image\":{\"@id\":\"https:\/\/us-places.com\/index.php\/chinh-sach-bao-mat\/#primaryimage\"},\"thumbnailUrl\":\"https:\/\/us-places.com\/wp-content\/uploads\/2026\/03\/chinh-sach-bao-mat-4.jpg\",\"datePublished\":\"2026-03-11T06:21:43+00:00\",\"dateModified\":\"2026-03-13T15:19:54+00:00\",\"description\":\"Ch\u00ednh s\u00e1ch b\u1ea3o m\u1eadt c\u1ee7a Xoilac \u0111\u01b0\u1ee3c thi\u1ebft l\u1eadp \u0111\u1ec3 gi\u1eef an to\u00e0n cho d\u1eef li\u1ec7u ng\u01b0\u1eddi d\u00f9ng, \u0111\u1ed3ng th\u1eddi x\u00e2y d\u1ef1ng kh\u00f4ng gian truy c\u1eadp b\u00f3ng \u0111\u00e1\",\"breadcrumb\":{\"@id\":\"https:\/\/us-places.com\/index.php\/chinh-sach-bao-mat\/#breadcrumb\"},\"inLanguage\":\"vi\",\"potentialAction\":[{\"@type\":\"ReadAction\",\"target\":[\"https:\/\/us-places.com\/index.php\/chinh-sach-bao-mat\/\"]}]},{\"@type\":\"ImageObject\",\"inLanguage\":\"vi\",\"@id\":\"https:\/\/us-places.com\/index.php\/chinh-sach-bao-mat\/#primaryimage\",\"url\":\"https:\/\/us-places.com\/wp-content\/uploads\/2026\/03\/chinh-sach-bao-mat-4.jpg\",\"contentUrl\":\"https:\/\/us-places.com\/wp-content\/uploads\/2026\/03\/chinh-sach-bao-mat-4.jpg\",\"width\":800,\"height\":450,\"caption\":\"Ch\u00ednh s\u00e1ch b\u1ea3o m\u1eadt\"},{\"@type\":\"BreadcrumbList\",\"@id\":\"https:\/\/us-places.com\/index.php\/chinh-sach-bao-mat\/#breadcrumb\",\"itemListElement\":[{\"@type\":\"ListItem\",\"position\":1,\"name\":\"Trang ch\u1ee7\",\"item\":\"https:\/\/us-places.com\/\"},{\"@type\":\"ListItem\",\"position\":2,\"name\":\"Ch\u00ednh S\u00e1ch B\u1ea3o M\u1eadt\"}]},{\"@type\":\"WebSite\",\"@id\":\"https:\/\/us-places.com\/#website\",\"url\":\"https:\/\/us-places.com\/\",\"name\":\"Xoilac TV - Tr\u1ef1c Ti\u1ebfp B\u00f3ng \u0110\u00e1 Full HD - Tructiepbongda 90phut\",\"description\":\"Xoilac TV\",\"publisher\":{\"@id\":\"https:\/\/us-places.com\/#organization\"},\"potentialAction\":[{\"@type\":\"SearchAction\",\"target\":{\"@type\":\"EntryPoint\",\"urlTemplate\":\"https:\/\/us-places.com\/?s={search_term_string}\"},\"query-input\":{\"@type\":\"PropertyValueSpecification\",\"valueRequired\":true,\"valueName\":\"search_term_string\"}}],\"inLanguage\":\"vi\"},{\"@type\":\"Organization\",\"@id\":\"https:\/\/us-places.com\/#organization\",\"name\":\"Xoilac TV\",\"alternateName\":\"Tr\u1ef1c ti\u1ebfp b\u00f3ng \u0111\u00e1 xoilac tv\",\"url\":\"https:\/\/us-places.com\/\",\"logo\":{\"@type\":\"ImageObject\",\"inLanguage\":\"vi\",\"@id\":\"https:\/\/us-places.com\/#\/schema\/logo\/image\/\",\"url\":\"https:\/\/us-places.com\/wp-content\/uploads\/2026\/04\/xoilac365-tv.png\",\"contentUrl\":\"https:\/\/us-places.com\/wp-content\/uploads\/2026\/04\/xoilac365-tv.png\",\"width\":512,\"height\":512,\"caption\":\"Xoilac TV\"},\"image\":{\"@id\":\"https:\/\/us-places.com\/#\/schema\/logo\/image\/\"}}]}<\/script>\n<!-- \/ Yoast SEO plugin. -->","yoast_head_json":{"title":"Ch\u00ednh S\u00e1ch B\u1ea3o M\u1eadt","description":"Ch\u00ednh s\u00e1ch b\u1ea3o m\u1eadt c\u1ee7a Xoilac \u0111\u01b0\u1ee3c thi\u1ebft l\u1eadp \u0111\u1ec3 gi\u1eef an to\u00e0n cho d\u1eef li\u1ec7u ng\u01b0\u1eddi d\u00f9ng, \u0111\u1ed3ng th\u1eddi x\u00e2y d\u1ef1ng kh\u00f4ng gian truy c\u1eadp b\u00f3ng \u0111\u00e1","robots":{"index":"index","follow":"follow","max-snippet":"max-snippet:-1","max-image-preview":"max-image-preview:large","max-video-preview":"max-video-preview:-1"},"canonical":"https:\/\/us-places.com\/index.php\/chinh-sach-bao-mat\/","og_locale":"vi_VN","og_type":"article","og_title":"Ch\u00ednh S\u00e1ch B\u1ea3o M\u1eadt","og_description":"Ch\u00ednh s\u00e1ch b\u1ea3o m\u1eadt c\u1ee7a Xoilac \u0111\u01b0\u1ee3c thi\u1ebft l\u1eadp \u0111\u1ec3 gi\u1eef an to\u00e0n cho d\u1eef li\u1ec7u ng\u01b0\u1eddi d\u00f9ng, \u0111\u1ed3ng th\u1eddi x\u00e2y d\u1ef1ng kh\u00f4ng gian truy c\u1eadp b\u00f3ng \u0111\u00e1","og_url":"https:\/\/us-places.com\/index.php\/chinh-sach-bao-mat\/","og_site_name":"Xoilac TV - Tr\u1ef1c Ti\u1ebfp B\u00f3ng \u0110\u00e1 Full HD - Tructiepbongda 90phut","article_modified_time":"2026-03-13T15:19:54+00:00","og_image":[{"width":800,"height":450,"url":"https:\/\/us-places.com\/wp-content\/uploads\/2026\/03\/chinh-sach-bao-mat-4.jpg","type":"image\/jpeg"}],"twitter_card":"summary_large_image","twitter_misc":{"\u01af\u1edbc t\u00ednh th\u1eddi gian \u0111\u1ecdc":"7 ph\u00fat"},"schema":{"@context":"https:\/\/schema.org","@graph":[{"@type":"WebPage","@id":"https:\/\/us-places.com\/index.php\/chinh-sach-bao-mat\/","url":"https:\/\/us-places.com\/index.php\/chinh-sach-bao-mat\/","name":"Ch\u00ednh S\u00e1ch B\u1ea3o M\u1eadt","isPartOf":{"@id":"https:\/\/us-places.com\/#website"},"primaryImageOfPage":{"@id":"https:\/\/us-places.com\/index.php\/chinh-sach-bao-mat\/#primaryimage"},"image":{"@id":"https:\/\/us-places.com\/index.php\/chinh-sach-bao-mat\/#primaryimage"},"thumbnailUrl":"https:\/\/us-places.com\/wp-content\/uploads\/2026\/03\/chinh-sach-bao-mat-4.jpg","datePublished":"2026-03-11T06:21:43+00:00","dateModified":"2026-03-13T15:19:54+00:00","description":"Ch\u00ednh s\u00e1ch b\u1ea3o m\u1eadt c\u1ee7a Xoilac \u0111\u01b0\u1ee3c thi\u1ebft l\u1eadp \u0111\u1ec3 gi\u1eef an to\u00e0n cho d\u1eef li\u1ec7u ng\u01b0\u1eddi d\u00f9ng, \u0111\u1ed3ng th\u1eddi x\u00e2y d\u1ef1ng kh\u00f4ng gian truy c\u1eadp b\u00f3ng \u0111\u00e1","breadcrumb":{"@id":"https:\/\/us-places.com\/index.php\/chinh-sach-bao-mat\/#breadcrumb"},"inLanguage":"vi","potentialAction":[{"@type":"ReadAction","target":["https:\/\/us-places.com\/index.php\/chinh-sach-bao-mat\/"]}]},{"@type":"ImageObject","inLanguage":"vi","@id":"https:\/\/us-places.com\/index.php\/chinh-sach-bao-mat\/#primaryimage","url":"https:\/\/us-places.com\/wp-content\/uploads\/2026\/03\/chinh-sach-bao-mat-4.jpg","contentUrl":"https:\/\/us-places.com\/wp-content\/uploads\/2026\/03\/chinh-sach-bao-mat-4.jpg","width":800,"height":450,"caption":"Ch\u00ednh s\u00e1ch b\u1ea3o m\u1eadt"},{"@type":"BreadcrumbList","@id":"https:\/\/us-places.com\/index.php\/chinh-sach-bao-mat\/#breadcrumb","itemListElement":[{"@type":"ListItem","position":1,"name":"Trang ch\u1ee7","item":"https:\/\/us-places.com\/"},{"@type":"ListItem","position":2,"name":"Ch\u00ednh S\u00e1ch B\u1ea3o M\u1eadt"}]},{"@type":"WebSite","@id":"https:\/\/us-places.com\/#website","url":"https:\/\/us-places.com\/","name":"Xoilac TV - Tr\u1ef1c Ti\u1ebfp B\u00f3ng \u0110\u00e1 Full HD - Tructiepbongda 90phut","description":"Xoilac TV","publisher":{"@id":"https:\/\/us-places.com\/#organization"},"potentialAction":[{"@type":"SearchAction","target":{"@type":"EntryPoint","urlTemplate":"https:\/\/us-places.com\/?s={search_term_string}"},"query-input":{"@type":"PropertyValueSpecification","valueRequired":true,"valueName":"search_term_string"}}],"inLanguage":"vi"},{"@type":"Organization","@id":"https:\/\/us-places.com\/#organization","name":"Xoilac TV","alternateName":"Tr\u1ef1c ti\u1ebfp b\u00f3ng \u0111\u00e1 xoilac tv","url":"https:\/\/us-places.com\/","logo":{"@type":"ImageObject","inLanguage":"vi","@id":"https:\/\/us-places.com\/#\/schema\/logo\/image\/","url":"https:\/\/us-places.com\/wp-content\/uploads\/2026\/04\/xoilac365-tv.png","contentUrl":"https:\/\/us-places.com\/wp-content\/uploads\/2026\/04\/xoilac365-tv.png","width":512,"height":512,"caption":"Xoilac TV"},"image":{"@id":"https:\/\/us-places.com\/#\/schema\/logo\/image\/"}}]}},"_links":{"self":[{"href":"https:\/\/us-places.com\/index.php\/wp-json\/wp\/v2\/pages\/3","targetHints":{"allow":["GET"]}}],"collection":[{"href":"https:\/\/us-places.com\/index.php\/wp-json\/wp\/v2\/pages"}],"about":[{"href":"https:\/\/us-places.com\/index.php\/wp-json\/wp\/v2\/types\/page"}],"author":[{"embeddable":true,"href":"https:\/\/us-places.com\/index.php\/wp-json\/wp\/v2\/users\/1"}],"replies":[{"embeddable":true,"href":"https:\/\/us-places.com\/index.php\/wp-json\/wp\/v2\/comments?post=3"}],"version-history":[{"count":1,"href":"https:\/\/us-places.com\/index.php\/wp-json\/wp\/v2\/pages\/3\/revisions"}],"predecessor-version":[{"id":40,"href":"https:\/\/us-places.com\/index.php\/wp-json\/wp\/v2\/pages\/3\/revisions\/40"}],"wp:featuredmedia":[{"embeddable":true,"href":"https:\/\/us-places.com\/index.php\/wp-json\/wp\/v2\/media\/13"}],"wp:attachment":[{"href":"https:\/\/us-places.com\/index.php\/wp-json\/wp\/v2\/media?parent=3"}],"curies":[{"name":"wp","href":"https:\/\/api.w.org\/{rel}","templated":true}]}}