{"id":31,"date":"2026-03-13T15:15:04","date_gmt":"2026-03-13T15:15:04","guid":{"rendered":"https:\/\/us-places.com\/?page_id=31"},"modified":"2026-04-21T15:18:48","modified_gmt":"2026-04-21T08:18:48","slug":"tac-gia-vu-uy","status":"publish","type":"page","link":"https:\/\/us-places.com\/index.php\/tac-gia-vu-uy\/","title":{"rendered":"T\u00e1c Gi\u1ea3 V\u0169 Uy"},"content":{"rendered":"<p><span style=\"font-weight: 400;\">V\u0169 Uy l\u00e0 m\u1ed9t trong nh\u1eefng g\u01b0\u01a1ng m\u1eb7t tr\u1ebb trong \u0111\u1ed9i ng\u0169 ph\u00f3ng vi\u00ean c\u1ee7a Xoilac, mang theo tinh th\u1ea7n nhi\u1ec7t huy\u1ebft v\u00e0 g\u00f3c nh\u00ecn \u0111\u1ea7y n\u0103ng l\u01b0\u1ee3ng v\u1ec1 b\u00f3ng \u0111\u00e1. V\u1edbi ni\u1ec1m \u0111am m\u00ea d\u00e0nh cho s\u00e2n c\u1ecf, anh lu\u00f4n theo s\u00e1t nh\u1eefng chuy\u1ec3n \u0111\u1ed9ng c\u1ee7a l\u00e0ng t\u00fac c\u1ea7u \u0111\u1ec3 mang \u0111\u1ebfn c\u00e1c b\u00e0i vi\u1ebft nhanh, s\u1eafc v\u00e0 gi\u00e0u c\u1ea3m x\u00fac. S\u1ef1 tr\u1ebb trung c\u00f9ng l\u1ed1i vi\u1ebft linh ho\u1ea1t gi\u00fap anh tr\u1edf th\u00e0nh m\u1ed9t m\u1ea3nh gh\u00e9p th\u00fa v\u1ecb trong \u0111\u1ed9i ng\u0169 n\u1ed9i dung c\u1ee7a <a href=\"\/\">Xoilac<\/a>.<\/span><\/p>\n<figure id=\"attachment_47\" aria-describedby=\"caption-attachment-47\" style=\"width: 800px\" class=\"wp-caption aligncenter\"><img loading=\"lazy\" decoding=\"async\" class=\"size-full wp-image-47\" src=\"https:\/\/us-places.com\/wp-content\/uploads\/2026\/03\/tac-gia-vu-uy-00.jpg\" alt=\"Ta\u0301c gia\u0309 V\u0169 Uy\" width=\"800\" height=\"1200\" srcset=\"https:\/\/us-places.com\/wp-content\/uploads\/2026\/03\/tac-gia-vu-uy-00.jpg 800w, https:\/\/us-places.com\/wp-content\/uploads\/2026\/03\/tac-gia-vu-uy-00-200x300.jpg 200w, https:\/\/us-places.com\/wp-content\/uploads\/2026\/03\/tac-gia-vu-uy-00-683x1024.jpg 683w, https:\/\/us-places.com\/wp-content\/uploads\/2026\/03\/tac-gia-vu-uy-00-768x1152.jpg 768w\" sizes=\"auto, (max-width: 800px) 100vw, 800px\" \/><figcaption id=\"caption-attachment-47\" class=\"wp-caption-text\">Ta\u0301c gia\u0309 V\u0169 Uy<\/figcaption><\/figure>\n<h2><span style=\"font-weight: 400;\">Ti\u1ec3u s\u1eed c\u00e1 nh\u00e2n c\u1ee7a t\u00e1c gi\u1ea3 V\u0169 Uy<\/span><\/h2>\n<p><span style=\"font-weight: 400;\">Sinh ra v\u00e0 l\u1edbn l\u00ean trong m\u1ed9t gia \u0111\u00ecnh y\u00eau th\u1ec3 thao, t\u1eeb nh\u1ecf anh \u0111\u00e3 quen v\u1edbi kh\u00f4ng kh\u00ed s\u00f4i \u0111\u1ed9ng c\u1ee7a nh\u1eefng tr\u1eadn c\u1ea7u qua m\u00e0n h\u00ecnh tivi. Ch\u00ednh nh\u1eefng kho\u1ea3nh kh\u1eafc \u0111\u00f3 \u0111\u00e3 nu\u00f4i d\u01b0\u1ee1ng trong anh mong mu\u1ed1n \u0111\u01b0\u1ee3c theo d\u00f5i, ph\u00e2n t\u00edch v\u00e0 k\u1ec3 l\u1ea1i c\u00e1c c\u00e2u chuy\u1ec7n xoay quanh th\u1ebf gi\u1edbi b\u00f3ng \u0111\u00e1 theo c\u00e1ch c\u1ee7a ri\u00eang m\u00ecnh.<\/span><\/p>\n<figure id=\"attachment_28\" aria-describedby=\"caption-attachment-28\" style=\"width: 800px\" class=\"wp-caption aligncenter\"><img loading=\"lazy\" decoding=\"async\" class=\"size-full wp-image-28\" src=\"https:\/\/us-places.com\/wp-content\/uploads\/2026\/03\/tac-gia-vu-uy-1-1.jpg\" alt=\"Ti\u1ec3u s\u1eed c\u00e1 nh\u00e2n c\u1ee7a t\u00e1c gi\u1ea3 V\u0169 Uy\" width=\"800\" height=\"450\" srcset=\"https:\/\/us-places.com\/wp-content\/uploads\/2026\/03\/tac-gia-vu-uy-1-1.jpg 800w, https:\/\/us-places.com\/wp-content\/uploads\/2026\/03\/tac-gia-vu-uy-1-1-300x169.jpg 300w, https:\/\/us-places.com\/wp-content\/uploads\/2026\/03\/tac-gia-vu-uy-1-1-768x432.jpg 768w\" sizes=\"auto, (max-width: 800px) 100vw, 800px\" \/><figcaption id=\"caption-attachment-28\" class=\"wp-caption-text\">Ti\u1ec3u s\u1eed c\u00e1 nh\u00e2n c\u1ee7a t\u00e1c gi\u1ea3 V\u0169 Uy<\/figcaption><\/figure>\n<p><span style=\"font-weight: 400;\">Trong qu\u00e1 tr\u00ecnh h\u1ecdc t\u1eadp, V\u0169 Uy l\u1ef1a ch\u1ecdn theo \u0111u\u1ed5i l\u0129nh v\u1ef1c truy\u1ec1n th\u00f4ng v\u00e0 b\u00e1o ch\u00ed th\u1ec3 thao. Anh th\u01b0\u1eddng xuy\u00ean tham gia c\u00e1c ho\u1ea1t \u0111\u1ed9ng vi\u1ebft b\u00e0i, c\u1ed9ng t\u00e1c n\u1ed9i dung cho nhi\u1ec1u di\u1ec5n \u0111\u00e0n b\u00f3ng \u0111\u00e1 tr\u1ef1c tuy\u1ebfn \u0111\u1ec3 r\u00e8n luy\u1ec7n k\u1ef9 n\u0103ng. Nh\u1edd kh\u1ea3 n\u0103ng quan s\u00e1t t\u1ed1t v\u00e0 l\u1ed1i di\u1ec5n \u0111\u1ea1t linh ho\u1ea1t, nh\u1eefng b\u00e0i vi\u1ebft \u0111\u1ea7u ti\u00ean c\u1ee7a anh nhanh ch\u00f3ng nh\u1eadn \u0111\u01b0\u1ee3c s\u1ef1 quan t\u00e2m t\u1eeb c\u1ed9ng \u0111\u1ed3ng ng\u01b0\u1eddi h\u00e2m m\u1ed9.<\/span><\/p>\n<p><span style=\"font-weight: 400;\">Sau khi t\u1ed1t nghi\u1ec7p, t\u00e1c gi\u1ea3 V\u0169 Uy ch\u00ednh th\u1ee9c gia nh\u1eadp \u0111\u1ed9i ng\u0169 bi\u00ean t\u1eadp n\u1ed9i dung c\u1ee7a Xoilac. T\u1ea1i \u0111\u00e2y, anh \u0111\u1ea3m nh\u1eadn nhi\u1ec1u nhi\u1ec7m v\u1ee5 nh\u01b0 c\u1eadp nh\u1eadt tin t\u1ee9c b\u00f3ng \u0111\u00e1, vi\u1ebft b\u00e0i ph\u00e2n t\u00edch tr\u1eadn \u0111\u1ea5u v\u00e0 th\u1ef1c hi\u1ec7n c\u00e1c b\u1ea3n tin nhanh v\u1ec1 c\u00e1c gi\u1ea3i \u0111\u1ea5u l\u1edbn. Phong c\u00e1ch vi\u1ebft c\u1ee7a V\u0169 Uy th\u01b0\u1eddng h\u01b0\u1edbng \u0111\u1ebfn s\u1ef1 tr\u1ebb trung, d\u1ec5 ti\u1ebfp c\u1eadn nh\u01b0ng v\u1eabn \u0111\u1ea3m b\u1ea3o t\u00ednh th\u00f4ng tin v\u00e0 \u0111\u1ed9 ch\u00ednh x\u00e1c c\u1ea7n thi\u1ebft.<\/span><\/p>\n<p><span style=\"font-weight: 400;\">D\u00f9 c\u00f2n kh\u00e1 tr\u1ebb trong ngh\u1ec1, V\u0169 Uy lu\u00f4n \u0111\u1eb7t m\u1ee5c ti\u00eau kh\u00f4ng ng\u1eebng h\u1ecdc h\u1ecfi \u0111\u1ec3 ho\u00e0n thi\u1ec7n k\u1ef9 n\u0103ng chuy\u00ean m\u00f4n. V\u1edbi tinh th\u1ea7n c\u1ea7u ti\u1ebfn v\u00e0 t\u00ecnh y\u00eau d\u00e0nh cho b\u00f3ng \u0111\u00e1, anh \u0111ang t\u1eebng b\u01b0\u1edbc x\u00e2y d\u1ef1ng d\u1ea5u \u1ea5n ri\u00eang trong \u0111\u1ed9i ng\u0169 ph\u00f3ng vi\u00ean c\u1ee7a Xoilac, \u0111\u1ed3ng th\u1eddi g\u00f3p ph\u1ea7n mang \u0111\u1ebfn nh\u1eefng n\u1ed9i dung th\u1ec3 thao h\u1ea5p d\u1eabn cho ng\u01b0\u1eddi h\u00e2m m\u1ed9.<\/span><\/p>\n<h2><span style=\"font-weight: 400;\">S\u1ef1 nghi\u1ec7p v\u00e0 th\u00e0nh t\u00edch n\u1ed5i tr\u1ed9i<\/span><\/h2>\n<p><span style=\"font-weight: 400;\">H\u00e0nh tr\u00ecnh theo \u0111u\u1ed5i ngh\u1ec1 b\u00e1o th\u1ec3 thao c\u1ee7a t\u00e1c gi\u1ea3 V\u0169 Uy tuy c\u00f2n kh\u00e1 tr\u1ebb nh\u01b0ng \u0111\u00e3 ghi d\u1ea5u b\u1eb1ng nhi\u1ec1u n\u1ed7 l\u1ef1c \u0111\u00e1ng ch\u00fa \u00fd. V\u1edbi ni\u1ec1m \u0111am m\u00ea b\u00f3ng \u0111\u00e1 v\u00e0 tinh th\u1ea7n h\u1ecdc h\u1ecfi kh\u00f4ng ng\u1eebng, anh t\u1eebng b\u01b0\u1edbc x\u00e2y d\u1ef1ng v\u1ecb tr\u00ed c\u1ee7a m\u00ecnh trong \u0111\u1ed9i ng\u0169 n\u1ed9i dung t\u1ea1i Xoilac. Nh\u1eefng tr\u1ea3i nghi\u1ec7m trong qu\u00e1 tr\u00ecnh l\u00e0m vi\u1ec7c gi\u00fap V\u0169 Uy t\u00edch l\u0169y k\u1ef9 n\u0103ng, \u0111\u1ed3ng th\u1eddi t\u1ea1o ra nhi\u1ec1u d\u1ea5u \u1ea5n trong l\u0129nh v\u1ef1c vi\u1ebft tin v\u00e0 ph\u00e2n t\u00edch b\u00f3ng \u0111\u00e1.<\/span><\/p>\n<figure id=\"attachment_29\" aria-describedby=\"caption-attachment-29\" style=\"width: 800px\" class=\"wp-caption aligncenter\"><img loading=\"lazy\" decoding=\"async\" class=\"size-full wp-image-29\" src=\"https:\/\/us-places.com\/wp-content\/uploads\/2026\/03\/tac-gia-vu-uy-1-2.jpg\" alt=\"S\u1ef1 nghi\u1ec7p v\u00e0 th\u00e0nh t\u00edch n\u1ed5i tr\u1ed9i\" width=\"800\" height=\"450\" srcset=\"https:\/\/us-places.com\/wp-content\/uploads\/2026\/03\/tac-gia-vu-uy-1-2.jpg 800w, https:\/\/us-places.com\/wp-content\/uploads\/2026\/03\/tac-gia-vu-uy-1-2-300x169.jpg 300w, https:\/\/us-places.com\/wp-content\/uploads\/2026\/03\/tac-gia-vu-uy-1-2-768x432.jpg 768w\" sizes=\"auto, (max-width: 800px) 100vw, 800px\" \/><figcaption id=\"caption-attachment-29\" class=\"wp-caption-text\">S\u1ef1 nghi\u1ec7p v\u00e0 th\u00e0nh t\u00edch n\u1ed5i tr\u1ed9i<\/figcaption><\/figure>\n<h3><span style=\"font-weight: 400;\">B\u01b0\u1edbc kh\u1edfi \u0111\u1ea7u trong l\u0129nh v\u1ef1c b\u00e1o ch\u00ed th\u1ec3 thao<\/span><\/h3>\n<p><span style=\"font-weight: 400;\">Tr\u01b0\u1edbc khi tr\u1edf th\u00e0nh ph\u00f3ng vi\u00ean ch\u00ednh th\u1ee9c t\u1ea1i Xoilac, t\u00e1c gi\u1ea3 V\u0169 Uy \u0111\u00e3 c\u00f3 th\u1eddi gian c\u1ed9ng t\u00e1c vi\u1ebft b\u00e0i cho m\u1ed9t s\u1ed1 trang tin v\u00e0 di\u1ec5n \u0111\u00e0n b\u00f3ng \u0111\u00e1 tr\u1ef1c tuy\u1ebfn. \u0110\u00e2y l\u00e0 giai \u0111o\u1ea1n quan tr\u1ecdng gi\u00fap anh r\u00e8n luy\u1ec7n kh\u1ea3 n\u0103ng c\u1eadp nh\u1eadt th\u00f4ng tin nhanh v\u00e0 x\u00e2y d\u1ef1ng phong c\u00e1ch vi\u1ebft ri\u00eang. Nh\u1edd s\u1ef1 ch\u0103m ch\u1ec9 v\u00e0 kh\u1ea3 n\u0103ng quan s\u00e1t t\u1ed1t, nhi\u1ec1u b\u00e0i vi\u1ebft c\u1ee7a anh nh\u1eadn \u0111\u01b0\u1ee3c s\u1ef1 quan t\u00e2m t\u1eeb c\u1ed9ng \u0111\u1ed3ng ng\u01b0\u1eddi h\u00e2m m\u1ed9 b\u00f3ng \u0111\u00e1.<\/span><\/p>\n<h3><span style=\"font-weight: 400;\">T\u00e1c gi\u1ea3 V\u0169 Uy v\u1edbi c\u00e1c \u0111\u00f3ng g\u00f3p n\u1ed9i dung n\u1ed5i b\u1eadt t\u1ea1i Xoilac<\/span><\/h3>\n<p><span style=\"font-weight: 400;\">Sau khi gia nh\u1eadp \u0111\u1ed9i ng\u0169 Xoilac, V\u0169 Uy \u0111\u1ea3m nh\u1eadn vai tr\u00f2 ph\u00f3ng vi\u00ean n\u1ed9i dung, t\u1eadp trung v\u00e0o m\u1ea3ng tin t\u1ee9c v\u00e0 ph\u00e2n t\u00edch c\u00e1c gi\u1ea3i \u0111\u1ea5u l\u1edbn. Anh tham gia bi\u00ean so\u1ea1n nhi\u1ec1u b\u00e0i vi\u1ebft li\u00ean quan \u0111\u1ebfn l\u1ecbch thi \u0111\u1ea5u, nh\u1eadn \u0111\u1ecbnh tr\u1eadn \u0111\u1ea5u v\u00e0 t\u1ed5ng h\u1ee3p tin n\u00f3ng c\u1ee7a l\u00e0ng t\u00fac c\u1ea7u. C\u00e1c b\u00e0i vi\u1ebft c\u1ee7a V\u0169 Uy th\u01b0\u1eddng \u0111\u01b0\u1ee3c \u0111\u00e1nh gi\u00e1 cao nh\u1edd c\u00e1ch di\u1ec5n \u0111\u1ea1t d\u1ec5 hi\u1ec3u, g\u00f3c nh\u00ecn tr\u1ebb trung v\u00e0 kh\u1ea3 n\u0103ng truy\u1ec1n t\u1ea3i kh\u00f4ng kh\u00ed s\u00f4i \u0111\u1ed9ng c\u1ee7a t\u1eebng tr\u1eadn \u0111\u1ea5u.<\/span><\/p>\n<h3><span style=\"font-weight: 400;\">Nh\u1eefng d\u1ea5u \u1ea5n trong h\u00e0nh tr\u00ecnh l\u00e0m ngh\u1ec1<\/span><\/h3>\n<p><span style=\"font-weight: 400;\">D\u00f9 m\u1edbi ho\u1ea1t \u0111\u1ed9ng trong l\u0129nh v\u1ef1c b\u00e1o ch\u00ed th\u1ec3 thao ch\u01b0a qu\u00e1 l\u00e2u, t\u00e1c gi\u1ea3 V\u0169 Uy \u0111\u00e3 t\u00edch l\u0169y \u0111\u01b0\u1ee3c nhi\u1ec1u kinh nghi\u1ec7m th\u1ef1c t\u1ebf trong vi\u1ec7c theo d\u00f5i v\u00e0 ph\u00e2n t\u00edch b\u00f3ng \u0111\u00e1. Anh \u0111\u01b0\u1ee3c \u0111\u00e1nh gi\u00e1 l\u00e0 m\u1ed9t trong nh\u1eefng c\u00e2y b\u00fat tr\u1ebb n\u0103ng \u0111\u1ed9ng c\u1ee7a Xoilac, lu\u00f4n ch\u1ee7 \u0111\u1ed9ng c\u1eadp nh\u1eadt th\u00f4ng tin v\u00e0 t\u00ecm ki\u1ebfm g\u00f3c nh\u00ecn m\u1edbi cho n\u1ed9i dung th\u1ec3 thao. V\u1edbi tinh th\u1ea7n c\u1ea7u ti\u1ebfn v\u00e0 ni\u1ec1m \u0111am m\u00ea d\u00e0nh cho b\u00f3ng \u0111\u00e1, V\u0169 Uy \u0111\u01b0\u1ee3c k\u1ef3 v\u1ecdng s\u1ebd ti\u1ebfp t\u1ee5c ph\u00e1t tri\u1ec3n v\u00e0 mang \u0111\u1ebfn nhi\u1ec1u b\u00e0i vi\u1ebft ch\u1ea5t l\u01b0\u1ee3ng h\u01a1n trong t\u01b0\u01a1ng lai.<\/span><\/p>\n<h2><span style=\"font-weight: 400;\">\u0110\u1ecbnh h\u01b0\u1edbng ph\u00e1t tri\u1ec3n trong t\u01b0\u01a1ng lai<\/span><\/h2>\n<p><span style=\"font-weight: 400;\">Trong th\u1eddi gian t\u1edbi, t\u00e1c gi\u1ea3 V\u0169 Uy \u0111\u1eb7t m\u1ee5c ti\u00eau ti\u1ebfp t\u1ee5c trau d\u1ed3i k\u1ef9 n\u0103ng vi\u1ebft b\u00e1o th\u1ec3 thao v\u00e0 m\u1edf r\u1ed9ng ki\u1ebfn th\u1ee9c chuy\u00ean m\u00f4n v\u1ec1 c\u00e1c gi\u1ea3i \u0111\u1ea5u l\u1edbn tr\u00ean th\u1ebf gi\u1edbi. Anh mong mu\u1ed1n mang \u0111\u1ebfn nhi\u1ec1u b\u00e0i ph\u00e2n t\u00edch s\u00e2u s\u1eafc, n\u1ed9i dung ch\u1ea5t l\u01b0\u1ee3ng v\u00e0 g\u00f3c nh\u00ecn m\u1edbi m\u1ebb cho \u0111\u1ed9c gi\u1ea3 c\u1ee7a Xoilac. B\u00ean c\u1ea1nh \u0111\u00f3, V\u0169 Uy c\u0169ng h\u01b0\u1edbng \u0111\u1ebfn vi\u1ec7c tham gia nhi\u1ec1u d\u1ef1 \u00e1n n\u1ed9i dung l\u1edbn c\u1ee7a n\u1ec1n t\u1ea3ng, t\u1eebng b\u01b0\u1edbc kh\u1eb3ng \u0111\u1ecbnh v\u1ecb tr\u00ed c\u1ee7a m\u00ecnh trong \u0111\u1ed9i ng\u0169 ph\u00f3ng vi\u00ean tr\u1ebb \u0111\u1ea7y ti\u1ec1m n\u0103ng.<\/span><\/p>\n<p>Xem th\u00eam: <a href=\"\/gioi-thieu\/\">Gi\u1edbi thi\u1ec7u<\/a><\/p>\n<h2><span style=\"font-weight: 400;\">L\u1eddi k\u1ebft<\/span><\/h2>\n<p><span style=\"font-weight: 400;\">Kh\u1edfi \u0111\u1ea7u t\u1eeb ni\u1ec1m y\u00eau th\u00edch b\u00f3ng \u0111\u00e1 v\u00e0 tinh th\u1ea7n l\u00e0m ngh\u1ec1 nghi\u00eam t\u00fac, <a href=\"\/tac-gia-vu-uy\/\">t\u00e1c gi\u1ea3 V\u0169 Uy<\/a> \u0111\u00e3 t\u1eebng b\u01b0\u1edbc t\u00ecm \u0111\u01b0\u1ee3c ch\u1ed7 \u0111\u1ee9ng trong \u0111\u1ed9i ng\u0169 n\u1ed9i dung c\u1ee7a Xoilac. Nh\u1eefng b\u00e0i vi\u1ebft gi\u00e0u n\u0103ng l\u01b0\u1ee3ng v\u00e0 g\u00f3c nh\u00ecn tr\u1ebb trung c\u1ee7a anh g\u00f3p ph\u1ea7n mang \u0111\u1ebfn s\u1eafc m\u00e0u m\u1edbi cho chuy\u00ean m\u1ee5c th\u1ec3 thao. V\u1edbi kh\u00e1t v\u1ecdng ph\u00e1t tri\u1ec3n l\u00e2u d\u00e0i, V\u0169 Uy h\u1ee9a h\u1eb9n s\u1ebd ti\u1ebfp t\u1ee5c theo \u0111u\u1ed5i con \u0111\u01b0\u1eddng b\u00e1o ch\u00ed th\u1ec3 thao v\u00e0 t\u1ea1o th\u00eam nhi\u1ec1u d\u1ea5u \u1ea5n \u0111\u00e1ng nh\u1edb trong t\u01b0\u01a1ng lai.<br \/>\n<\/span><\/p>\n<div><\/div>\n<p><span style=\"font-weight: 400;\">\u00a0<\/span><\/p>\n","protected":false},"excerpt":{"rendered":"<p>V\u0169 Uy l\u00e0 m\u1ed9t trong nh\u1eefng g\u01b0\u01a1ng m\u1eb7t tr\u1ebb trong \u0111\u1ed9i ng\u0169 ph\u00f3ng vi\u00ean c\u1ee7a Xoilac, mang theo tinh th\u1ea7n nhi\u1ec7t huy\u1ebft v\u00e0 g\u00f3c nh\u00ecn \u0111\u1ea7y n\u0103ng l\u01b0\u1ee3ng v\u1ec1 b\u00f3ng \u0111\u00e1. V\u1edbi ni\u1ec1m \u0111am m\u00ea d\u00e0nh cho s\u00e2n c\u1ecf, anh lu\u00f4n theo s\u00e1t nh\u1eefng chuy\u1ec3n \u0111\u1ed9ng c\u1ee7a l\u00e0ng t\u00fac c\u1ea7u \u0111\u1ec3 mang \u0111\u1ebfn c\u00e1c b\u00e0i [&#8230;]\n","protected":false},"author":1,"featured_media":47,"parent":0,"menu_order":0,"comment_status":"closed","ping_status":"closed","template":"","meta":{"footnotes":""},"class_list":["post-31","page","type-page","status-publish","has-post-thumbnail","hentry"],"yoast_head":"<!-- This site is optimized with the Yoast SEO plugin v27.1.1 - https:\/\/yoast.com\/product\/yoast-seo-wordpress\/ -->\n<title>T\u00e1c Gi\u1ea3 V\u0169 Uy<\/title>\n<meta name=\"description\" content=\"t\u00e1c gi\u1ea3 V\u0169 Uy l\u00e0 ph\u00f3ng vi\u00ean tr\u1ebb \u0111\u1ebfn t\u1eeb \u0111\u1ed9i ng\u0169 Xoilac, mang \u0111\u1ebfn nh\u1eefng b\u00e0i vi\u1ebft b\u00f3ng \u0111\u00e1 nhanh nh\u1ea1y, g\u00f3c nh\u00ecn m\u1edbi m\u1ebb v\u00e0 g\u00f3p ph\u1ea7n l\u00e0m phong ph\u00fa\" \/>\n<meta name=\"robots\" content=\"index, follow, max-snippet:-1, max-image-preview:large, max-video-preview:-1\" \/>\n<link rel=\"canonical\" href=\"https:\/\/us-places.com\/index.php\/tac-gia-vu-uy\/\" \/>\n<meta property=\"og:locale\" content=\"vi_VN\" \/>\n<meta property=\"og:type\" content=\"article\" \/>\n<meta property=\"og:title\" content=\"T\u00e1c Gi\u1ea3 V\u0169 Uy\" \/>\n<meta property=\"og:description\" content=\"t\u00e1c gi\u1ea3 V\u0169 Uy l\u00e0 ph\u00f3ng vi\u00ean tr\u1ebb \u0111\u1ebfn t\u1eeb \u0111\u1ed9i ng\u0169 Xoilac, mang \u0111\u1ebfn nh\u1eefng b\u00e0i vi\u1ebft b\u00f3ng \u0111\u00e1 nhanh nh\u1ea1y, g\u00f3c nh\u00ecn m\u1edbi m\u1ebb v\u00e0 g\u00f3p ph\u1ea7n l\u00e0m phong ph\u00fa\" \/>\n<meta property=\"og:url\" content=\"https:\/\/us-places.com\/index.php\/tac-gia-vu-uy\/\" \/>\n<meta property=\"og:site_name\" content=\"Xoilac TV - Tr\u1ef1c Ti\u1ebfp B\u00f3ng \u0110\u00e1 Full HD - Tructiepbongda 90phut\" \/>\n<meta property=\"article:modified_time\" content=\"2026-04-21T08:18:48+00:00\" \/>\n<meta property=\"og:image\" content=\"https:\/\/us-places.com\/wp-content\/uploads\/2026\/03\/tac-gia-vu-uy-00.jpg\" \/>\n\t<meta property=\"og:image:width\" content=\"800\" \/>\n\t<meta property=\"og:image:height\" content=\"1200\" \/>\n\t<meta property=\"og:image:type\" content=\"image\/jpeg\" \/>\n<meta name=\"twitter:card\" content=\"summary_large_image\" \/>\n<meta name=\"twitter:label1\" content=\"\u01af\u1edbc t\u00ednh th\u1eddi gian \u0111\u1ecdc\" \/>\n\t<meta name=\"twitter:data1\" content=\"7 ph\u00fat\" \/>\n<script type=\"application\/ld+json\" class=\"yoast-schema-graph\">{\"@context\":\"https:\/\/schema.org\",\"@graph\":[{\"@type\":\"WebPage\",\"@id\":\"https:\/\/us-places.com\/index.php\/tac-gia-vu-uy\/\",\"url\":\"https:\/\/us-places.com\/index.php\/tac-gia-vu-uy\/\",\"name\":\"T\u00e1c Gi\u1ea3 V\u0169 Uy\",\"isPartOf\":{\"@id\":\"https:\/\/us-places.com\/#website\"},\"primaryImageOfPage\":{\"@id\":\"https:\/\/us-places.com\/index.php\/tac-gia-vu-uy\/#primaryimage\"},\"image\":{\"@id\":\"https:\/\/us-places.com\/index.php\/tac-gia-vu-uy\/#primaryimage\"},\"thumbnailUrl\":\"https:\/\/us-places.com\/wp-content\/uploads\/2026\/03\/tac-gia-vu-uy-00.jpg\",\"datePublished\":\"2026-03-13T15:15:04+00:00\",\"dateModified\":\"2026-04-21T08:18:48+00:00\",\"description\":\"t\u00e1c gi\u1ea3 V\u0169 Uy l\u00e0 ph\u00f3ng vi\u00ean tr\u1ebb \u0111\u1ebfn t\u1eeb \u0111\u1ed9i ng\u0169 Xoilac, mang \u0111\u1ebfn nh\u1eefng b\u00e0i vi\u1ebft b\u00f3ng \u0111\u00e1 nhanh nh\u1ea1y, g\u00f3c nh\u00ecn m\u1edbi m\u1ebb v\u00e0 g\u00f3p ph\u1ea7n l\u00e0m phong ph\u00fa\",\"breadcrumb\":{\"@id\":\"https:\/\/us-places.com\/index.php\/tac-gia-vu-uy\/#breadcrumb\"},\"inLanguage\":\"vi\",\"potentialAction\":[{\"@type\":\"ReadAction\",\"target\":[\"https:\/\/us-places.com\/index.php\/tac-gia-vu-uy\/\"]}]},{\"@type\":\"ImageObject\",\"inLanguage\":\"vi\",\"@id\":\"https:\/\/us-places.com\/index.php\/tac-gia-vu-uy\/#primaryimage\",\"url\":\"https:\/\/us-places.com\/wp-content\/uploads\/2026\/03\/tac-gia-vu-uy-00.jpg\",\"contentUrl\":\"https:\/\/us-places.com\/wp-content\/uploads\/2026\/03\/tac-gia-vu-uy-00.jpg\",\"width\":800,\"height\":1200,\"caption\":\"Ta\u0301c gia\u0309 V\u0169 Uy\"},{\"@type\":\"BreadcrumbList\",\"@id\":\"https:\/\/us-places.com\/index.php\/tac-gia-vu-uy\/#breadcrumb\",\"itemListElement\":[{\"@type\":\"ListItem\",\"position\":1,\"name\":\"Trang ch\u1ee7\",\"item\":\"https:\/\/us-places.com\/\"},{\"@type\":\"ListItem\",\"position\":2,\"name\":\"T\u00e1c Gi\u1ea3 V\u0169 Uy\"}]},{\"@type\":\"WebSite\",\"@id\":\"https:\/\/us-places.com\/#website\",\"url\":\"https:\/\/us-places.com\/\",\"name\":\"Xoilac TV - Tr\u1ef1c Ti\u1ebfp B\u00f3ng \u0110\u00e1 Full HD - Tructiepbongda 90phut\",\"description\":\"Xoilac TV\",\"publisher\":{\"@id\":\"https:\/\/us-places.com\/#organization\"},\"potentialAction\":[{\"@type\":\"SearchAction\",\"target\":{\"@type\":\"EntryPoint\",\"urlTemplate\":\"https:\/\/us-places.com\/?s={search_term_string}\"},\"query-input\":{\"@type\":\"PropertyValueSpecification\",\"valueRequired\":true,\"valueName\":\"search_term_string\"}}],\"inLanguage\":\"vi\"},{\"@type\":\"Organization\",\"@id\":\"https:\/\/us-places.com\/#organization\",\"name\":\"Xoilac TV\",\"alternateName\":\"Tr\u1ef1c ti\u1ebfp b\u00f3ng \u0111\u00e1 xoilac tv\",\"url\":\"https:\/\/us-places.com\/\",\"logo\":{\"@type\":\"ImageObject\",\"inLanguage\":\"vi\",\"@id\":\"https:\/\/us-places.com\/#\/schema\/logo\/image\/\",\"url\":\"https:\/\/us-places.com\/wp-content\/uploads\/2026\/04\/xoilac365-tv.png\",\"contentUrl\":\"https:\/\/us-places.com\/wp-content\/uploads\/2026\/04\/xoilac365-tv.png\",\"width\":512,\"height\":512,\"caption\":\"Xoilac TV\"},\"image\":{\"@id\":\"https:\/\/us-places.com\/#\/schema\/logo\/image\/\"}}]}<\/script>\n<!-- \/ Yoast SEO plugin. -->","yoast_head_json":{"title":"T\u00e1c Gi\u1ea3 V\u0169 Uy","description":"t\u00e1c gi\u1ea3 V\u0169 Uy l\u00e0 ph\u00f3ng vi\u00ean tr\u1ebb \u0111\u1ebfn t\u1eeb \u0111\u1ed9i ng\u0169 Xoilac, mang \u0111\u1ebfn nh\u1eefng b\u00e0i vi\u1ebft b\u00f3ng \u0111\u00e1 nhanh nh\u1ea1y, g\u00f3c nh\u00ecn m\u1edbi m\u1ebb v\u00e0 g\u00f3p ph\u1ea7n l\u00e0m phong ph\u00fa","robots":{"index":"index","follow":"follow","max-snippet":"max-snippet:-1","max-image-preview":"max-image-preview:large","max-video-preview":"max-video-preview:-1"},"canonical":"https:\/\/us-places.com\/index.php\/tac-gia-vu-uy\/","og_locale":"vi_VN","og_type":"article","og_title":"T\u00e1c Gi\u1ea3 V\u0169 Uy","og_description":"t\u00e1c gi\u1ea3 V\u0169 Uy l\u00e0 ph\u00f3ng vi\u00ean tr\u1ebb \u0111\u1ebfn t\u1eeb \u0111\u1ed9i ng\u0169 Xoilac, mang \u0111\u1ebfn nh\u1eefng b\u00e0i vi\u1ebft b\u00f3ng \u0111\u00e1 nhanh nh\u1ea1y, g\u00f3c nh\u00ecn m\u1edbi m\u1ebb v\u00e0 g\u00f3p ph\u1ea7n l\u00e0m phong ph\u00fa","og_url":"https:\/\/us-places.com\/index.php\/tac-gia-vu-uy\/","og_site_name":"Xoilac TV - Tr\u1ef1c Ti\u1ebfp B\u00f3ng \u0110\u00e1 Full HD - Tructiepbongda 90phut","article_modified_time":"2026-04-21T08:18:48+00:00","og_image":[{"width":800,"height":1200,"url":"https:\/\/us-places.com\/wp-content\/uploads\/2026\/03\/tac-gia-vu-uy-00.jpg","type":"image\/jpeg"}],"twitter_card":"summary_large_image","twitter_misc":{"\u01af\u1edbc t\u00ednh th\u1eddi gian \u0111\u1ecdc":"7 ph\u00fat"},"schema":{"@context":"https:\/\/schema.org","@graph":[{"@type":"WebPage","@id":"https:\/\/us-places.com\/index.php\/tac-gia-vu-uy\/","url":"https:\/\/us-places.com\/index.php\/tac-gia-vu-uy\/","name":"T\u00e1c Gi\u1ea3 V\u0169 Uy","isPartOf":{"@id":"https:\/\/us-places.com\/#website"},"primaryImageOfPage":{"@id":"https:\/\/us-places.com\/index.php\/tac-gia-vu-uy\/#primaryimage"},"image":{"@id":"https:\/\/us-places.com\/index.php\/tac-gia-vu-uy\/#primaryimage"},"thumbnailUrl":"https:\/\/us-places.com\/wp-content\/uploads\/2026\/03\/tac-gia-vu-uy-00.jpg","datePublished":"2026-03-13T15:15:04+00:00","dateModified":"2026-04-21T08:18:48+00:00","description":"t\u00e1c gi\u1ea3 V\u0169 Uy l\u00e0 ph\u00f3ng vi\u00ean tr\u1ebb \u0111\u1ebfn t\u1eeb \u0111\u1ed9i ng\u0169 Xoilac, mang \u0111\u1ebfn nh\u1eefng b\u00e0i vi\u1ebft b\u00f3ng \u0111\u00e1 nhanh nh\u1ea1y, g\u00f3c nh\u00ecn m\u1edbi m\u1ebb v\u00e0 g\u00f3p ph\u1ea7n l\u00e0m phong ph\u00fa","breadcrumb":{"@id":"https:\/\/us-places.com\/index.php\/tac-gia-vu-uy\/#breadcrumb"},"inLanguage":"vi","potentialAction":[{"@type":"ReadAction","target":["https:\/\/us-places.com\/index.php\/tac-gia-vu-uy\/"]}]},{"@type":"ImageObject","inLanguage":"vi","@id":"https:\/\/us-places.com\/index.php\/tac-gia-vu-uy\/#primaryimage","url":"https:\/\/us-places.com\/wp-content\/uploads\/2026\/03\/tac-gia-vu-uy-00.jpg","contentUrl":"https:\/\/us-places.com\/wp-content\/uploads\/2026\/03\/tac-gia-vu-uy-00.jpg","width":800,"height":1200,"caption":"Ta\u0301c gia\u0309 V\u0169 Uy"},{"@type":"BreadcrumbList","@id":"https:\/\/us-places.com\/index.php\/tac-gia-vu-uy\/#breadcrumb","itemListElement":[{"@type":"ListItem","position":1,"name":"Trang ch\u1ee7","item":"https:\/\/us-places.com\/"},{"@type":"ListItem","position":2,"name":"T\u00e1c Gi\u1ea3 V\u0169 Uy"}]},{"@type":"WebSite","@id":"https:\/\/us-places.com\/#website","url":"https:\/\/us-places.com\/","name":"Xoilac TV - Tr\u1ef1c Ti\u1ebfp B\u00f3ng \u0110\u00e1 Full HD - Tructiepbongda 90phut","description":"Xoilac TV","publisher":{"@id":"https:\/\/us-places.com\/#organization"},"potentialAction":[{"@type":"SearchAction","target":{"@type":"EntryPoint","urlTemplate":"https:\/\/us-places.com\/?s={search_term_string}"},"query-input":{"@type":"PropertyValueSpecification","valueRequired":true,"valueName":"search_term_string"}}],"inLanguage":"vi"},{"@type":"Organization","@id":"https:\/\/us-places.com\/#organization","name":"Xoilac TV","alternateName":"Tr\u1ef1c ti\u1ebfp b\u00f3ng \u0111\u00e1 xoilac tv","url":"https:\/\/us-places.com\/","logo":{"@type":"ImageObject","inLanguage":"vi","@id":"https:\/\/us-places.com\/#\/schema\/logo\/image\/","url":"https:\/\/us-places.com\/wp-content\/uploads\/2026\/04\/xoilac365-tv.png","contentUrl":"https:\/\/us-places.com\/wp-content\/uploads\/2026\/04\/xoilac365-tv.png","width":512,"height":512,"caption":"Xoilac TV"},"image":{"@id":"https:\/\/us-places.com\/#\/schema\/logo\/image\/"}}]}},"_links":{"self":[{"href":"https:\/\/us-places.com\/index.php\/wp-json\/wp\/v2\/pages\/31","targetHints":{"allow":["GET"]}}],"collection":[{"href":"https:\/\/us-places.com\/index.php\/wp-json\/wp\/v2\/pages"}],"about":[{"href":"https:\/\/us-places.com\/index.php\/wp-json\/wp\/v2\/types\/page"}],"author":[{"embeddable":true,"href":"https:\/\/us-places.com\/index.php\/wp-json\/wp\/v2\/users\/1"}],"replies":[{"embeddable":true,"href":"https:\/\/us-places.com\/index.php\/wp-json\/wp\/v2\/comments?post=31"}],"version-history":[{"count":6,"href":"https:\/\/us-places.com\/index.php\/wp-json\/wp\/v2\/pages\/31\/revisions"}],"predecessor-version":[{"id":73,"href":"https:\/\/us-places.com\/index.php\/wp-json\/wp\/v2\/pages\/31\/revisions\/73"}],"wp:featuredmedia":[{"embeddable":true,"href":"https:\/\/us-places.com\/index.php\/wp-json\/wp\/v2\/media\/47"}],"wp:attachment":[{"href":"https:\/\/us-places.com\/index.php\/wp-json\/wp\/v2\/media?parent=31"}],"curies":[{"name":"wp","href":"https:\/\/api.w.org\/{rel}","templated":true}]}}