{"id":34,"date":"2026-03-13T15:16:14","date_gmt":"2026-03-13T15:16:14","guid":{"rendered":"https:\/\/us-places.com\/?page_id=34"},"modified":"2026-03-13T15:16:14","modified_gmt":"2026-03-13T15:16:14","slug":"ket-qua-bong-da","status":"publish","type":"page","link":"https:\/\/us-places.com\/index.php\/ket-qua-bong-da\/","title":{"rendered":"K\u1ebft Qu\u1ea3 B\u00f3ng \u0110\u00e1"},"content":{"rendered":"<p><span style=\"font-weight: 400;\">K\u1ebft qu\u1ea3 b\u00f3ng \u0111\u00e1 t\u1ea1i <a href=\"\/\">Xoilac<\/a> \u0111\u01b0\u1ee3c x\u00e2y d\u1ef1ng nh\u01b0 m\u1ed9t \u0111i\u1ec3m d\u1eebng nhanh d\u00e0nh cho ng\u01b0\u1eddi h\u00e2m m\u1ed9 mu\u1ed1n c\u1eadp nh\u1eadt di\u1ec5n bi\u1ebfn c\u00e1c tr\u1eadn c\u1ea7u \u0111\u00e3 kh\u00e9p l\u1ea1i. Ch\u1ec9 v\u1edbi v\u00e0i thao t\u00e1c truy c\u1eadp, b\u1ea1n c\u00f3 th\u1ec3 n\u1eafm b\u1eaft t\u1ef7 s\u1ed1, k\u1ebft c\u1ee5c v\u00e0 nh\u1eefng thay \u0111\u1ed5i \u0111\u00e1ng ch\u00fa \u00fd sau m\u1ed7i v\u00f2ng \u0111\u1ea5u. T\u00ednh n\u0103ng n\u00e0y gi\u00fap h\u00e0nh tr\u00ecnh theo d\u00f5i b\u00f3ng \u0111\u00e1 tr\u1edf n\u00ean li\u1ec1n m\u1ea1ch, d\u00f9 b\u1ea1n kh\u00f4ng th\u1ec3 xem tr\u1ef1c ti\u1ebfp tr\u1eadn \u0111\u1ea5u.<\/span><\/p>\n<h2><span style=\"font-weight: 400;\">Gi\u1edbi thi\u1ec7u t\u00ednh n\u0103ng k\u1ebft qu\u1ea3 b\u00f3ng \u0111\u00e1 c\u1ee7a Xoilac<\/span><\/h2>\n<p><span style=\"font-weight: 400;\">T\u00ednh n\u0103ng \u0111\u01b0\u1ee3c x\u00e2y d\u1ef1ng nh\u1eb1m gi\u00fap ng\u01b0\u1eddi h\u00e2m m\u1ed9 nhanh ch\u00f3ng n\u1eafm b\u1eaft k\u1ebft c\u1ee5c c\u1ee7a c\u00e1c tr\u1eadn \u0111\u1ea5u m\u00e0 kh\u00f4ng c\u1ea7n theo d\u00f5i tr\u1ef1c ti\u1ebfp t\u1eeb \u0111\u1ea7u \u0111\u1ebfn cu\u1ed1i. Ch\u1ec9 c\u1ea7n truy c\u1eadp v\u00e0o chuy\u00ean m\u1ee5c n\u00e0y, ng\u01b0\u1eddi xem c\u00f3 th\u1ec3 d\u1ec5 d\u00e0ng t\u00ecm th\u1ea5y t\u1ef7 s\u1ed1 chung cu\u1ed9c c\u1ee7a nhi\u1ec1u tr\u1eadn \u0111\u1ea5u di\u1ec5n ra trong ng\u00e0y.\u00a0<\/span><\/p>\n<p><span style=\"font-weight: 400;\">\u0110i\u1ec3m n\u1ed5i b\u1eadt c\u1ee7a t\u00ednh n\u0103ng n\u00e0y n\u1eb1m \u1edf c\u00e1ch hi\u1ec3n th\u1ecb th\u00f4ng tin r\u00f5 r\u00e0ng v\u00e0 d\u1ec5 theo d\u00f5i. M\u1ed7i tr\u1eadn \u0111\u1ea5u \u0111\u1ec1u \u0111\u01b0\u1ee3c s\u1eafp x\u1ebfp theo t\u1eebng gi\u1ea3i \u0111\u1ea5u, gi\u00fap ng\u01b0\u1eddi d\u00f9ng nhanh ch\u00f3ng t\u00ecm ra tr\u1eadn m\u00ecnh quan t\u00e2m. T\u1ef7 s\u1ed1, t\u00ean \u0111\u1ed9i b\u00f3ng v\u00e0 th\u1eddi gian thi \u0111\u1ea5u \u0111\u01b0\u1ee3c tr\u00ecnh b\u00e0y tr\u1ef1c quan, mang l\u1ea1i c\u1ea3m gi\u00e1c d\u1ec5 \u0111\u1ecdc v\u00e0 d\u1ec5 tra c\u1ee9u ngay c\u1ea3 khi truy c\u1eadp b\u1eb1ng \u0111i\u1ec7n tho\u1ea1i.<\/span><\/p>\n<p><span style=\"font-weight: 400;\">Ngo\u00e0i vi\u1ec7c c\u1eadp nh\u1eadt k\u1ebft qu\u1ea3 b\u00f3ng \u0111\u00e1 c\u1ee7a c\u00e1c tr\u1eadn \u0111\u1ea5u l\u1edbn, h\u1ec7 th\u1ed1ng c\u1ee7a Xoilac c\u00f2n t\u1ed5ng h\u1ee3p k\u1ebft qu\u1ea3 t\u1eeb nhi\u1ec1u gi\u1ea3i \u0111\u1ea5u kh\u00e1c nhau tr\u00ean th\u1ebf gi\u1edbi. Nh\u1edd v\u1eady, ng\u01b0\u1eddi h\u00e2m m\u1ed9 c\u00f3 th\u1ec3 theo d\u00f5i b\u1ee9c tranh chung c\u1ee7a b\u00f3ng \u0111\u00e1 trong ng\u00e0y m\u00e0 kh\u00f4ng c\u1ea7n chuy\u1ec3n qua nhi\u1ec1u trang web kh\u00e1c nhau. T\u00ednh n\u0103ng n\u00e0y g\u00f3p ph\u1ea7n gi\u00fap vi\u1ec7c c\u1eadp nh\u1eadt th\u00f4ng tin b\u00f3ng \u0111\u00e1 tr\u1edf n\u00ean nhanh ch\u00f3ng, ti\u1ec7n l\u1ee3i v\u00e0 li\u1ec1n m\u1ea1ch h\u01a1n.<\/span><\/p>\n<figure id=\"attachment_25\" aria-describedby=\"caption-attachment-25\" style=\"width: 800px\" class=\"wp-caption aligncenter\"><img loading=\"lazy\" decoding=\"async\" class=\"size-full wp-image-25\" src=\"https:\/\/us-places.com\/wp-content\/uploads\/2026\/03\/ket-qua-bong-da-4-2.jpg\" alt=\"Gi\u1edbi thi\u1ec7u t\u00ednh n\u0103ng k\u1ebft qu\u1ea3 b\u00f3ng \u0111\u00e1 c\u1ee7a Xoilac\" width=\"800\" height=\"450\" srcset=\"https:\/\/us-places.com\/wp-content\/uploads\/2026\/03\/ket-qua-bong-da-4-2.jpg 800w, https:\/\/us-places.com\/wp-content\/uploads\/2026\/03\/ket-qua-bong-da-4-2-300x169.jpg 300w, https:\/\/us-places.com\/wp-content\/uploads\/2026\/03\/ket-qua-bong-da-4-2-768x432.jpg 768w\" sizes=\"auto, (max-width: 800px) 100vw, 800px\" \/><figcaption id=\"caption-attachment-25\" class=\"wp-caption-text\">Gi\u1edbi thi\u1ec7u t\u00ednh n\u0103ng k\u1ebft qu\u1ea3 b\u00f3ng \u0111\u00e1 c\u1ee7a Xoilac<\/figcaption><\/figure>\n<h2><span style=\"font-weight: 400;\">T\u1ea1i sao n\u00ean tra c\u1ee9u k\u1ebft qu\u1ea3 b\u00f3ng \u0111\u00e1 t\u1ea1i Xoilac?<\/span><\/h2>\n<p><span style=\"font-weight: 400;\">Trong nh\u1ecbp s\u1ed1ng b\u1eadn r\u1ed9n, nhi\u1ec1u ng\u01b0\u1eddi h\u00e2m m\u1ed9 kh\u00f4ng ph\u1ea3i l\u00fac n\u00e0o c\u0169ng k\u1ecbp theo d\u00f5i tr\u1ecdn v\u1eb9n 90 ph\u00fat c\u1ee7a m\u1ed9t tr\u1eadn \u0111\u1ea5u. V\u00ec th\u1ebf, vi\u1ec7c t\u00ecm l\u1ea1i k\u1ebft qu\u1ea3 sau khi tr\u1eadn c\u1ea7u kh\u00e9p l\u1ea1i tr\u1edf th\u00e0nh th\u00f3i quen quen thu\u1ed9c. T\u1ea1i Xoilac, chuy\u00ean m\u1ee5c k\u1ebft qu\u1ea3 b\u00f3ng \u0111\u00e1 \u0111\u01b0\u1ee3c x\u00e2y d\u1ef1ng nh\u01b0 m\u1ed9t \u201cb\u1ea3ng th\u00f4ng tin nhanh\u201d, n\u01a1i ng\u01b0\u1eddi xem c\u00f3 th\u1ec3 nh\u00ecn th\u1ea5y to\u00e0n c\u1ea3nh c\u00e1c tr\u1eadn \u0111\u1ea5u ch\u1ec9 sau v\u00e0i gi\u00e2y truy c\u1eadp.<\/span><\/p>\n<h3><span style=\"font-weight: 400;\">N\u1eafm b\u1eaft c\u1ee5c di\u1ec7n tr\u1eadn \u0111\u1ea5u ch\u1ec9 qua v\u00e0i d\u00f2ng th\u00f4ng tin<\/span><\/h3>\n<p><span style=\"font-weight: 400;\">T\u1ea1i Xoilac, k\u1ebft qu\u1ea3 b\u00f3ng \u0111\u00e1 \u0111\u01b0\u1ee3c tr\u00ecnh b\u00e0y nh\u01b0 m\u1ed9t b\u1ea3n t\u00f3m t\u1eaft nhanh c\u1ee7a tr\u1eadn \u0111\u1ea5u. Ng\u01b0\u1eddi xem ch\u1ec9 c\u1ea7n l\u01b0\u1edbt qua t\u1ef7 s\u1ed1 v\u00e0 th\u00f4ng tin hi\u1ec3n th\u1ecb l\u00e0 \u0111\u00e3 c\u00f3 th\u1ec3 h\u00ecnh dung \u0111\u01b0\u1ee3c di\u1ec5n bi\u1ebfn ch\u00ednh. Tr\u1eadn \u0111\u1ea5u nhi\u1ec1u b\u00e0n th\u1eafng, th\u1ebf tr\u1eadn gi\u1eb1ng co hay m\u00e0n l\u1ed9i ng\u01b0\u1ee3c d\u00f2ng \u0111\u1ec1u \u0111\u01b0\u1ee3c ph\u1ea3n \u00e1nh r\u00f5 r\u00e0ng qua con s\u1ed1 cu\u1ed1i c\u00f9ng. \u0110i\u1ec1u n\u00e0y gi\u00fap ng\u01b0\u1eddi h\u00e2m m\u1ed9 v\u1eabn theo k\u1ecbp b\u00f3ng \u0111\u00e1 d\u00f9 kh\u00f4ng xem tr\u1ef1c ti\u1ebfp.<\/span><\/p>\n<h3><span style=\"font-weight: 400;\">M\u1ed9t \u0111i\u1ec3m \u0111\u1ebfn cho h\u00e0ng lo\u1ea1t gi\u1ea3i \u0111\u1ea5u kh\u00e1c nhau<\/span><\/h3>\n<p><span style=\"font-weight: 400;\">Xoilac t\u1eadp h\u1ee3p k\u1ebft qu\u1ea3 c\u1ee7a nhi\u1ec1u gi\u1ea3i \u0111\u1ea5u v\u00e0o c\u00f9ng m\u1ed9t chuy\u00ean m\u1ee5c, t\u1ea1o c\u1ea3m gi\u00e1c nh\u01b0 \u0111ang m\u1edf ra m\u1ed9t b\u1ea3ng t\u1ed5ng h\u1ee3p b\u00f3ng \u0111\u00e1 trong ng\u00e0y. T\u1eeb c\u00e1c gi\u1ea3i l\u1edbn cho \u0111\u1ebfn nh\u1eefng tr\u1eadn \u0111\u1ea5u \u00edt \u0111\u01b0\u1ee3c ch\u00fa \u00fd h\u01a1n \u0111\u1ec1u xu\u1ea5t hi\u1ec7n t\u1ea1i \u0111\u00e2y. Nh\u1edd c\u00e1ch s\u1eafp x\u1ebfp khoa h\u1ecdc, ng\u01b0\u1eddi xem c\u00f3 th\u1ec3 di chuy\u1ec3n nhanh gi\u1eefa c\u00e1c gi\u1ea3i \u0111\u1ea5u v\u00e0 c\u1eadp nh\u1eadt k\u1ebft qu\u1ea3 c\u1ee7a nhi\u1ec1u tr\u1eadn ch\u1ec9 trong m\u1ed9t l\u1ea7n truy c\u1eadp.\u00a0<\/span><\/p>\n<h3><span style=\"font-weight: 400;\">Tra c\u1ee9u k\u1ebft qu\u1ea3 b\u00f3ng \u0111\u00e1 theo c\u00e1ch nh\u1eb9 nh\u00e0ng v\u00e0 ti\u1ec7n l\u1ee3i<\/span><\/h3>\n<p><span style=\"font-weight: 400;\">Kh\u00f4ng c\u1ea7n thao t\u00e1c ph\u1ee9c t\u1ea1p, ng\u01b0\u1eddi d\u00f9ng v\u1eabn c\u00f3 th\u1ec3 t\u00ecm th\u1ea5y k\u1ebft qu\u1ea3 tr\u1eadn \u0111\u1ea5u m\u00ecnh quan t\u00e2m tr\u00ean Xoilac. Giao di\u1ec7n \u0111\u01b0\u1ee3c thi\u1ebft k\u1ebf g\u1ecdn g\u00e0ng, gi\u00fap th\u00f4ng tin hi\u1ec7n ra r\u00f5 r\u00e0ng ngay khi truy c\u1eadp. D\u00f9 s\u1eed d\u1ee5ng \u0111i\u1ec7n tho\u1ea1i hay m\u00e1y t\u00ednh, vi\u1ec7c ki\u1ec3m tra k\u1ebft qu\u1ea3 v\u1eabn di\u1ec5n ra m\u01b0\u1ee3t m\u00e0. Nh\u1edd v\u1eady, vi\u1ec7c c\u1eadp nh\u1eadt b\u00f3ng \u0111\u00e1 tr\u1edf n\u00ean \u0111\u01a1n gi\u1ea3n nh\u01b0 m\u1ed9t th\u00f3i quen l\u01b0\u1edbt tin m\u1ed7i ng\u00e0y.<\/span><\/p>\n<h2><span style=\"font-weight: 400;\">Nh\u1eefng l\u01b0u \u00fd khi c\u1eadp nh\u1eadt KQBD tr\u00ean h\u1ec7 th\u1ed1ng Xoilac<\/span><\/h2>\n<p><span style=\"font-weight: 400;\">Khi theo d\u00f5i k\u1ebft qu\u1ea3 b\u00f3ng \u0111\u00e1 tr\u00ean h\u1ec7 th\u1ed1ng Xoilac, ng\u01b0\u1eddi d\u00f9ng n\u00ean ch\u00fa \u00fd \u0111\u1ebfn th\u1eddi \u0111i\u1ec3m c\u1eadp nh\u1eadt c\u1ee7a t\u1eebng tr\u1eadn \u0111\u1ea5u. Th\u00f4ng th\u01b0\u1eddng, k\u1ebft qu\u1ea3 s\u1ebd \u0111\u01b0\u1ee3c hi\u1ec3n th\u1ecb ngay sau khi tr\u1eadn \u0111\u1ea5u kh\u00e9p l\u1ea1i ho\u1eb7c khi c\u00f3 th\u00f4ng tin ch\u00ednh th\u1ee9c t\u1eeb ban t\u1ed5 ch\u1ee9c gi\u1ea3i \u0111\u1ea5u. V\u00ec v\u1eady, trong m\u1ed9t s\u1ed1 tr\u01b0\u1eddng h\u1ee3p, t\u1ef7 s\u1ed1 c\u00f3 th\u1ec3 thay \u0111\u1ed5i trong qu\u00e1 tr\u00ecnh tr\u1eadn \u0111\u1ea5u \u0111ang di\u1ec5n ra tr\u01b0\u1edbc khi \u0111\u01b0\u1ee3c x\u00e1c nh\u1eadn l\u00e0 k\u1ebft qu\u1ea3 cu\u1ed1i c\u00f9ng.<\/span><\/p>\n<figure id=\"attachment_24\" aria-describedby=\"caption-attachment-24\" style=\"width: 800px\" class=\"wp-caption aligncenter\"><img loading=\"lazy\" decoding=\"async\" class=\"size-full wp-image-24\" src=\"https:\/\/us-places.com\/wp-content\/uploads\/2026\/03\/ket-qua-bong-da-4-1.jpg\" alt=\"Nh\u1eefng l\u01b0u \u00fd khi c\u1eadp nh\u1eadt KQBD tr\u00ean h\u1ec7 th\u1ed1ng Xoilac\" width=\"800\" height=\"450\" srcset=\"https:\/\/us-places.com\/wp-content\/uploads\/2026\/03\/ket-qua-bong-da-4-1.jpg 800w, https:\/\/us-places.com\/wp-content\/uploads\/2026\/03\/ket-qua-bong-da-4-1-300x169.jpg 300w, https:\/\/us-places.com\/wp-content\/uploads\/2026\/03\/ket-qua-bong-da-4-1-768x432.jpg 768w\" sizes=\"auto, (max-width: 800px) 100vw, 800px\" \/><figcaption id=\"caption-attachment-24\" class=\"wp-caption-text\">Nh\u1eefng l\u01b0u \u00fd khi c\u1eadp nh\u1eadt KQBD tr\u00ean h\u1ec7 th\u1ed1ng Xoilac<\/figcaption><\/figure>\n<p><span style=\"font-weight: 400;\">B\u00ean c\u1ea1nh \u0111\u00f3, ng\u01b0\u1eddi xem c\u0169ng n\u00ean ch\u00fa \u00fd \u0111\u1ebfn t\u00ean gi\u1ea3i \u0111\u1ea5u v\u00e0 v\u00f2ng \u0111\u1ea5u \u0111\u1ec3 tr\u00e1nh nh\u1ea7m l\u1eabn gi\u1eefa c\u00e1c tr\u1eadn c\u00f3 l\u1ecbch thi \u0111\u1ea5u g\u1ea7n gi\u1ed1ng nhau. H\u1ec7 th\u1ed1ng Xoilac t\u1ed5ng h\u1ee3p k\u1ebft qu\u1ea3 t\u1eeb nhi\u1ec1u gi\u1ea3i \u0111\u1ea5u kh\u00e1c nhau, v\u00ec v\u1eady vi\u1ec7c xem \u0111\u00fang gi\u1ea3i v\u00e0 \u0111\u00fang th\u1eddi \u0111i\u1ec3m thi \u0111\u1ea5u s\u1ebd gi\u00fap b\u1ea1n theo d\u00f5i th\u00f4ng tin ch\u00ednh x\u00e1c h\u01a1n.<\/span><\/p>\n<p><span style=\"font-weight: 400;\">Ngo\u00e0i ra, ng\u01b0\u1eddi d\u00f9ng n\u00ean l\u00e0m m\u1edbi trang ho\u1eb7c truy c\u1eadp l\u1ea1i chuy\u00ean m\u1ee5c k\u1ebft qu\u1ea3 khi mu\u1ed1n c\u1eadp nh\u1eadt th\u00f4ng tin m\u1edbi nh\u1ea5t. Vi\u1ec7c n\u00e0y gi\u00fap \u0111\u1ea3m b\u1ea3o d\u1eef li\u1ec7u hi\u1ec3n th\u1ecb lu\u00f4n l\u00e0 phi\u00ean b\u1ea3n c\u1eadp nh\u1eadt g\u1ea7n nh\u1ea5t t\u1eeb h\u1ec7 th\u1ed1ng. Nh\u1edd tu\u00e2n theo nh\u1eefng l\u01b0u \u00fd nh\u1ecf n\u00e0y, vi\u1ec7c theo d\u00f5i k\u1ebft qu\u1ea3 b\u00f3ng \u0111\u00e1 tr\u00ean Xoilac s\u1ebd tr\u1edf n\u00ean thu\u1eadn ti\u1ec7n v\u00e0 r\u00f5 r\u00e0ng h\u01a1n.<\/span><\/p>\n<p>Xem th\u00eam: <a href=\"\/tac-gia-vu-uy\/\">T\u00e1c Gi\u1ea3 V\u0169 Uy<\/a><\/p>\n<h2><span style=\"font-weight: 400;\">L\u1eddi k\u1ebft<\/span><\/h2>\n<p><span style=\"font-weight: 400;\">Kh\u00e9p l\u1ea1i, chuy\u00ean m\u1ee5c <a href=\"\/ket-qua-bong-da\/\">k\u1ebft qu\u1ea3 b\u00f3ng \u0111\u00e1<\/a> t\u1ea1i Xoilac mang \u0111\u1ebfn cho ng\u01b0\u1eddi h\u00e2m m\u1ed9 m\u1ed9t c\u00e1ch c\u1eadp nh\u1eadt th\u00f4ng tin nhanh g\u1ecdn v\u00e0 ti\u1ec7n l\u1ee3i sau m\u1ed7i tr\u1eadn \u0111\u1ea5u. V\u1edbi c\u00e1ch tr\u00ecnh b\u00e0y r\u00f5 r\u00e0ng, d\u1eef li\u1ec7u \u0111\u01b0\u1ee3c t\u1ed5ng h\u1ee3p t\u1eeb nhi\u1ec1u gi\u1ea3i \u0111\u1ea5u, ng\u01b0\u1eddi xem d\u1ec5 d\u00e0ng n\u1eafm b\u1eaft di\u1ec5n bi\u1ebfn b\u00f3ng \u0111\u00e1 trong ng\u00e0y. Nh\u1edd \u0111\u00f3, d\u00f9 b\u1ecf l\u1ee1 th\u1eddi \u0111i\u1ec3m tr\u1ef1c ti\u1ebfp, b\u1ea1n v\u1eabn c\u00f3 th\u1ec3 theo k\u1ecbp nh\u1ecbp chuy\u1ec3n \u0111\u1ed9ng c\u1ee7a s\u00e2n c\u1ecf ch\u1ec9 trong v\u00e0i ph\u00fat truy c\u1eadp.<\/span><\/p>\n","protected":false},"excerpt":{"rendered":"<p>K\u1ebft qu\u1ea3 b\u00f3ng \u0111\u00e1 t\u1ea1i Xoilac \u0111\u01b0\u1ee3c x\u00e2y d\u1ef1ng nh\u01b0 m\u1ed9t \u0111i\u1ec3m d\u1eebng nhanh d\u00e0nh cho ng\u01b0\u1eddi h\u00e2m m\u1ed9 mu\u1ed1n c\u1eadp nh\u1eadt di\u1ec5n bi\u1ebfn c\u00e1c tr\u1eadn c\u1ea7u \u0111\u00e3 kh\u00e9p l\u1ea1i. Ch\u1ec9 v\u1edbi v\u00e0i thao t\u00e1c truy c\u1eadp, b\u1ea1n c\u00f3 th\u1ec3 n\u1eafm b\u1eaft t\u1ef7 s\u1ed1, k\u1ebft c\u1ee5c v\u00e0 nh\u1eefng thay \u0111\u1ed5i \u0111\u00e1ng ch\u00fa \u00fd sau m\u1ed7i [&#8230;]\n","protected":false},"author":1,"featured_media":15,"parent":0,"menu_order":0,"comment_status":"closed","ping_status":"closed","template":"","meta":{"footnotes":""},"class_list":["post-34","page","type-page","status-publish","has-post-thumbnail","hentry"],"yoast_head":"<!-- This site is optimized with the Yoast SEO plugin v27.1.1 - https:\/\/yoast.com\/product\/yoast-seo-wordpress\/ -->\n<title>K\u1ebft Qu\u1ea3 B\u00f3ng \u0110\u00e1<\/title>\n<meta name=\"description\" content=\"K\u1ebft qu\u1ea3 b\u00f3ng \u0111\u00e1 t\u1ea1i Xoilac gi\u00fap ng\u01b0\u1eddi h\u00e2m m\u1ed9 nhanh ch\u00f3ng n\u1eafm b\u1eaft t\u1ef7 s\u1ed1 c\u00e1c tr\u1eadn \u0111\u1ea5u v\u1eeba k\u1ebft th\u00fac, c\u1eadp nh\u1eadt li\u00ean t\u1ee5c t\u1eeb nhi\u1ec1u gi\u1ea3i \u0111\u1ea5u h\u1ea5p d\u1eabn\" \/>\n<meta name=\"robots\" content=\"index, follow, max-snippet:-1, max-image-preview:large, max-video-preview:-1\" \/>\n<link rel=\"canonical\" href=\"https:\/\/us-places.com\/index.php\/ket-qua-bong-da\/\" \/>\n<meta property=\"og:locale\" content=\"vi_VN\" \/>\n<meta property=\"og:type\" content=\"article\" \/>\n<meta property=\"og:title\" content=\"K\u1ebft Qu\u1ea3 B\u00f3ng \u0110\u00e1\" \/>\n<meta property=\"og:description\" content=\"K\u1ebft qu\u1ea3 b\u00f3ng \u0111\u00e1 t\u1ea1i Xoilac gi\u00fap ng\u01b0\u1eddi h\u00e2m m\u1ed9 nhanh ch\u00f3ng n\u1eafm b\u1eaft t\u1ef7 s\u1ed1 c\u00e1c tr\u1eadn \u0111\u1ea5u v\u1eeba k\u1ebft th\u00fac, c\u1eadp nh\u1eadt li\u00ean t\u1ee5c t\u1eeb nhi\u1ec1u gi\u1ea3i \u0111\u1ea5u h\u1ea5p d\u1eabn\" \/>\n<meta property=\"og:url\" content=\"https:\/\/us-places.com\/index.php\/ket-qua-bong-da\/\" \/>\n<meta property=\"og:site_name\" content=\"Xoilac TV - Tr\u1ef1c Ti\u1ebfp B\u00f3ng \u0110\u00e1 Full HD - Tructiepbongda 90phut\" \/>\n<meta property=\"og:image\" content=\"https:\/\/us-places.com\/wp-content\/uploads\/2026\/03\/ket-qua-bong-da-4.jpg\" \/>\n\t<meta property=\"og:image:width\" content=\"800\" \/>\n\t<meta property=\"og:image:height\" content=\"450\" \/>\n\t<meta property=\"og:image:type\" content=\"image\/jpeg\" \/>\n<meta name=\"twitter:card\" content=\"summary_large_image\" \/>\n<meta name=\"twitter:label1\" content=\"\u01af\u1edbc t\u00ednh th\u1eddi gian \u0111\u1ecdc\" \/>\n\t<meta name=\"twitter:data1\" content=\"6 ph\u00fat\" \/>\n<script type=\"application\/ld+json\" class=\"yoast-schema-graph\">{\"@context\":\"https:\/\/schema.org\",\"@graph\":[{\"@type\":\"WebPage\",\"@id\":\"https:\/\/us-places.com\/index.php\/ket-qua-bong-da\/\",\"url\":\"https:\/\/us-places.com\/index.php\/ket-qua-bong-da\/\",\"name\":\"K\u1ebft Qu\u1ea3 B\u00f3ng \u0110\u00e1\",\"isPartOf\":{\"@id\":\"https:\/\/us-places.com\/#website\"},\"primaryImageOfPage\":{\"@id\":\"https:\/\/us-places.com\/index.php\/ket-qua-bong-da\/#primaryimage\"},\"image\":{\"@id\":\"https:\/\/us-places.com\/index.php\/ket-qua-bong-da\/#primaryimage\"},\"thumbnailUrl\":\"https:\/\/us-places.com\/wp-content\/uploads\/2026\/03\/ket-qua-bong-da-4.jpg\",\"datePublished\":\"2026-03-13T15:16:14+00:00\",\"description\":\"K\u1ebft qu\u1ea3 b\u00f3ng \u0111\u00e1 t\u1ea1i Xoilac gi\u00fap ng\u01b0\u1eddi h\u00e2m m\u1ed9 nhanh ch\u00f3ng n\u1eafm b\u1eaft t\u1ef7 s\u1ed1 c\u00e1c tr\u1eadn \u0111\u1ea5u v\u1eeba k\u1ebft th\u00fac, c\u1eadp nh\u1eadt li\u00ean t\u1ee5c t\u1eeb nhi\u1ec1u gi\u1ea3i \u0111\u1ea5u h\u1ea5p d\u1eabn\",\"breadcrumb\":{\"@id\":\"https:\/\/us-places.com\/index.php\/ket-qua-bong-da\/#breadcrumb\"},\"inLanguage\":\"vi\",\"potentialAction\":[{\"@type\":\"ReadAction\",\"target\":[\"https:\/\/us-places.com\/index.php\/ket-qua-bong-da\/\"]}]},{\"@type\":\"ImageObject\",\"inLanguage\":\"vi\",\"@id\":\"https:\/\/us-places.com\/index.php\/ket-qua-bong-da\/#primaryimage\",\"url\":\"https:\/\/us-places.com\/wp-content\/uploads\/2026\/03\/ket-qua-bong-da-4.jpg\",\"contentUrl\":\"https:\/\/us-places.com\/wp-content\/uploads\/2026\/03\/ket-qua-bong-da-4.jpg\",\"width\":800,\"height\":450,\"caption\":\"K\u1ebft qu\u1ea3 b\u00f3ng \u0111\u00e1\"},{\"@type\":\"BreadcrumbList\",\"@id\":\"https:\/\/us-places.com\/index.php\/ket-qua-bong-da\/#breadcrumb\",\"itemListElement\":[{\"@type\":\"ListItem\",\"position\":1,\"name\":\"Trang ch\u1ee7\",\"item\":\"https:\/\/us-places.com\/\"},{\"@type\":\"ListItem\",\"position\":2,\"name\":\"K\u1ebft Qu\u1ea3 B\u00f3ng \u0110\u00e1\"}]},{\"@type\":\"WebSite\",\"@id\":\"https:\/\/us-places.com\/#website\",\"url\":\"https:\/\/us-places.com\/\",\"name\":\"Xoilac TV - Tr\u1ef1c Ti\u1ebfp B\u00f3ng \u0110\u00e1 Full HD - Tructiepbongda 90phut\",\"description\":\"Xoilac TV\",\"publisher\":{\"@id\":\"https:\/\/us-places.com\/#organization\"},\"potentialAction\":[{\"@type\":\"SearchAction\",\"target\":{\"@type\":\"EntryPoint\",\"urlTemplate\":\"https:\/\/us-places.com\/?s={search_term_string}\"},\"query-input\":{\"@type\":\"PropertyValueSpecification\",\"valueRequired\":true,\"valueName\":\"search_term_string\"}}],\"inLanguage\":\"vi\"},{\"@type\":\"Organization\",\"@id\":\"https:\/\/us-places.com\/#organization\",\"name\":\"Xoilac TV\",\"alternateName\":\"Tr\u1ef1c ti\u1ebfp b\u00f3ng \u0111\u00e1 xoilac tv\",\"url\":\"https:\/\/us-places.com\/\",\"logo\":{\"@type\":\"ImageObject\",\"inLanguage\":\"vi\",\"@id\":\"https:\/\/us-places.com\/#\/schema\/logo\/image\/\",\"url\":\"https:\/\/us-places.com\/wp-content\/uploads\/2026\/04\/xoilac365-tv.png\",\"contentUrl\":\"https:\/\/us-places.com\/wp-content\/uploads\/2026\/04\/xoilac365-tv.png\",\"width\":512,\"height\":512,\"caption\":\"Xoilac TV\"},\"image\":{\"@id\":\"https:\/\/us-places.com\/#\/schema\/logo\/image\/\"}}]}<\/script>\n<!-- \/ Yoast SEO plugin. -->","yoast_head_json":{"title":"K\u1ebft Qu\u1ea3 B\u00f3ng \u0110\u00e1","description":"K\u1ebft qu\u1ea3 b\u00f3ng \u0111\u00e1 t\u1ea1i Xoilac gi\u00fap ng\u01b0\u1eddi h\u00e2m m\u1ed9 nhanh ch\u00f3ng n\u1eafm b\u1eaft t\u1ef7 s\u1ed1 c\u00e1c tr\u1eadn \u0111\u1ea5u v\u1eeba k\u1ebft th\u00fac, c\u1eadp nh\u1eadt li\u00ean t\u1ee5c t\u1eeb nhi\u1ec1u gi\u1ea3i \u0111\u1ea5u h\u1ea5p d\u1eabn","robots":{"index":"index","follow":"follow","max-snippet":"max-snippet:-1","max-image-preview":"max-image-preview:large","max-video-preview":"max-video-preview:-1"},"canonical":"https:\/\/us-places.com\/index.php\/ket-qua-bong-da\/","og_locale":"vi_VN","og_type":"article","og_title":"K\u1ebft Qu\u1ea3 B\u00f3ng \u0110\u00e1","og_description":"K\u1ebft qu\u1ea3 b\u00f3ng \u0111\u00e1 t\u1ea1i Xoilac gi\u00fap ng\u01b0\u1eddi h\u00e2m m\u1ed9 nhanh ch\u00f3ng n\u1eafm b\u1eaft t\u1ef7 s\u1ed1 c\u00e1c tr\u1eadn \u0111\u1ea5u v\u1eeba k\u1ebft th\u00fac, c\u1eadp nh\u1eadt li\u00ean t\u1ee5c t\u1eeb nhi\u1ec1u gi\u1ea3i \u0111\u1ea5u h\u1ea5p d\u1eabn","og_url":"https:\/\/us-places.com\/index.php\/ket-qua-bong-da\/","og_site_name":"Xoilac TV - Tr\u1ef1c Ti\u1ebfp B\u00f3ng \u0110\u00e1 Full HD - Tructiepbongda 90phut","og_image":[{"width":800,"height":450,"url":"https:\/\/us-places.com\/wp-content\/uploads\/2026\/03\/ket-qua-bong-da-4.jpg","type":"image\/jpeg"}],"twitter_card":"summary_large_image","twitter_misc":{"\u01af\u1edbc t\u00ednh th\u1eddi gian \u0111\u1ecdc":"6 ph\u00fat"},"schema":{"@context":"https:\/\/schema.org","@graph":[{"@type":"WebPage","@id":"https:\/\/us-places.com\/index.php\/ket-qua-bong-da\/","url":"https:\/\/us-places.com\/index.php\/ket-qua-bong-da\/","name":"K\u1ebft Qu\u1ea3 B\u00f3ng \u0110\u00e1","isPartOf":{"@id":"https:\/\/us-places.com\/#website"},"primaryImageOfPage":{"@id":"https:\/\/us-places.com\/index.php\/ket-qua-bong-da\/#primaryimage"},"image":{"@id":"https:\/\/us-places.com\/index.php\/ket-qua-bong-da\/#primaryimage"},"thumbnailUrl":"https:\/\/us-places.com\/wp-content\/uploads\/2026\/03\/ket-qua-bong-da-4.jpg","datePublished":"2026-03-13T15:16:14+00:00","description":"K\u1ebft qu\u1ea3 b\u00f3ng \u0111\u00e1 t\u1ea1i Xoilac gi\u00fap ng\u01b0\u1eddi h\u00e2m m\u1ed9 nhanh ch\u00f3ng n\u1eafm b\u1eaft t\u1ef7 s\u1ed1 c\u00e1c tr\u1eadn \u0111\u1ea5u v\u1eeba k\u1ebft th\u00fac, c\u1eadp nh\u1eadt li\u00ean t\u1ee5c t\u1eeb nhi\u1ec1u gi\u1ea3i \u0111\u1ea5u h\u1ea5p d\u1eabn","breadcrumb":{"@id":"https:\/\/us-places.com\/index.php\/ket-qua-bong-da\/#breadcrumb"},"inLanguage":"vi","potentialAction":[{"@type":"ReadAction","target":["https:\/\/us-places.com\/index.php\/ket-qua-bong-da\/"]}]},{"@type":"ImageObject","inLanguage":"vi","@id":"https:\/\/us-places.com\/index.php\/ket-qua-bong-da\/#primaryimage","url":"https:\/\/us-places.com\/wp-content\/uploads\/2026\/03\/ket-qua-bong-da-4.jpg","contentUrl":"https:\/\/us-places.com\/wp-content\/uploads\/2026\/03\/ket-qua-bong-da-4.jpg","width":800,"height":450,"caption":"K\u1ebft qu\u1ea3 b\u00f3ng \u0111\u00e1"},{"@type":"BreadcrumbList","@id":"https:\/\/us-places.com\/index.php\/ket-qua-bong-da\/#breadcrumb","itemListElement":[{"@type":"ListItem","position":1,"name":"Trang ch\u1ee7","item":"https:\/\/us-places.com\/"},{"@type":"ListItem","position":2,"name":"K\u1ebft Qu\u1ea3 B\u00f3ng \u0110\u00e1"}]},{"@type":"WebSite","@id":"https:\/\/us-places.com\/#website","url":"https:\/\/us-places.com\/","name":"Xoilac TV - Tr\u1ef1c Ti\u1ebfp B\u00f3ng \u0110\u00e1 Full HD - Tructiepbongda 90phut","description":"Xoilac TV","publisher":{"@id":"https:\/\/us-places.com\/#organization"},"potentialAction":[{"@type":"SearchAction","target":{"@type":"EntryPoint","urlTemplate":"https:\/\/us-places.com\/?s={search_term_string}"},"query-input":{"@type":"PropertyValueSpecification","valueRequired":true,"valueName":"search_term_string"}}],"inLanguage":"vi"},{"@type":"Organization","@id":"https:\/\/us-places.com\/#organization","name":"Xoilac TV","alternateName":"Tr\u1ef1c ti\u1ebfp b\u00f3ng \u0111\u00e1 xoilac tv","url":"https:\/\/us-places.com\/","logo":{"@type":"ImageObject","inLanguage":"vi","@id":"https:\/\/us-places.com\/#\/schema\/logo\/image\/","url":"https:\/\/us-places.com\/wp-content\/uploads\/2026\/04\/xoilac365-tv.png","contentUrl":"https:\/\/us-places.com\/wp-content\/uploads\/2026\/04\/xoilac365-tv.png","width":512,"height":512,"caption":"Xoilac TV"},"image":{"@id":"https:\/\/us-places.com\/#\/schema\/logo\/image\/"}}]}},"_links":{"self":[{"href":"https:\/\/us-places.com\/index.php\/wp-json\/wp\/v2\/pages\/34","targetHints":{"allow":["GET"]}}],"collection":[{"href":"https:\/\/us-places.com\/index.php\/wp-json\/wp\/v2\/pages"}],"about":[{"href":"https:\/\/us-places.com\/index.php\/wp-json\/wp\/v2\/types\/page"}],"author":[{"embeddable":true,"href":"https:\/\/us-places.com\/index.php\/wp-json\/wp\/v2\/users\/1"}],"replies":[{"embeddable":true,"href":"https:\/\/us-places.com\/index.php\/wp-json\/wp\/v2\/comments?post=34"}],"version-history":[{"count":1,"href":"https:\/\/us-places.com\/index.php\/wp-json\/wp\/v2\/pages\/34\/revisions"}],"predecessor-version":[{"id":35,"href":"https:\/\/us-places.com\/index.php\/wp-json\/wp\/v2\/pages\/34\/revisions\/35"}],"wp:featuredmedia":[{"embeddable":true,"href":"https:\/\/us-places.com\/index.php\/wp-json\/wp\/v2\/media\/15"}],"wp:attachment":[{"href":"https:\/\/us-places.com\/index.php\/wp-json\/wp\/v2\/media?parent=34"}],"curies":[{"name":"wp","href":"https:\/\/api.w.org\/{rel}","templated":true}]}}