{"id":36,"date":"2026-03-13T15:17:28","date_gmt":"2026-03-13T15:17:28","guid":{"rendered":"https:\/\/us-places.com\/?page_id=36"},"modified":"2026-03-13T15:17:28","modified_gmt":"2026-03-13T15:17:28","slug":"lich-thi-dau","status":"publish","type":"page","link":"https:\/\/us-places.com\/index.php\/lich-thi-dau\/","title":{"rendered":"L\u1ecbch Thi \u0110\u1ea5u"},"content":{"rendered":"<p><span style=\"font-weight: 400;\">L\u1ecbch thi \u0111\u1ea5u t\u1ea1i <a href=\"\/\">Xoilac<\/a> m\u1edf ra c\u00e1i nh\u00ecn r\u00f5 r\u00e0ng v\u1ec1 nh\u1eefng tr\u1eadn c\u1ea7u s\u1eafp di\u1ec5n ra tr\u00ean s\u00e2n c\u1ecf th\u1ebf gi\u1edbi. Chuy\u00ean m\u1ee5c n\u00e0y gi\u00fap ng\u01b0\u1eddi h\u00e2m m\u1ed9 bi\u1ebft tr\u01b0\u1edbc th\u1eddi gian c\u00e1c \u0111\u1ed9i b\u00f3ng ra s\u00e2n, t\u1eeb \u0111\u00f3 d\u1ec5 d\u00e0ng l\u00ean k\u1ebf ho\u1ea1ch theo d\u00f5i nh\u1eefng cu\u1ed9c \u0111\u1ed1i \u0111\u1ea7u h\u1ea5p d\u1eabn. M\u1ecdi th\u00f4ng tin \u0111\u01b0\u1ee3c s\u1eafp x\u1ebfp g\u1ecdn g\u00e0ng, gi\u00fap vi\u1ec7c c\u1eadp nh\u1eadt th\u00f4ng tin tr\u1edf n\u00ean nhanh ch\u00f3ng v\u00e0 thu\u1eadn ti\u1ec7n h\u01a1n m\u1ed7i ng\u00e0y.<\/span><\/p>\n<h2><span style=\"font-weight: 400;\">Nh\u1eefng l\u1ee3i \u00edch thi\u1ebft th\u1ef1c khi c\u1eadp nh\u1eadt l\u1ecbch thi \u0111\u1ea5u t\u1ea1i Xoilac<\/span><\/h2>\n<p><span style=\"font-weight: 400;\">Vi\u1ec7c theo d\u00f5i l\u1ecbch tr\u00ecnh b\u00f3ng \u0111\u00e1 kh\u00f4ng ch\u1ec9 gi\u00fap ng\u01b0\u1eddi h\u00e2m m\u1ed9 bi\u1ebft tr\u01b0\u1edbc th\u1eddi gian c\u00e1c tr\u1eadn c\u1ea7u di\u1ec5n ra m\u00e0 c\u00f2n mang l\u1ea1i nhi\u1ec1u ti\u1ec7n \u00edch khi c\u1eadp nh\u1eadt th\u00f4ng tin b\u00f3ng \u0111\u00e1 m\u1ed7i ng\u00e0y. T\u1ea1i Xoilac, chuy\u00ean m\u1ee5c l\u1ecbch thi \u0111\u1ea5u \u0111\u01b0\u1ee3c s\u1eafp x\u1ebfp khoa h\u1ecdc, gi\u00fap ng\u01b0\u1eddi xem d\u1ec5 d\u00e0ng n\u1eafm b\u1eaft c\u00e1c tr\u1eadn \u0111\u1ea5u t\u1eeb nhi\u1ec1u gi\u1ea3i \u0111\u1ea5u kh\u00e1c nhau tr\u00ean th\u1ebf gi\u1edbi.<\/span><\/p>\n<figure id=\"attachment_27\" aria-describedby=\"caption-attachment-27\" style=\"width: 800px\" class=\"wp-caption aligncenter\"><img loading=\"lazy\" decoding=\"async\" class=\"size-full wp-image-27\" src=\"https:\/\/us-places.com\/wp-content\/uploads\/2026\/03\/lich-thi-dau-4-2.jpg\" alt=\"Nh\u1eefng l\u1ee3i \u00edch thi\u1ebft th\u1ef1c khi c\u1eadp nh\u1eadt l\u1ecbch thi \u0111\u1ea5u t\u1ea1i Xoilac\" width=\"800\" height=\"450\" srcset=\"https:\/\/us-places.com\/wp-content\/uploads\/2026\/03\/lich-thi-dau-4-2.jpg 800w, https:\/\/us-places.com\/wp-content\/uploads\/2026\/03\/lich-thi-dau-4-2-300x169.jpg 300w, https:\/\/us-places.com\/wp-content\/uploads\/2026\/03\/lich-thi-dau-4-2-768x432.jpg 768w\" sizes=\"auto, (max-width: 800px) 100vw, 800px\" \/><figcaption id=\"caption-attachment-27\" class=\"wp-caption-text\">Nh\u1eefng l\u1ee3i \u00edch thi\u1ebft th\u1ef1c khi c\u1eadp nh\u1eadt l\u1ecbch thi \u0111\u1ea5u t\u1ea1i Xoilac<\/figcaption><\/figure>\n<h3><span style=\"font-weight: 400;\">Ch\u1ee7 \u0111\u1ed9ng theo d\u00f5i c\u00e1c tr\u1eadn c\u1ea7u h\u1ea5p d\u1eabn<\/span><\/h3>\n<p><span style=\"font-weight: 400;\">T\u00ednh n\u0103ng tr\u00ean Xoilac gi\u00fap ng\u01b0\u1eddi h\u00e2m m\u1ed9 d\u1ec5 d\u00e0ng nh\u1eadn bi\u1ebft nh\u1eefng tr\u1eadn \u0111\u1ea5u \u0111\u00e1ng ch\u00fa \u00fd s\u1eafp di\u1ec5n ra. Khi c\u00e1c \u0111\u1ed9i b\u00f3ng l\u1edbn ra s\u00e2n ho\u1eb7c c\u00f3 nh\u1eefng cu\u1ed9c \u0111\u1ed1i \u0111\u1ea7u h\u1ea5p d\u1eabn, th\u00f4ng tin \u0111\u1ec1u \u0111\u01b0\u1ee3c hi\u1ec3n th\u1ecb r\u00f5 r\u00e0ng trong chuy\u00ean m\u1ee5c. Nh\u1edd v\u1eady, ng\u01b0\u1eddi xem c\u00f3 th\u1ec3 chu\u1ea9n b\u1ecb th\u1eddi gian \u0111\u1ec3 theo d\u00f5i nh\u1eefng tr\u1eadn c\u1ea7u t\u00e2m \u0111i\u1ec3m thay v\u00ec ph\u1ea3i t\u00ecm ki\u1ebfm d\u1eef li\u1ec7u \u1edf nhi\u1ec1u ngu\u1ed3n kh\u00e1c nhau.<\/span><\/p>\n<h3><span style=\"font-weight: 400;\">C\u1eadp nh\u1eadt l\u1ecbch thi \u0111\u1ea5u t\u1eeb nhi\u1ec1u gi\u1ea3i \u0111\u1ea5u n\u1ed5i b\u1eadt<\/span><\/h3>\n<p><span style=\"font-weight: 400;\">Chuy\u00ean m\u1ee5c t\u1ed5ng h\u1ee3p th\u00f4ng tin t\u1eeb nhi\u1ec1u gi\u1ea3i \u0111\u1ea5u h\u00e0ng \u0111\u1ea7u th\u1ebf gi\u1edbi. Ng\u01b0\u1eddi xem c\u00f3 th\u1ec3 t\u00ecm th\u1ea5y l\u1ecbch c\u1ee7a Premier League, La Liga, Serie A, Bundesliga hay UEFA Champions League trong c\u00f9ng m\u1ed9t n\u01a1i. Vi\u1ec7c t\u1eadp h\u1ee3p nhi\u1ec1u gi\u1ea3i \u0111\u1ea5u v\u00e0o c\u00f9ng h\u1ec7 th\u1ed1ng gi\u00fap ng\u01b0\u1eddi h\u00e2m m\u1ed9 ti\u1ebft ki\u1ec7m th\u1eddi gian v\u00e0 d\u1ec5 d\u00e0ng theo d\u00f5i c\u00e1c tr\u1eadn c\u1ea7u di\u1ec5n ra trong ng\u00e0y.<\/span><\/p>\n<h3><span style=\"font-weight: 400;\">D\u1ec5 d\u00e0ng s\u1eafp x\u1ebfp th\u1eddi gian xem b\u00f3ng \u0111\u00e1<\/span><\/h3>\n<p><span style=\"font-weight: 400;\">Khi bi\u1ebft tr\u01b0\u1edbc th\u1eddi gian c\u00e1c tr\u1eadn \u0111\u1ea5u, ng\u01b0\u1eddi xem c\u00f3 th\u1ec3 ch\u1ee7 \u0111\u1ed9ng s\u1eafp x\u1ebfp l\u1ecbch sinh ho\u1ea1t c\u1ee7a m\u00ecnh. Nh\u1eefng tr\u1eadn c\u1ea7u di\u1ec5n ra v\u00e0o khung gi\u1edd t\u1ed1i, \u0111\u00eam khuya hay s\u00e1ng s\u1edbm \u0111\u1ec1u c\u00f3 th\u1ec3 \u0111\u01b0\u1ee3c chu\u1ea9n b\u1ecb tr\u01b0\u1edbc. \u0110i\u1ec1u n\u00e0y gi\u00fap ng\u01b0\u1eddi h\u00e2m m\u1ed9 kh\u00f4ng b\u1ecf l\u1ee1 nh\u1eefng tr\u1eadn \u0111\u1ea5u quan tr\u1ecdng c\u1ee7a \u0111\u1ed9i b\u00f3ng y\u00eau th\u00edch d\u00f9 b\u1eadn r\u1ed9n v\u1edbi c\u00f4ng vi\u1ec7c ho\u1eb7c h\u1ecdc t\u1eadp.<\/span><\/p>\n<h3><span style=\"font-weight: 400;\">Theo d\u00f5i nh\u1ecbp thi \u0111\u1ea5u c\u1ee7a b\u00f3ng \u0111\u00e1 m\u1ed7i ng\u00e0y<\/span><\/h3>\n<p><span style=\"font-weight: 400;\">B\u00f3ng \u0111\u00e1 lu\u00f4n di\u1ec5n ra li\u00ean t\u1ee5c \u1edf nhi\u1ec1u gi\u1ea3i \u0111\u1ea5u kh\u00e1c nhau. Khi th\u01b0\u1eddng xuy\u00ean c\u1eadp nh\u1eadt l\u1ecbch thi \u0111\u1ea5u tr\u00ean Xoilac, ng\u01b0\u1eddi xem c\u00f3 th\u1ec3 d\u1ec5 d\u00e0ng nh\u1eadn ra nh\u1ecbp thi \u0111\u1ea5u c\u1ee7a c\u00e1c gi\u1ea3i trong tu\u1ea7n. T\u1eeb c\u00e1c v\u00f2ng \u0111\u1ea5u cu\u1ed1i tu\u1ea7n cho \u0111\u1ebfn nh\u1eefng tr\u1eadn c\u1ea7u gi\u1eefa tu\u1ea7n t\u1ea1i \u0111\u1ea5u tr\u01b0\u1eddng ch\u00e2u \u00c2u, t\u1ea5t c\u1ea3 \u0111\u1ec1u \u0111\u01b0\u1ee3c c\u1eadp nh\u1eadt r\u00f5 r\u00e0ng \u0111\u1ec3 ng\u01b0\u1eddi h\u00e2m m\u1ed9 theo d\u00f5i thu\u1eadn ti\u1ec7n.<\/span><\/p>\n<h2><span style=\"font-weight: 400;\">C\u00e1ch theo d\u00f5i l\u1ecbch thi \u0111\u1ea5u tr\u00ean Xoilac chu\u1ea9n x\u00e1c<\/span><\/h2>\n<p><span style=\"font-weight: 400;\">\u0110\u1ec3 c\u1eadp nh\u1eadt m\u1ed9t c\u00e1ch ch\u00ednh x\u00e1c, ng\u01b0\u1eddi d\u00f9ng ch\u1ec9 c\u1ea7n th\u1ef1c hi\u1ec7n v\u00e0i thao t\u00e1c \u0111\u01a1n gi\u1ea3n. Tr\u01b0\u1edbc h\u1ebft, h\u00e3y truy c\u1eadp v\u00e0o trang web v\u00e0 ch\u1ecdn chuy\u00ean m\u1ee5c tr\u00ean thanh menu ch\u00ednh. T\u1ea1i \u0111\u00e2y, h\u1ec7 th\u1ed1ng s\u1ebd hi\u1ec3n th\u1ecb danh s\u00e1ch c\u00e1c tr\u1eadn \u0111\u1ea5u s\u1eafp di\u1ec5n ra theo t\u1eebng ng\u00e0y ho\u1eb7c t\u1eebng gi\u1ea3i \u0111\u1ea5u, gi\u00fap ng\u01b0\u1eddi xem d\u1ec5 d\u00e0ng tra c\u1ee9u th\u00f4ng tin.<\/span><\/p>\n<p><span style=\"font-weight: 400;\">Sau khi v\u00e0o chuy\u00ean m\u1ee5c, b\u1ea1n c\u00f3 th\u1ec3 l\u1ecdc l\u1ecbch theo gi\u1ea3i \u0111\u1ea5u, \u0111\u1ed9i b\u00f3ng ho\u1eb7c th\u1eddi gian thi \u0111\u1ea5u \u0111\u1ec3 t\u00ecm nhanh tr\u1eadn c\u1ea7u m\u00ecnh quan t\u00e2m. M\u1ed7i tr\u1eadn \u0111\u1ea5u \u0111\u1ec1u hi\u1ec3n th\u1ecb c\u00e1c th\u00f4ng tin c\u01a1 b\u1ea3n nh\u01b0 th\u1eddi gian b\u1eaft \u0111\u1ea7u, hai \u0111\u1ed9i \u0111\u1ed1i \u0111\u1ea7u v\u00e0 gi\u1ea3i \u0111\u1ea5u li\u00ean quan, nh\u1edd \u0111\u00f3 ng\u01b0\u1eddi h\u00e2m m\u1ed9 c\u00f3 th\u1ec3 n\u1eafm b\u1eaft l\u1ecbch tr\u00ecnh b\u00f3ng \u0111\u00e1 m\u1ed9t c\u00e1ch r\u00f5 r\u00e0ng.<\/span><\/p>\n<figure id=\"attachment_26\" aria-describedby=\"caption-attachment-26\" style=\"width: 800px\" class=\"wp-caption aligncenter\"><img loading=\"lazy\" decoding=\"async\" class=\"size-full wp-image-26\" src=\"https:\/\/us-places.com\/wp-content\/uploads\/2026\/03\/lich-thi-dau-4-1.jpg\" alt=\"C\u00e1ch theo d\u00f5i l\u1ecbch thi \u0111\u1ea5u tr\u00ean Xoilac chu\u1ea9n x\u00e1c\" width=\"800\" height=\"450\" srcset=\"https:\/\/us-places.com\/wp-content\/uploads\/2026\/03\/lich-thi-dau-4-1.jpg 800w, https:\/\/us-places.com\/wp-content\/uploads\/2026\/03\/lich-thi-dau-4-1-300x169.jpg 300w, https:\/\/us-places.com\/wp-content\/uploads\/2026\/03\/lich-thi-dau-4-1-768x432.jpg 768w\" sizes=\"auto, (max-width: 800px) 100vw, 800px\" \/><figcaption id=\"caption-attachment-26\" class=\"wp-caption-text\">C\u00e1ch theo d\u00f5i l\u1ecbch thi \u0111\u1ea5u tr\u00ean Xoilac chu\u1ea9n x\u00e1c<\/figcaption><\/figure>\n<p><span style=\"font-weight: 400;\">Ngo\u00e0i ra, ng\u01b0\u1eddi d\u00f9ng n\u00ean th\u01b0\u1eddng xuy\u00ean l\u00e0m m\u1edbi trang ho\u1eb7c truy c\u1eadp l\u1ea1i chuy\u00ean m\u1ee5c \u0111\u1ec3 nh\u1eadn c\u00e1c c\u1eadp nh\u1eadt m\u1edbi nh\u1ea5t. B\u1edfi trong m\u1ed9t s\u1ed1 tr\u01b0\u1eddng h\u1ee3p, gi\u1edd thi \u0111\u1ea5u ho\u1eb7c l\u1ecbch tr\u1eadn c\u00f3 th\u1ec3 thay \u0111\u1ed5i v\u00e0 h\u1ec7 th\u1ed1ng s\u1ebd c\u1eadp nh\u1eadt l\u1ea1i ngay khi c\u00f3 th\u00f4ng tin ch\u00ednh th\u1ee9c t\u1eeb ban t\u1ed5 ch\u1ee9c.<\/span><\/p>\n<h2><span style=\"font-weight: 400;\">M\u1ed9t v\u00e0i n\u1ed9i dung c\u1ea7n ch\u00fa \u00fd khi c\u1eadp nh\u1eadt l\u1ecbch thi \u0111\u1ea5u<\/span><\/h2>\n<p><span style=\"font-weight: 400;\">Khi theo d\u00f5i l\u1ecbch tr\u00ecnh b\u00f3ng \u0111\u00e1, ng\u01b0\u1eddi h\u00e2m m\u1ed9 n\u00ean ch\u00fa \u00fd \u0111\u1ebfn th\u1eddi gian di\u1ec5n ra c\u1ee7a t\u1eebng tr\u1eadn \u0111\u1ea5u \u0111\u1ec3 tr\u00e1nh nh\u1ea7m l\u1eabn gi\u1eefa c\u00e1c khung gi\u1edd kh\u00e1c nhau. Nhi\u1ec1u gi\u1ea3i \u0111\u1ea5u tr\u00ean th\u1ebf gi\u1edbi di\u1ec5n ra theo m\u00fai gi\u1edd ri\u00eang, v\u00ec v\u1eady th\u1eddi \u0111i\u1ec3m hi\u1ec3n th\u1ecb tr\u00ean h\u1ec7 th\u1ed1ng th\u01b0\u1eddng \u0111\u00e3 \u0111\u01b0\u1ee3c quy \u0111\u1ed5i \u0111\u1ec3 ng\u01b0\u1eddi xem d\u1ec5 theo d\u00f5i. Vi\u1ec7c ki\u1ec3m tra k\u1ef9 th\u1eddi gian gi\u00fap b\u1ea1n kh\u00f4ng b\u1ecf l\u1ee1 nh\u1eefng tr\u1eadn c\u1ea7u quan tr\u1ecdng.<\/span><\/p>\n<p><span style=\"font-weight: 400;\">B\u00ean c\u1ea1nh \u0111\u00f3, ng\u01b0\u1eddi xem c\u0169ng n\u00ean quan s\u00e1t t\u00ean gi\u1ea3i \u0111\u1ea5u v\u00e0 v\u00f2ng \u0111\u1ea5u \u0111\u01b0\u1ee3c hi\u1ec3n th\u1ecb trong l\u1ecbch thi \u0111\u1ea5u. M\u1ed9t s\u1ed1 \u0111\u1ed9i b\u00f3ng c\u00f3 th\u1ec3 thi \u0111\u1ea5u \u1edf nhi\u1ec1u \u0111\u1ea5u tr\u01b0\u1eddng kh\u00e1c nhau trong c\u00f9ng m\u1ed9t giai \u0111o\u1ea1n, v\u00ec v\u1eady vi\u1ec7c ph\u00e2n bi\u1ec7t r\u00f5 gi\u1ea3i \u0111\u1ea5u s\u1ebd gi\u00fap b\u1ea1n theo d\u00f5i ch\u00ednh x\u00e1c tr\u1eadn \u0111\u1ea5u m\u00ecnh quan t\u00e2m.<\/span><\/p>\n<p><span style=\"font-weight: 400;\">Ngo\u00e0i ra, th\u1eddi gian di\u1ec5n ra \u0111\u00f4i khi c\u00f3 th\u1ec3 thay \u0111\u1ed5i do nhi\u1ec1u y\u1ebfu t\u1ed1 nh\u01b0 th\u1eddi ti\u1ebft, l\u1ecbch tr\u00ecnh thi \u0111\u1ea5u ho\u1eb7c quy\u1ebft \u0111\u1ecbnh t\u1eeb ban t\u1ed5 ch\u1ee9c. V\u00ec v\u1eady, ng\u01b0\u1eddi d\u00f9ng n\u00ean c\u1eadp nh\u1eadt th\u00f4ng tin th\u01b0\u1eddng xuy\u00ean \u0111\u1ec3 \u0111\u1ea3m b\u1ea3o d\u1eef li\u1ec7u m\u00ecnh theo d\u00f5i l\u00e0 m\u1edbi nh\u1ea5t. Khi ch\u00fa \u00fd \u0111\u1ebfn nh\u1eefng y\u1ebfu t\u1ed1 n\u00e0y, vi\u1ec7c theo d\u00f5i th\u00f4ng tin s\u1ebd tr\u1edf n\u00ean thu\u1eadn ti\u1ec7n v\u00e0 ch\u00ednh x\u00e1c h\u01a1n.<\/span><\/p>\n<p>Xem th\u00eam: <a href=\"\/ket-qua-bong-da\/\">K\u1ebft Qu\u1ea3 B\u00f3ng \u0110\u00e1<\/a><\/p>\n<h2><span style=\"font-weight: 400;\">L\u1eddi k\u1ebft<\/span><\/h2>\n<p><span style=\"font-weight: 400;\">Chuy\u00ean m\u1ee5c <a href=\"\/lich-thi-dau\/\">l\u1ecbch thi \u0111\u1ea5u<\/a> t\u1ea1i Xoilac mang \u0111\u1ebfn cho ng\u01b0\u1eddi h\u00e2m m\u1ed9 c\u00e1i nh\u00ecn r\u00f5 r\u00e0ng v\u1ec1 th\u1eddi gian di\u1ec5n ra c\u00e1c tr\u1eadn c\u1ea7u tr\u00ean kh\u1eafp th\u1ebf gi\u1edbi. Nh\u1edd th\u00f4ng tin \u0111\u01b0\u1ee3c c\u1eadp nh\u1eadt th\u01b0\u1eddng xuy\u00ean v\u00e0 s\u1eafp x\u1ebfp khoa h\u1ecdc, ng\u01b0\u1eddi xem c\u00f3 th\u1ec3 d\u1ec5 d\u00e0ng theo d\u00f5i nh\u1eefng cu\u1ed9c \u0111\u1ed1i \u0111\u1ea7u \u0111\u00e1ng ch\u00fa \u00fd. \u0110\u00e2y c\u0169ng l\u00e0 c\u00f4ng c\u1ee5 h\u1eefu \u00edch gi\u00fap b\u1ea1n ch\u1ee7 \u0111\u1ed9ng s\u1eafp x\u1ebfp th\u1eddi gian v\u00e0 kh\u00f4ng b\u1ecf l\u1ee1 nh\u1eefng kho\u1ea3nh kh\u1eafc h\u1ea5p d\u1eabn c\u1ee7a b\u00f3ng \u0111\u00e1.<\/span><\/p>\n","protected":false},"excerpt":{"rendered":"<p>L\u1ecbch thi \u0111\u1ea5u t\u1ea1i Xoilac m\u1edf ra c\u00e1i nh\u00ecn r\u00f5 r\u00e0ng v\u1ec1 nh\u1eefng tr\u1eadn c\u1ea7u s\u1eafp di\u1ec5n ra tr\u00ean s\u00e2n c\u1ecf th\u1ebf gi\u1edbi. Chuy\u00ean m\u1ee5c n\u00e0y gi\u00fap ng\u01b0\u1eddi h\u00e2m m\u1ed9 bi\u1ebft tr\u01b0\u1edbc th\u1eddi gian c\u00e1c \u0111\u1ed9i b\u00f3ng ra s\u00e2n, t\u1eeb \u0111\u00f3 d\u1ec5 d\u00e0ng l\u00ean k\u1ebf ho\u1ea1ch theo d\u00f5i nh\u1eefng cu\u1ed9c \u0111\u1ed1i \u0111\u1ea7u h\u1ea5p d\u1eabn. M\u1ecdi [&#8230;]\n","protected":false},"author":1,"featured_media":16,"parent":0,"menu_order":0,"comment_status":"closed","ping_status":"closed","template":"","meta":{"footnotes":""},"class_list":["post-36","page","type-page","status-publish","has-post-thumbnail","hentry"],"yoast_head":"<!-- This site is optimized with the Yoast SEO plugin v27.1.1 - https:\/\/yoast.com\/product\/yoast-seo-wordpress\/ -->\n<title>L\u1ecbch Thi \u0110\u1ea5u<\/title>\n<meta name=\"description\" content=\"L\u1ecbch thi \u0111\u1ea5u c\u1ee7a Xoilac gi\u00fap ng\u01b0\u1eddi h\u00e2m m\u1ed9 nhanh ch\u00f3ng bi\u1ebft h\u00f4m nay v\u00e0 nh\u1eefng ng\u00e0y t\u1edbi s\u00e2n c\u1ecf th\u1ebf gi\u1edbi s\u1ebd di\u1ec5n ra nh\u1eefng tr\u1eadn c\u1ea7u n\u00e0o\" \/>\n<meta name=\"robots\" content=\"index, follow, max-snippet:-1, max-image-preview:large, max-video-preview:-1\" \/>\n<link rel=\"canonical\" href=\"https:\/\/us-places.com\/index.php\/lich-thi-dau\/\" \/>\n<meta property=\"og:locale\" content=\"vi_VN\" \/>\n<meta property=\"og:type\" content=\"article\" \/>\n<meta property=\"og:title\" content=\"L\u1ecbch Thi \u0110\u1ea5u\" \/>\n<meta property=\"og:description\" content=\"L\u1ecbch thi \u0111\u1ea5u c\u1ee7a Xoilac gi\u00fap ng\u01b0\u1eddi h\u00e2m m\u1ed9 nhanh ch\u00f3ng bi\u1ebft h\u00f4m nay v\u00e0 nh\u1eefng ng\u00e0y t\u1edbi s\u00e2n c\u1ecf th\u1ebf gi\u1edbi s\u1ebd di\u1ec5n ra nh\u1eefng tr\u1eadn c\u1ea7u n\u00e0o\" \/>\n<meta property=\"og:url\" content=\"https:\/\/us-places.com\/index.php\/lich-thi-dau\/\" \/>\n<meta property=\"og:site_name\" content=\"Xoilac TV - Tr\u1ef1c Ti\u1ebfp B\u00f3ng \u0110\u00e1 Full HD - Tructiepbongda 90phut\" \/>\n<meta property=\"og:image\" content=\"https:\/\/us-places.com\/wp-content\/uploads\/2026\/03\/lich-thi-dau-4.jpg\" \/>\n\t<meta property=\"og:image:width\" content=\"800\" \/>\n\t<meta property=\"og:image:height\" content=\"450\" \/>\n\t<meta property=\"og:image:type\" content=\"image\/jpeg\" \/>\n<meta name=\"twitter:card\" content=\"summary_large_image\" \/>\n<meta name=\"twitter:label1\" content=\"\u01af\u1edbc t\u00ednh th\u1eddi gian \u0111\u1ecdc\" \/>\n\t<meta name=\"twitter:data1\" content=\"7 ph\u00fat\" \/>\n<script type=\"application\/ld+json\" class=\"yoast-schema-graph\">{\"@context\":\"https:\/\/schema.org\",\"@graph\":[{\"@type\":\"WebPage\",\"@id\":\"https:\/\/us-places.com\/index.php\/lich-thi-dau\/\",\"url\":\"https:\/\/us-places.com\/index.php\/lich-thi-dau\/\",\"name\":\"L\u1ecbch Thi \u0110\u1ea5u\",\"isPartOf\":{\"@id\":\"https:\/\/us-places.com\/#website\"},\"primaryImageOfPage\":{\"@id\":\"https:\/\/us-places.com\/index.php\/lich-thi-dau\/#primaryimage\"},\"image\":{\"@id\":\"https:\/\/us-places.com\/index.php\/lich-thi-dau\/#primaryimage\"},\"thumbnailUrl\":\"https:\/\/us-places.com\/wp-content\/uploads\/2026\/03\/lich-thi-dau-4.jpg\",\"datePublished\":\"2026-03-13T15:17:28+00:00\",\"description\":\"L\u1ecbch thi \u0111\u1ea5u c\u1ee7a Xoilac gi\u00fap ng\u01b0\u1eddi h\u00e2m m\u1ed9 nhanh ch\u00f3ng bi\u1ebft h\u00f4m nay v\u00e0 nh\u1eefng ng\u00e0y t\u1edbi s\u00e2n c\u1ecf th\u1ebf gi\u1edbi s\u1ebd di\u1ec5n ra nh\u1eefng tr\u1eadn c\u1ea7u n\u00e0o\",\"breadcrumb\":{\"@id\":\"https:\/\/us-places.com\/index.php\/lich-thi-dau\/#breadcrumb\"},\"inLanguage\":\"vi\",\"potentialAction\":[{\"@type\":\"ReadAction\",\"target\":[\"https:\/\/us-places.com\/index.php\/lich-thi-dau\/\"]}]},{\"@type\":\"ImageObject\",\"inLanguage\":\"vi\",\"@id\":\"https:\/\/us-places.com\/index.php\/lich-thi-dau\/#primaryimage\",\"url\":\"https:\/\/us-places.com\/wp-content\/uploads\/2026\/03\/lich-thi-dau-4.jpg\",\"contentUrl\":\"https:\/\/us-places.com\/wp-content\/uploads\/2026\/03\/lich-thi-dau-4.jpg\",\"width\":800,\"height\":450,\"caption\":\"L\u1ecbch thi \u0111\u1ea5u\"},{\"@type\":\"BreadcrumbList\",\"@id\":\"https:\/\/us-places.com\/index.php\/lich-thi-dau\/#breadcrumb\",\"itemListElement\":[{\"@type\":\"ListItem\",\"position\":1,\"name\":\"Trang ch\u1ee7\",\"item\":\"https:\/\/us-places.com\/\"},{\"@type\":\"ListItem\",\"position\":2,\"name\":\"L\u1ecbch Thi \u0110\u1ea5u\"}]},{\"@type\":\"WebSite\",\"@id\":\"https:\/\/us-places.com\/#website\",\"url\":\"https:\/\/us-places.com\/\",\"name\":\"Xoilac TV - Tr\u1ef1c Ti\u1ebfp B\u00f3ng \u0110\u00e1 Full HD - Tructiepbongda 90phut\",\"description\":\"Xoilac TV\",\"publisher\":{\"@id\":\"https:\/\/us-places.com\/#organization\"},\"potentialAction\":[{\"@type\":\"SearchAction\",\"target\":{\"@type\":\"EntryPoint\",\"urlTemplate\":\"https:\/\/us-places.com\/?s={search_term_string}\"},\"query-input\":{\"@type\":\"PropertyValueSpecification\",\"valueRequired\":true,\"valueName\":\"search_term_string\"}}],\"inLanguage\":\"vi\"},{\"@type\":\"Organization\",\"@id\":\"https:\/\/us-places.com\/#organization\",\"name\":\"Xoilac TV\",\"alternateName\":\"Tr\u1ef1c ti\u1ebfp b\u00f3ng \u0111\u00e1 xoilac tv\",\"url\":\"https:\/\/us-places.com\/\",\"logo\":{\"@type\":\"ImageObject\",\"inLanguage\":\"vi\",\"@id\":\"https:\/\/us-places.com\/#\/schema\/logo\/image\/\",\"url\":\"https:\/\/us-places.com\/wp-content\/uploads\/2026\/04\/xoilac365-tv.png\",\"contentUrl\":\"https:\/\/us-places.com\/wp-content\/uploads\/2026\/04\/xoilac365-tv.png\",\"width\":512,\"height\":512,\"caption\":\"Xoilac TV\"},\"image\":{\"@id\":\"https:\/\/us-places.com\/#\/schema\/logo\/image\/\"}}]}<\/script>\n<!-- \/ Yoast SEO plugin. -->","yoast_head_json":{"title":"L\u1ecbch Thi \u0110\u1ea5u","description":"L\u1ecbch thi \u0111\u1ea5u c\u1ee7a Xoilac gi\u00fap ng\u01b0\u1eddi h\u00e2m m\u1ed9 nhanh ch\u00f3ng bi\u1ebft h\u00f4m nay v\u00e0 nh\u1eefng ng\u00e0y t\u1edbi s\u00e2n c\u1ecf th\u1ebf gi\u1edbi s\u1ebd di\u1ec5n ra nh\u1eefng tr\u1eadn c\u1ea7u n\u00e0o","robots":{"index":"index","follow":"follow","max-snippet":"max-snippet:-1","max-image-preview":"max-image-preview:large","max-video-preview":"max-video-preview:-1"},"canonical":"https:\/\/us-places.com\/index.php\/lich-thi-dau\/","og_locale":"vi_VN","og_type":"article","og_title":"L\u1ecbch Thi \u0110\u1ea5u","og_description":"L\u1ecbch thi \u0111\u1ea5u c\u1ee7a Xoilac gi\u00fap ng\u01b0\u1eddi h\u00e2m m\u1ed9 nhanh ch\u00f3ng bi\u1ebft h\u00f4m nay v\u00e0 nh\u1eefng ng\u00e0y t\u1edbi s\u00e2n c\u1ecf th\u1ebf gi\u1edbi s\u1ebd di\u1ec5n ra nh\u1eefng tr\u1eadn c\u1ea7u n\u00e0o","og_url":"https:\/\/us-places.com\/index.php\/lich-thi-dau\/","og_site_name":"Xoilac TV - Tr\u1ef1c Ti\u1ebfp B\u00f3ng \u0110\u00e1 Full HD - Tructiepbongda 90phut","og_image":[{"width":800,"height":450,"url":"https:\/\/us-places.com\/wp-content\/uploads\/2026\/03\/lich-thi-dau-4.jpg","type":"image\/jpeg"}],"twitter_card":"summary_large_image","twitter_misc":{"\u01af\u1edbc t\u00ednh th\u1eddi gian \u0111\u1ecdc":"7 ph\u00fat"},"schema":{"@context":"https:\/\/schema.org","@graph":[{"@type":"WebPage","@id":"https:\/\/us-places.com\/index.php\/lich-thi-dau\/","url":"https:\/\/us-places.com\/index.php\/lich-thi-dau\/","name":"L\u1ecbch Thi \u0110\u1ea5u","isPartOf":{"@id":"https:\/\/us-places.com\/#website"},"primaryImageOfPage":{"@id":"https:\/\/us-places.com\/index.php\/lich-thi-dau\/#primaryimage"},"image":{"@id":"https:\/\/us-places.com\/index.php\/lich-thi-dau\/#primaryimage"},"thumbnailUrl":"https:\/\/us-places.com\/wp-content\/uploads\/2026\/03\/lich-thi-dau-4.jpg","datePublished":"2026-03-13T15:17:28+00:00","description":"L\u1ecbch thi \u0111\u1ea5u c\u1ee7a Xoilac gi\u00fap ng\u01b0\u1eddi h\u00e2m m\u1ed9 nhanh ch\u00f3ng bi\u1ebft h\u00f4m nay v\u00e0 nh\u1eefng ng\u00e0y t\u1edbi s\u00e2n c\u1ecf th\u1ebf gi\u1edbi s\u1ebd di\u1ec5n ra nh\u1eefng tr\u1eadn c\u1ea7u n\u00e0o","breadcrumb":{"@id":"https:\/\/us-places.com\/index.php\/lich-thi-dau\/#breadcrumb"},"inLanguage":"vi","potentialAction":[{"@type":"ReadAction","target":["https:\/\/us-places.com\/index.php\/lich-thi-dau\/"]}]},{"@type":"ImageObject","inLanguage":"vi","@id":"https:\/\/us-places.com\/index.php\/lich-thi-dau\/#primaryimage","url":"https:\/\/us-places.com\/wp-content\/uploads\/2026\/03\/lich-thi-dau-4.jpg","contentUrl":"https:\/\/us-places.com\/wp-content\/uploads\/2026\/03\/lich-thi-dau-4.jpg","width":800,"height":450,"caption":"L\u1ecbch thi \u0111\u1ea5u"},{"@type":"BreadcrumbList","@id":"https:\/\/us-places.com\/index.php\/lich-thi-dau\/#breadcrumb","itemListElement":[{"@type":"ListItem","position":1,"name":"Trang ch\u1ee7","item":"https:\/\/us-places.com\/"},{"@type":"ListItem","position":2,"name":"L\u1ecbch Thi \u0110\u1ea5u"}]},{"@type":"WebSite","@id":"https:\/\/us-places.com\/#website","url":"https:\/\/us-places.com\/","name":"Xoilac TV - Tr\u1ef1c Ti\u1ebfp B\u00f3ng \u0110\u00e1 Full HD - Tructiepbongda 90phut","description":"Xoilac TV","publisher":{"@id":"https:\/\/us-places.com\/#organization"},"potentialAction":[{"@type":"SearchAction","target":{"@type":"EntryPoint","urlTemplate":"https:\/\/us-places.com\/?s={search_term_string}"},"query-input":{"@type":"PropertyValueSpecification","valueRequired":true,"valueName":"search_term_string"}}],"inLanguage":"vi"},{"@type":"Organization","@id":"https:\/\/us-places.com\/#organization","name":"Xoilac TV","alternateName":"Tr\u1ef1c ti\u1ebfp b\u00f3ng \u0111\u00e1 xoilac tv","url":"https:\/\/us-places.com\/","logo":{"@type":"ImageObject","inLanguage":"vi","@id":"https:\/\/us-places.com\/#\/schema\/logo\/image\/","url":"https:\/\/us-places.com\/wp-content\/uploads\/2026\/04\/xoilac365-tv.png","contentUrl":"https:\/\/us-places.com\/wp-content\/uploads\/2026\/04\/xoilac365-tv.png","width":512,"height":512,"caption":"Xoilac TV"},"image":{"@id":"https:\/\/us-places.com\/#\/schema\/logo\/image\/"}}]}},"_links":{"self":[{"href":"https:\/\/us-places.com\/index.php\/wp-json\/wp\/v2\/pages\/36","targetHints":{"allow":["GET"]}}],"collection":[{"href":"https:\/\/us-places.com\/index.php\/wp-json\/wp\/v2\/pages"}],"about":[{"href":"https:\/\/us-places.com\/index.php\/wp-json\/wp\/v2\/types\/page"}],"author":[{"embeddable":true,"href":"https:\/\/us-places.com\/index.php\/wp-json\/wp\/v2\/users\/1"}],"replies":[{"embeddable":true,"href":"https:\/\/us-places.com\/index.php\/wp-json\/wp\/v2\/comments?post=36"}],"version-history":[{"count":1,"href":"https:\/\/us-places.com\/index.php\/wp-json\/wp\/v2\/pages\/36\/revisions"}],"predecessor-version":[{"id":37,"href":"https:\/\/us-places.com\/index.php\/wp-json\/wp\/v2\/pages\/36\/revisions\/37"}],"wp:featuredmedia":[{"embeddable":true,"href":"https:\/\/us-places.com\/index.php\/wp-json\/wp\/v2\/media\/16"}],"wp:attachment":[{"href":"https:\/\/us-places.com\/index.php\/wp-json\/wp\/v2\/media?parent=36"}],"curies":[{"name":"wp","href":"https:\/\/api.w.org\/{rel}","templated":true}]}}