{"id":38,"date":"2026-03-13T15:18:41","date_gmt":"2026-03-13T15:18:41","guid":{"rendered":"https:\/\/us-places.com\/?page_id=38"},"modified":"2026-03-13T15:18:41","modified_gmt":"2026-03-13T15:18:41","slug":"bang-xep-hang","status":"publish","type":"page","link":"https:\/\/us-places.com\/index.php\/bang-xep-hang\/","title":{"rendered":"B\u1ea3ng X\u1ebfp H\u1ea1ng"},"content":{"rendered":"<p><span style=\"font-weight: 400;\">B\u1ea3ng x\u1ebfp h\u1ea1ng tr\u00ean <a href=\"\/\">Xoilac<\/a> m\u1edf ra g\u00f3c nh\u00ecn r\u00f5 r\u00e0ng v\u1ec1 cu\u1ed9c \u0111ua c\u1ee7a c\u00e1c \u0111\u1ed9i b\u00f3ng trong t\u1eebng gi\u1ea3i \u0111\u1ea5u. Ch\u1ec9 c\u1ea7n truy c\u1eadp chuy\u00ean m\u1ee5c n\u00e0y, ng\u01b0\u1eddi h\u00e2m m\u1ed9 c\u00f3 th\u1ec3 th\u1ea5y ngay v\u1ecb tr\u00ed, \u0111i\u1ec3m s\u1ed1 v\u00e0 s\u1ef1 thay \u0111\u1ed5i th\u1ee9 h\u1ea1ng sau m\u1ed7i v\u00f2ng \u0111\u1ea5u. Nh\u1edd \u0111\u00f3, di\u1ec5n bi\u1ebfn c\u1ee7a c\u1ea3 m\u00f9a gi\u1ea3i \u0111\u01b0\u1ee3c th\u1ec3 hi\u1ec7n m\u1ed9t c\u00e1ch tr\u1ef1c quan, gi\u00fap ng\u01b0\u1eddi xem d\u1ec5 d\u00e0ng theo d\u00f5i \u0111\u1ed9i b\u00f3ng m\u00ecnh quan t\u00e2m \u0111ang ti\u1ebfn l\u00ean hay t\u1ee5t l\u1ea1i trong cu\u1ed9c c\u1ea1nh tranh.<\/span><\/p>\n<h2><span style=\"font-weight: 400;\">Nh\u1eefng d\u1eef li\u1ec7u th\u00f4ng tin ch\u00ednh t\u1ea1i b\u1ea3ng x\u1ebfp h\u1ea1ng<\/span><\/h2>\n<p><span style=\"font-weight: 400;\">M\u1ed7i con s\u1ed1 trong b\u1ea3ng \u0111\u1ec1u ph\u1ea3n \u00e1nh h\u00e0nh tr\u00ecnh thi \u0111\u1ea5u c\u1ee7a \u0111\u1ed9i b\u00f3ng qua t\u1eebng v\u00f2ng \u0111\u1ea5u. Nh\u1edd v\u1eady, ng\u01b0\u1eddi xem c\u00f3 th\u1ec3 d\u1ec5 d\u00e0ng theo d\u00f5i phong \u0111\u1ed9, s\u1ee9c m\u1ea1nh v\u00e0 s\u1ef1 c\u1ea1nh tranh gi\u1eefa c\u00e1c c\u00e2u l\u1ea1c b\u1ed9 trong su\u1ed1t m\u00f9a gi\u1ea3i.<\/span><\/p>\n<figure id=\"attachment_19\" aria-describedby=\"caption-attachment-19\" style=\"width: 800px\" class=\"wp-caption aligncenter\"><img loading=\"lazy\" decoding=\"async\" class=\"size-full wp-image-19\" src=\"https:\/\/us-places.com\/wp-content\/uploads\/2026\/03\/bang-xep-hang-4-2.jpg\" alt=\"Nh\u1eefng d\u1eef li\u1ec7u th\u00f4ng tin ch\u00ednh t\u1ea1i b\u1ea3ng x\u1ebfp h\u1ea1ng\" width=\"800\" height=\"450\" srcset=\"https:\/\/us-places.com\/wp-content\/uploads\/2026\/03\/bang-xep-hang-4-2.jpg 800w, https:\/\/us-places.com\/wp-content\/uploads\/2026\/03\/bang-xep-hang-4-2-300x169.jpg 300w, https:\/\/us-places.com\/wp-content\/uploads\/2026\/03\/bang-xep-hang-4-2-768x432.jpg 768w\" sizes=\"auto, (max-width: 800px) 100vw, 800px\" \/><figcaption id=\"caption-attachment-19\" class=\"wp-caption-text\">Nh\u1eefng d\u1eef li\u1ec7u th\u00f4ng tin ch\u00ednh t\u1ea1i b\u1ea3ng x\u1ebfp h\u1ea1ng<\/figcaption><\/figure>\n<h3><span style=\"font-weight: 400;\">S\u1ed1 tr\u1eadn \u0111\u00e3 \u0111\u1ea5u<\/span><\/h3>\n<p><span style=\"font-weight: 400;\">S\u1ed1 tr\u1eadn \u0111\u00e3 \u0111\u1ea5u l\u00e0 th\u00f4ng tin c\u01a1 b\u1ea3n nh\u01b0ng r\u1ea5t quan tr\u1ecdng trong b\u1ea3ng x\u1ebfp h\u1ea1ng. Ch\u1ec9 s\u1ed1 n\u00e0y cho bi\u1ebft m\u1ed7i \u0111\u1ed9i b\u00f3ng \u0111\u00e3 tham gia bao nhi\u00eau tr\u1eadn t\u1ea1i gi\u1ea3i \u0111\u1ea5u hi\u1ec7n t\u1ea1i. Nh\u1edd d\u1eef li\u1ec7u n\u00e0y, ng\u01b0\u1eddi xem c\u00f3 th\u1ec3 \u0111\u00e1nh gi\u00e1 s\u1ef1 c\u00f4ng b\u1eb1ng trong d\u1eef li\u1ec7u \u0111\u01b0\u1ee3c hi\u1ec3n th\u1ecb, \u0111\u1eb7c bi\u1ec7t trong tr\u01b0\u1eddng h\u1ee3p m\u1ed9t s\u1ed1 \u0111\u1ed9i thi \u0111\u1ea5u \u00edt ho\u1eb7c nhi\u1ec1u tr\u1eadn h\u01a1n do l\u1ecbch thi \u0111\u1ea5u kh\u00e1c nhau.<\/span><\/p>\n<p><span style=\"font-weight: 400;\">Ngo\u00e0i ra, s\u1ed1 tr\u1eadn \u0111\u00e3 \u0111\u1ea5u c\u00f2n gi\u00fap ng\u01b0\u1eddi h\u00e2m m\u1ed9 d\u1ef1 \u0111o\u00e1n \u0111\u01b0\u1ee3c qu\u00e3ng \u0111\u01b0\u1eddng c\u00f2n l\u1ea1i c\u1ee7a m\u00f9a gi\u1ea3i. Khi m\u1ed9t \u0111\u1ed9i \u0111\u00e3 thi \u0111\u1ea5u nhi\u1ec1u tr\u1eadn nh\u01b0ng v\u1eabn gi\u1eef v\u1ecb tr\u00ed cao, \u0111i\u1ec1u \u0111\u00f3 cho th\u1ea5y phong \u0111\u1ed9 \u1ed5n \u0111\u1ecbnh v\u00e0 kh\u1ea3 n\u0103ng duy tr\u00ec th\u00e0nh t\u00edch trong th\u1eddi gian d\u00e0i.<\/span><\/p>\n<h3><span style=\"font-weight: 400;\">K\u1ebft qu\u1ea3 th\u1eafng \u2013 thua \u2013 h\u00f2a<\/span><\/h3>\n<p><span style=\"font-weight: 400;\">M\u1ed9t d\u1eef li\u1ec7u quan tr\u1ecdng kh\u00e1c tr\u00ean b\u1ea3ng x\u1ebfp h\u1ea1ng l\u00e0 th\u1ed1ng k\u00ea s\u1ed1 tr\u1eadn th\u1eafng, h\u00f2a v\u00e0 thua c\u1ee7a t\u1eebng \u0111\u1ed9i b\u00f3ng. Nh\u1eefng con s\u1ed1 n\u00e0y ph\u1ea3n \u00e1nh tr\u1ef1c ti\u1ebfp phong \u0111\u1ed9 thi \u0111\u1ea5u v\u00e0 kh\u1ea3 n\u0103ng c\u1ea1nh tranh c\u1ee7a m\u1ed7i c\u00e2u l\u1ea1c b\u1ed9 trong gi\u1ea3i \u0111\u1ea5u.<\/span><\/p>\n<p><span style=\"font-weight: 400;\">\u0110\u1ed9i b\u00f3ng c\u00f3 nhi\u1ec1u chi\u1ebfn th\u1eafng th\u01b0\u1eddng s\u1edf h\u1eefu l\u1ee3i th\u1ebf l\u1edbn trong cu\u1ed9c \u0111ua \u0111i\u1ec3m s\u1ed1. Trong khi \u0111\u00f3, c\u00e1c tr\u1eadn h\u00f2a ho\u1eb7c th\u1ea5t b\u1ea1i s\u1ebd \u1ea3nh h\u01b0\u1edfng \u0111\u00e1ng k\u1ec3 \u0111\u1ebfn v\u1ecb tr\u00ed. Nh\u1edd theo d\u00f5i c\u00e1c th\u1ed1ng k\u00ea n\u00e0y, ng\u01b0\u1eddi h\u00e2m m\u1ed9 c\u00f3 th\u1ec3 nh\u1eadn ra \u0111\u1ed9i b\u00f3ng n\u00e0o \u0111ang duy tr\u00ec phong \u0111\u1ed9 t\u1ed1t v\u00e0 \u0111\u1ed9i n\u00e0o c\u1ea7n c\u1ea3i thi\u1ec7n k\u1ebft qu\u1ea3 thi \u0111\u1ea5u.<\/span><\/p>\n<h3><span style=\"font-weight: 400;\">B\u1ea3ng x\u1ebfp h\u1ea1ng th\u1ec3 hi\u1ec7n b\u00e0n th\u1eafng v\u00e0 t\u1ed5ng \u0111i\u1ec3m<\/span><\/h3>\n<p><span style=\"font-weight: 400;\">B\u00ean c\u1ea1nh k\u1ebft qu\u1ea3 thi \u0111\u1ea5u, BXH c\u0169ng hi\u1ec3n th\u1ecb s\u1ed1 b\u00e0n th\u1eafng ghi \u0111\u01b0\u1ee3c, s\u1ed1 b\u00e0n thua v\u00e0 t\u1ed5ng \u0111i\u1ec3m c\u1ee7a m\u1ed7i \u0111\u1ed9i. \u0110\u00e2y l\u00e0 nh\u1eefng y\u1ebfu t\u1ed1 quan tr\u1ecdng quy\u1ebft \u0111\u1ecbnh th\u1ee9 h\u1ea1ng c\u1ee7a c\u00e1c c\u00e2u l\u1ea1c b\u1ed9.<\/span><\/p>\n<p><span style=\"font-weight: 400;\">S\u1ed1 b\u00e0n th\u1eafng ph\u1ea3n \u00e1nh kh\u1ea3 n\u0103ng t\u1ea5n c\u00f4ng, trong khi s\u1ed1 b\u00e0n thua cho th\u1ea5y m\u1ee9c \u0111\u1ed9 ch\u1eafc ch\u1eafn c\u1ee7a h\u00e0ng ph\u00f2ng ng\u1ef1. T\u1ed5ng \u0111i\u1ec3m l\u1ea1i l\u00e0 ch\u1ec9 s\u1ed1 then ch\u1ed1t \u0111\u1ec3 x\u00e1c \u0111\u1ecbnh v\u1ecb tr\u00ed c\u1ee7a \u0111\u1ed9i b\u00f3ng. Khi hai \u0111\u1ed9i c\u00f3 c\u00f9ng \u0111i\u1ec3m s\u1ed1, hi\u1ec7u s\u1ed1 b\u00e0n th\u1eafng b\u1ea1i th\u01b0\u1eddng \u0111\u01b0\u1ee3c s\u1eed d\u1ee5ng \u0111\u1ec3 ph\u00e2n \u0111\u1ecbnh th\u1ee9 h\u1ea1ng.<\/span><\/p>\n<h3><span style=\"font-weight: 400;\">Phong \u0111\u1ed9 chi ti\u1ebft<\/span><\/h3>\n<p><span style=\"font-weight: 400;\">M\u1ed9t s\u1ed1 b\u1ea3ng x\u1ebfp h\u1ea1ng c\u00f2n cung c\u1ea5p th\u00eam th\u00f4ng tin v\u1ec1 phong \u0111\u1ed9 thi \u0111\u1ea5u g\u1ea7n \u0111\u00e2y c\u1ee7a c\u00e1c \u0111\u1ed9i b\u00f3ng. D\u1eef li\u1ec7u n\u00e0y th\u01b0\u1eddng \u0111\u01b0\u1ee3c th\u1ec3 hi\u1ec7n b\u1eb1ng chu\u1ed7i k\u1ebft qu\u1ea3 trong v\u00e0i tr\u1eadn g\u1ea7n nh\u1ea5t, gi\u00fap ng\u01b0\u1eddi xem nhanh ch\u00f3ng nh\u1eadn ra \u0111\u1ed9i n\u00e0o \u0111ang c\u00f3 phong \u0111\u1ed9 t\u1ed1t.<\/span><\/p>\n<p><span style=\"font-weight: 400;\">Th\u00f4ng qua ph\u1ea7n phong \u0111\u1ed9 chi ti\u1ebft, ng\u01b0\u1eddi h\u00e2m m\u1ed9 c\u00f3 th\u1ec3 \u0111\u00e1nh gi\u00e1 xu h\u01b0\u1edbng thi \u0111\u1ea5u c\u1ee7a t\u1eebng c\u00e2u l\u1ea1c b\u1ed9. M\u1ed9t \u0111\u1ed9i b\u00f3ng c\u00f3 chu\u1ed7i chi\u1ebfn th\u1eafng li\u00ean ti\u1ebfp th\u01b0\u1eddng t\u1ea1o ra l\u1ee3i th\u1ebf l\u1edbn trong cu\u1ed9c \u0111ua th\u1ee9 h\u1ea1ng, trong khi chu\u1ed7i tr\u1eadn kh\u00f4ng th\u1eafng c\u00f3 th\u1ec3 khi\u1ebfn h\u1ecd t\u1ee5t l\u1ea1i ph\u00eda sau tr\u00ean BXH.<\/span><\/p>\n<h2><span style=\"font-weight: 400;\">C\u00e1ch tra c\u1ee9u b\u1ea3ng x\u1ebfp h\u1ea1ng Xoilac<\/span><\/h2>\n<p><span style=\"font-weight: 400;\">\u0110\u1ec3 theo d\u00f5i BXH tr\u00ean Xoilac m\u1ed9t c\u00e1ch nhanh ch\u00f3ng v\u00e0 ch\u00ednh x\u00e1c, ng\u01b0\u1eddi d\u00f9ng ch\u1ec9 c\u1ea7n th\u1ef1c hi\u1ec7n v\u00e0i b\u01b0\u1edbc \u0111\u01a1n gi\u1ea3n. Giao di\u1ec7n c\u1ee7a website \u0111\u01b0\u1ee3c thi\u1ebft k\u1ebf r\u00f5 r\u00e0ng, gi\u00fap ng\u01b0\u1eddi h\u00e2m m\u1ed9 d\u1ec5 d\u00e0ng t\u00ecm ki\u1ebfm th\u00f4ng tin v\u1ec1 v\u1ecb tr\u00ed, \u0111i\u1ec3m s\u1ed1 v\u00e0 phong \u0111\u1ed9 c\u1ee7a c\u00e1c \u0111\u1ed9i b\u00f3ng trong nhi\u1ec1u gi\u1ea3i \u0111\u1ea5u kh\u00e1c nhau.<\/span><\/p>\n<figure id=\"attachment_18\" aria-describedby=\"caption-attachment-18\" style=\"width: 800px\" class=\"wp-caption aligncenter\"><img loading=\"lazy\" decoding=\"async\" class=\"size-full wp-image-18\" src=\"https:\/\/us-places.com\/wp-content\/uploads\/2026\/03\/bang-xep-hang-4-1.jpg\" alt=\"C\u00e1ch tra c\u1ee9u b\u1ea3ng x\u1ebfp h\u1ea1ng Xoilac\" width=\"800\" height=\"450\" srcset=\"https:\/\/us-places.com\/wp-content\/uploads\/2026\/03\/bang-xep-hang-4-1.jpg 800w, https:\/\/us-places.com\/wp-content\/uploads\/2026\/03\/bang-xep-hang-4-1-300x169.jpg 300w, https:\/\/us-places.com\/wp-content\/uploads\/2026\/03\/bang-xep-hang-4-1-768x432.jpg 768w\" sizes=\"auto, (max-width: 800px) 100vw, 800px\" \/><figcaption id=\"caption-attachment-18\" class=\"wp-caption-text\">C\u00e1ch tra c\u1ee9u b\u1ea3ng x\u1ebfp h\u1ea1ng Xoilac<\/figcaption><\/figure>\n<p><span style=\"font-weight: 400;\">Tr\u01b0\u1edbc h\u1ebft, b\u1ea1n c\u1ea7n truy c\u1eadp v\u00e0o trang web Xoilac b\u1eb1ng thi\u1ebft b\u1ecb c\u00f3 k\u1ebft n\u1ed1i internet nh\u01b0 \u0111i\u1ec7n tho\u1ea1i, m\u00e1y t\u00ednh ho\u1eb7c m\u00e1y t\u00ednh b\u1ea3ng. Sau khi v\u00e0o trang ch\u1ee7, h\u00e3y t\u00ecm \u0111\u1ebfn chuy\u00ean m\u1ee5c B\u1ea3ng x\u1ebfp h\u1ea1ng tr\u00ean thanh menu ch\u00ednh. \u0110\u00e2y l\u00e0 khu v\u1ef1c t\u1ed5ng h\u1ee3p d\u1eef li\u1ec7u v\u1ec1 th\u1ee9 h\u1ea1ng c\u1ee7a c\u00e1c \u0111\u1ed9i b\u00f3ng \u1edf nhi\u1ec1u gi\u1ea3i \u0111\u1ea5u l\u1edbn nh\u1ecf.<\/span><\/p>\n<p><span style=\"font-weight: 400;\">Ti\u1ebfp theo, ng\u01b0\u1eddi d\u00f9ng c\u00f3 th\u1ec3 l\u1ef1a ch\u1ecdn gi\u1ea3i \u0111\u1ea5u m\u00e0 m\u00ecnh mu\u1ed1n theo d\u00f5i. H\u1ec7 th\u1ed1ng th\u01b0\u1eddng cung c\u1ea5p b\u1ea3ng x\u1ebfp h\u1ea1ng c\u1ee7a nhi\u1ec1u gi\u1ea3i b\u00f3ng \u0111\u00e1 n\u1ed5i b\u1eadt nh\u01b0 Ngo\u1ea1i h\u1ea1ng Anh, La Liga, Serie A, Bundesliga hay Champions League. Khi nh\u1ea5p v\u00e0o t\u1eebng gi\u1ea3i \u0111\u1ea5u, b\u1ea3ng x\u1ebfp h\u1ea1ng chi ti\u1ebft s\u1ebd hi\u1ec3n th\u1ecb v\u1edbi c\u00e1c th\u00f4ng tin nh\u01b0 v\u1ecb tr\u00ed \u0111\u1ed9i b\u00f3ng, s\u1ed1 tr\u1eadn \u0111\u00e3 \u0111\u1ea5u, s\u1ed1 \u0111i\u1ec3m v\u00e0 hi\u1ec7u s\u1ed1 b\u00e0n th\u1eafng b\u1ea1i.<\/span><\/p>\n<p><span style=\"font-weight: 400;\">Ngo\u00e0i ra, ng\u01b0\u1eddi xem c\u0169ng c\u00f3 th\u1ec3 k\u00e9o trang \u0111\u1ec3 t\u00ecm \u0111\u1ed9i b\u00f3ng m\u00ecnh quan t\u00e2m ho\u1eb7c so s\u00e1nh th\u1ee9 h\u1ea1ng gi\u1eefa c\u00e1c c\u00e2u l\u1ea1c b\u1ed9. C\u00e1c d\u1eef li\u1ec7u tr\u00ean b\u1ea3ng x\u1ebfp h\u1ea1ng th\u01b0\u1eddng \u0111\u01b0\u1ee3c c\u1eadp nh\u1eadt sau m\u1ed7i v\u00f2ng \u0111\u1ea5u, v\u00ec v\u1eady vi\u1ec7c truy c\u1eadp th\u01b0\u1eddng xuy\u00ean s\u1ebd gi\u00fap b\u1ea1n n\u1eafm b\u1eaft s\u1ef1 thay \u0111\u1ed5i v\u1ecb tr\u00ed c\u1ee7a c\u00e1c \u0111\u1ed9i m\u1ed9t c\u00e1ch k\u1ecbp th\u1eddi.<\/span><\/p>\n<p>Xem th\u00eam: <a href=\"\/lich-thi-dau\/\">L\u1ecbch Thi \u0110\u1ea5u<\/a><\/p>\n<h2><span style=\"font-weight: 400;\">L\u1eddi k\u1ebft<\/span><\/h2>\n<p><span style=\"font-weight: 400;\">Kh\u00e9p l\u1ea1i, <a href=\"\/bang-xep-hang\/\">b\u1ea3ng x\u1ebfp h\u1ea1ng<\/a> tr\u00ean Xoilac kh\u00f4ng ch\u1ec9 l\u00e0 n\u01a1i hi\u1ec3n th\u1ecb v\u1ecb tr\u00ed c\u00e1c \u0111\u1ed9i b\u00f3ng m\u00e0 c\u00f2n ph\u1ea3n \u00e1nh nh\u1ecbp c\u1ea1nh tranh c\u1ee7a c\u1ea3 m\u00f9a gi\u1ea3i. T\u1eebng \u0111i\u1ec3m s\u1ed1, hi\u1ec7u s\u1ed1 hay chu\u1ed7i phong \u0111\u1ed9 \u0111\u1ec1u g\u00f3p ph\u1ea7n v\u1ebd n\u00ean b\u1ee9c tranh r\u00f5 n\u00e9t v\u1ec1 cu\u1ed9c \u0111ua tr\u00ean s\u00e2n c\u1ecf. Nh\u1edd c\u1eadp nh\u1eadt nhanh v\u00e0 tr\u00ecnh b\u00e0y tr\u1ef1c quan, ng\u01b0\u1eddi h\u00e2m m\u1ed9 c\u00f3 th\u1ec3 d\u1ec5 d\u00e0ng theo d\u00f5i s\u1ef1 th\u0103ng tr\u1ea7m c\u1ee7a c\u00e1c c\u00e2u l\u1ea1c b\u1ed9 m\u00ecnh quan t\u00e2m.<\/span><\/p>\n","protected":false},"excerpt":{"rendered":"<p>B\u1ea3ng x\u1ebfp h\u1ea1ng tr\u00ean Xoilac m\u1edf ra g\u00f3c nh\u00ecn r\u00f5 r\u00e0ng v\u1ec1 cu\u1ed9c \u0111ua c\u1ee7a c\u00e1c \u0111\u1ed9i b\u00f3ng trong t\u1eebng gi\u1ea3i \u0111\u1ea5u. Ch\u1ec9 c\u1ea7n truy c\u1eadp chuy\u00ean m\u1ee5c n\u00e0y, ng\u01b0\u1eddi h\u00e2m m\u1ed9 c\u00f3 th\u1ec3 th\u1ea5y ngay v\u1ecb tr\u00ed, \u0111i\u1ec3m s\u1ed1 v\u00e0 s\u1ef1 thay \u0111\u1ed5i th\u1ee9 h\u1ea1ng sau m\u1ed7i v\u00f2ng \u0111\u1ea5u. Nh\u1edd \u0111\u00f3, di\u1ec5n bi\u1ebfn c\u1ee7a [&#8230;]\n","protected":false},"author":1,"featured_media":12,"parent":0,"menu_order":0,"comment_status":"closed","ping_status":"closed","template":"","meta":{"footnotes":""},"class_list":["post-38","page","type-page","status-publish","has-post-thumbnail","hentry"],"yoast_head":"<!-- This site is optimized with the Yoast SEO plugin v27.1.1 - https:\/\/yoast.com\/product\/yoast-seo-wordpress\/ -->\n<title>B\u1ea3ng X\u1ebfp H\u1ea1ng<\/title>\n<meta name=\"description\" content=\"B\u1ea3ng x\u1ebfp h\u1ea1ng tr\u00ean Xoilac gi\u00fap ng\u01b0\u1eddi h\u00e2m m\u1ed9 nhanh ch\u00f3ng n\u1eafm b\u1eaft v\u1ecb tr\u00ed, \u0111i\u1ec3m s\u1ed1 v\u00e0 s\u1ef1 c\u1ea1nh tranh gi\u1eefa c\u00e1c \u0111\u1ed9i b\u00f3ng t\u1ea1i nhi\u1ec1u gi\u1ea3i \u0111\u1ea5u h\u1ea5p d\u1eabn\" \/>\n<meta name=\"robots\" content=\"index, follow, max-snippet:-1, max-image-preview:large, max-video-preview:-1\" \/>\n<link rel=\"canonical\" href=\"https:\/\/us-places.com\/index.php\/bang-xep-hang\/\" \/>\n<meta property=\"og:locale\" content=\"vi_VN\" \/>\n<meta property=\"og:type\" content=\"article\" \/>\n<meta property=\"og:title\" content=\"B\u1ea3ng X\u1ebfp H\u1ea1ng\" \/>\n<meta property=\"og:description\" content=\"B\u1ea3ng x\u1ebfp h\u1ea1ng tr\u00ean Xoilac gi\u00fap ng\u01b0\u1eddi h\u00e2m m\u1ed9 nhanh ch\u00f3ng n\u1eafm b\u1eaft v\u1ecb tr\u00ed, \u0111i\u1ec3m s\u1ed1 v\u00e0 s\u1ef1 c\u1ea1nh tranh gi\u1eefa c\u00e1c \u0111\u1ed9i b\u00f3ng t\u1ea1i nhi\u1ec1u gi\u1ea3i \u0111\u1ea5u h\u1ea5p d\u1eabn\" \/>\n<meta property=\"og:url\" content=\"https:\/\/us-places.com\/index.php\/bang-xep-hang\/\" \/>\n<meta property=\"og:site_name\" content=\"Xoilac TV - Tr\u1ef1c Ti\u1ebfp B\u00f3ng \u0110\u00e1 Full HD - Tructiepbongda 90phut\" \/>\n<meta property=\"og:image\" content=\"https:\/\/us-places.com\/wp-content\/uploads\/2026\/03\/bang-xep-hang-4.jpg\" \/>\n\t<meta property=\"og:image:width\" content=\"800\" \/>\n\t<meta property=\"og:image:height\" content=\"450\" \/>\n\t<meta property=\"og:image:type\" content=\"image\/jpeg\" \/>\n<meta name=\"twitter:card\" content=\"summary_large_image\" \/>\n<meta name=\"twitter:label1\" content=\"\u01af\u1edbc t\u00ednh th\u1eddi gian \u0111\u1ecdc\" \/>\n\t<meta name=\"twitter:data1\" content=\"6 ph\u00fat\" \/>\n<script type=\"application\/ld+json\" class=\"yoast-schema-graph\">{\"@context\":\"https:\/\/schema.org\",\"@graph\":[{\"@type\":\"WebPage\",\"@id\":\"https:\/\/us-places.com\/index.php\/bang-xep-hang\/\",\"url\":\"https:\/\/us-places.com\/index.php\/bang-xep-hang\/\",\"name\":\"B\u1ea3ng X\u1ebfp H\u1ea1ng\",\"isPartOf\":{\"@id\":\"https:\/\/us-places.com\/#website\"},\"primaryImageOfPage\":{\"@id\":\"https:\/\/us-places.com\/index.php\/bang-xep-hang\/#primaryimage\"},\"image\":{\"@id\":\"https:\/\/us-places.com\/index.php\/bang-xep-hang\/#primaryimage\"},\"thumbnailUrl\":\"https:\/\/us-places.com\/wp-content\/uploads\/2026\/03\/bang-xep-hang-4.jpg\",\"datePublished\":\"2026-03-13T15:18:41+00:00\",\"description\":\"B\u1ea3ng x\u1ebfp h\u1ea1ng tr\u00ean Xoilac gi\u00fap ng\u01b0\u1eddi h\u00e2m m\u1ed9 nhanh ch\u00f3ng n\u1eafm b\u1eaft v\u1ecb tr\u00ed, \u0111i\u1ec3m s\u1ed1 v\u00e0 s\u1ef1 c\u1ea1nh tranh gi\u1eefa c\u00e1c \u0111\u1ed9i b\u00f3ng t\u1ea1i nhi\u1ec1u gi\u1ea3i \u0111\u1ea5u h\u1ea5p d\u1eabn\",\"breadcrumb\":{\"@id\":\"https:\/\/us-places.com\/index.php\/bang-xep-hang\/#breadcrumb\"},\"inLanguage\":\"vi\",\"potentialAction\":[{\"@type\":\"ReadAction\",\"target\":[\"https:\/\/us-places.com\/index.php\/bang-xep-hang\/\"]}]},{\"@type\":\"ImageObject\",\"inLanguage\":\"vi\",\"@id\":\"https:\/\/us-places.com\/index.php\/bang-xep-hang\/#primaryimage\",\"url\":\"https:\/\/us-places.com\/wp-content\/uploads\/2026\/03\/bang-xep-hang-4.jpg\",\"contentUrl\":\"https:\/\/us-places.com\/wp-content\/uploads\/2026\/03\/bang-xep-hang-4.jpg\",\"width\":800,\"height\":450,\"caption\":\"B\u1ea3ng x\u1ebfp h\u1ea1ng\"},{\"@type\":\"BreadcrumbList\",\"@id\":\"https:\/\/us-places.com\/index.php\/bang-xep-hang\/#breadcrumb\",\"itemListElement\":[{\"@type\":\"ListItem\",\"position\":1,\"name\":\"Trang ch\u1ee7\",\"item\":\"https:\/\/us-places.com\/\"},{\"@type\":\"ListItem\",\"position\":2,\"name\":\"B\u1ea3ng X\u1ebfp H\u1ea1ng\"}]},{\"@type\":\"WebSite\",\"@id\":\"https:\/\/us-places.com\/#website\",\"url\":\"https:\/\/us-places.com\/\",\"name\":\"Xoilac TV - Tr\u1ef1c Ti\u1ebfp B\u00f3ng \u0110\u00e1 Full HD - Tructiepbongda 90phut\",\"description\":\"Xoilac TV\",\"publisher\":{\"@id\":\"https:\/\/us-places.com\/#organization\"},\"potentialAction\":[{\"@type\":\"SearchAction\",\"target\":{\"@type\":\"EntryPoint\",\"urlTemplate\":\"https:\/\/us-places.com\/?s={search_term_string}\"},\"query-input\":{\"@type\":\"PropertyValueSpecification\",\"valueRequired\":true,\"valueName\":\"search_term_string\"}}],\"inLanguage\":\"vi\"},{\"@type\":\"Organization\",\"@id\":\"https:\/\/us-places.com\/#organization\",\"name\":\"Xoilac TV\",\"alternateName\":\"Tr\u1ef1c ti\u1ebfp b\u00f3ng \u0111\u00e1 xoilac tv\",\"url\":\"https:\/\/us-places.com\/\",\"logo\":{\"@type\":\"ImageObject\",\"inLanguage\":\"vi\",\"@id\":\"https:\/\/us-places.com\/#\/schema\/logo\/image\/\",\"url\":\"https:\/\/us-places.com\/wp-content\/uploads\/2026\/04\/xoilac365-tv.png\",\"contentUrl\":\"https:\/\/us-places.com\/wp-content\/uploads\/2026\/04\/xoilac365-tv.png\",\"width\":512,\"height\":512,\"caption\":\"Xoilac TV\"},\"image\":{\"@id\":\"https:\/\/us-places.com\/#\/schema\/logo\/image\/\"}}]}<\/script>\n<!-- \/ Yoast SEO plugin. -->","yoast_head_json":{"title":"B\u1ea3ng X\u1ebfp H\u1ea1ng","description":"B\u1ea3ng x\u1ebfp h\u1ea1ng tr\u00ean Xoilac gi\u00fap ng\u01b0\u1eddi h\u00e2m m\u1ed9 nhanh ch\u00f3ng n\u1eafm b\u1eaft v\u1ecb tr\u00ed, \u0111i\u1ec3m s\u1ed1 v\u00e0 s\u1ef1 c\u1ea1nh tranh gi\u1eefa c\u00e1c \u0111\u1ed9i b\u00f3ng t\u1ea1i nhi\u1ec1u gi\u1ea3i \u0111\u1ea5u h\u1ea5p d\u1eabn","robots":{"index":"index","follow":"follow","max-snippet":"max-snippet:-1","max-image-preview":"max-image-preview:large","max-video-preview":"max-video-preview:-1"},"canonical":"https:\/\/us-places.com\/index.php\/bang-xep-hang\/","og_locale":"vi_VN","og_type":"article","og_title":"B\u1ea3ng X\u1ebfp H\u1ea1ng","og_description":"B\u1ea3ng x\u1ebfp h\u1ea1ng tr\u00ean Xoilac gi\u00fap ng\u01b0\u1eddi h\u00e2m m\u1ed9 nhanh ch\u00f3ng n\u1eafm b\u1eaft v\u1ecb tr\u00ed, \u0111i\u1ec3m s\u1ed1 v\u00e0 s\u1ef1 c\u1ea1nh tranh gi\u1eefa c\u00e1c \u0111\u1ed9i b\u00f3ng t\u1ea1i nhi\u1ec1u gi\u1ea3i \u0111\u1ea5u h\u1ea5p d\u1eabn","og_url":"https:\/\/us-places.com\/index.php\/bang-xep-hang\/","og_site_name":"Xoilac TV - Tr\u1ef1c Ti\u1ebfp B\u00f3ng \u0110\u00e1 Full HD - Tructiepbongda 90phut","og_image":[{"width":800,"height":450,"url":"https:\/\/us-places.com\/wp-content\/uploads\/2026\/03\/bang-xep-hang-4.jpg","type":"image\/jpeg"}],"twitter_card":"summary_large_image","twitter_misc":{"\u01af\u1edbc t\u00ednh th\u1eddi gian \u0111\u1ecdc":"6 ph\u00fat"},"schema":{"@context":"https:\/\/schema.org","@graph":[{"@type":"WebPage","@id":"https:\/\/us-places.com\/index.php\/bang-xep-hang\/","url":"https:\/\/us-places.com\/index.php\/bang-xep-hang\/","name":"B\u1ea3ng X\u1ebfp H\u1ea1ng","isPartOf":{"@id":"https:\/\/us-places.com\/#website"},"primaryImageOfPage":{"@id":"https:\/\/us-places.com\/index.php\/bang-xep-hang\/#primaryimage"},"image":{"@id":"https:\/\/us-places.com\/index.php\/bang-xep-hang\/#primaryimage"},"thumbnailUrl":"https:\/\/us-places.com\/wp-content\/uploads\/2026\/03\/bang-xep-hang-4.jpg","datePublished":"2026-03-13T15:18:41+00:00","description":"B\u1ea3ng x\u1ebfp h\u1ea1ng tr\u00ean Xoilac gi\u00fap ng\u01b0\u1eddi h\u00e2m m\u1ed9 nhanh ch\u00f3ng n\u1eafm b\u1eaft v\u1ecb tr\u00ed, \u0111i\u1ec3m s\u1ed1 v\u00e0 s\u1ef1 c\u1ea1nh tranh gi\u1eefa c\u00e1c \u0111\u1ed9i b\u00f3ng t\u1ea1i nhi\u1ec1u gi\u1ea3i \u0111\u1ea5u h\u1ea5p d\u1eabn","breadcrumb":{"@id":"https:\/\/us-places.com\/index.php\/bang-xep-hang\/#breadcrumb"},"inLanguage":"vi","potentialAction":[{"@type":"ReadAction","target":["https:\/\/us-places.com\/index.php\/bang-xep-hang\/"]}]},{"@type":"ImageObject","inLanguage":"vi","@id":"https:\/\/us-places.com\/index.php\/bang-xep-hang\/#primaryimage","url":"https:\/\/us-places.com\/wp-content\/uploads\/2026\/03\/bang-xep-hang-4.jpg","contentUrl":"https:\/\/us-places.com\/wp-content\/uploads\/2026\/03\/bang-xep-hang-4.jpg","width":800,"height":450,"caption":"B\u1ea3ng x\u1ebfp h\u1ea1ng"},{"@type":"BreadcrumbList","@id":"https:\/\/us-places.com\/index.php\/bang-xep-hang\/#breadcrumb","itemListElement":[{"@type":"ListItem","position":1,"name":"Trang ch\u1ee7","item":"https:\/\/us-places.com\/"},{"@type":"ListItem","position":2,"name":"B\u1ea3ng X\u1ebfp H\u1ea1ng"}]},{"@type":"WebSite","@id":"https:\/\/us-places.com\/#website","url":"https:\/\/us-places.com\/","name":"Xoilac TV - Tr\u1ef1c Ti\u1ebfp B\u00f3ng \u0110\u00e1 Full HD - Tructiepbongda 90phut","description":"Xoilac TV","publisher":{"@id":"https:\/\/us-places.com\/#organization"},"potentialAction":[{"@type":"SearchAction","target":{"@type":"EntryPoint","urlTemplate":"https:\/\/us-places.com\/?s={search_term_string}"},"query-input":{"@type":"PropertyValueSpecification","valueRequired":true,"valueName":"search_term_string"}}],"inLanguage":"vi"},{"@type":"Organization","@id":"https:\/\/us-places.com\/#organization","name":"Xoilac TV","alternateName":"Tr\u1ef1c ti\u1ebfp b\u00f3ng \u0111\u00e1 xoilac tv","url":"https:\/\/us-places.com\/","logo":{"@type":"ImageObject","inLanguage":"vi","@id":"https:\/\/us-places.com\/#\/schema\/logo\/image\/","url":"https:\/\/us-places.com\/wp-content\/uploads\/2026\/04\/xoilac365-tv.png","contentUrl":"https:\/\/us-places.com\/wp-content\/uploads\/2026\/04\/xoilac365-tv.png","width":512,"height":512,"caption":"Xoilac TV"},"image":{"@id":"https:\/\/us-places.com\/#\/schema\/logo\/image\/"}}]}},"_links":{"self":[{"href":"https:\/\/us-places.com\/index.php\/wp-json\/wp\/v2\/pages\/38","targetHints":{"allow":["GET"]}}],"collection":[{"href":"https:\/\/us-places.com\/index.php\/wp-json\/wp\/v2\/pages"}],"about":[{"href":"https:\/\/us-places.com\/index.php\/wp-json\/wp\/v2\/types\/page"}],"author":[{"embeddable":true,"href":"https:\/\/us-places.com\/index.php\/wp-json\/wp\/v2\/users\/1"}],"replies":[{"embeddable":true,"href":"https:\/\/us-places.com\/index.php\/wp-json\/wp\/v2\/comments?post=38"}],"version-history":[{"count":1,"href":"https:\/\/us-places.com\/index.php\/wp-json\/wp\/v2\/pages\/38\/revisions"}],"predecessor-version":[{"id":39,"href":"https:\/\/us-places.com\/index.php\/wp-json\/wp\/v2\/pages\/38\/revisions\/39"}],"wp:featuredmedia":[{"embeddable":true,"href":"https:\/\/us-places.com\/index.php\/wp-json\/wp\/v2\/media\/12"}],"wp:attachment":[{"href":"https:\/\/us-places.com\/index.php\/wp-json\/wp\/v2\/media?parent=38"}],"curies":[{"name":"wp","href":"https:\/\/api.w.org\/{rel}","templated":true}]}}